{"id":1326,"date":"2020-12-10T23:04:28","date_gmt":"2020-12-10T23:04:28","guid":{"rendered":"http:\/\/mattzobricks.com\/?page_id=1326"},"modified":"2025-03-07T12:50:49","modified_gmt":"2025-03-07T11:50:49","slug":"remote-controls","status":"publish","type":"page","link":"https:\/\/mattzobricks.com\/de\/build\/remote-controls","title":{"rendered":"Fernbedienungen"},"content":{"rendered":"\n<figure class=\"wp-block-image size-large is-resized\"><img loading=\"lazy\" decoding=\"async\" width=\"1024\" height=\"694\" src=\"http:\/\/mattzobricks.com\/wp-content\/uploads\/2020\/12\/pu_remote-1024x694.png\" alt=\"\" class=\"wp-image-1318\" srcset=\"https:\/\/mattzobricks.com\/wp-content\/uploads\/2020\/12\/pu_remote-1024x694.png 1024w, https:\/\/mattzobricks.com\/wp-content\/uploads\/2020\/12\/pu_remote-300x203.png 300w, https:\/\/mattzobricks.com\/wp-content\/uploads\/2020\/12\/pu_remote-768x521.png 768w, https:\/\/mattzobricks.com\/wp-content\/uploads\/2020\/12\/pu_remote.png 1080w\" sizes=\"auto, (max-width: 1024px) 100vw, 1024px\" \/><figcaption class=\"wp-element-caption\">LEGO Powered Up Remote Control<\/figcaption><\/figure>\n\n\n\n<p>Fernbedienungen werden im LEGO Eisenbahnsystem seit Einf\u00fchrung des RC Systems in verschiedenen Ausf\u00fchrungen verwendet, um die Motor- und Licht-Controller in den Z\u00fcgen zu steuern. Seit Einf\u00fchrung der LEGO Powered Up Fernbedienung geschieht dies \u00fcber Bluetooth.<\/p>\n\n\n\n<p>Zwar fahren im MattzoBricks Train Automation System die Z\u00fcge \u00fcberwiegend vollautomatisch, und alle Weichen stellen sich wie von Geisterhand auf die korrekte Richtung ein. Trotzdem gibt es gibt auch auf automatisierten Anlagen immer Situationen, in denen ein manuelles Fahren des Zuges oder das h\u00e4ndische Umschalten einer Weiche w\u00fcnschenswert ist.<\/p>\n\n\n\n<p>Wir haben daher die Powered Up Fernbedienung in das MattzoBricks Train Automation System integriert. Dieses Video zeigt, wie es funktioniert:<\/p>\n\n\n\n<figure class=\"wp-block-embed is-type-video is-provider-youtube wp-block-embed-youtube wp-embed-aspect-16-9 wp-has-aspect-ratio\"><div class=\"wp-block-embed__wrapper\">\n<iframe loading=\"lazy\" title=\"Z\u00fcge, Weichen und Signale mit LEGO Fernbedienung steuern\" width=\"819\" height=\"461\" src=\"https:\/\/www.youtube.com\/embed\/QxYvBBM12cU?feature=oembed\" frameborder=\"0\" allow=\"accelerometer; autoplay; clipboard-write; encrypted-media; gyroscope; picture-in-picture; web-share\" referrerpolicy=\"strict-origin-when-cross-origin\" allowfullscreen><\/iframe>\n<\/div><\/figure>\n\n\n\n<p>Die Fernbedienung wird nicht direkt mit einem Powered Up Hub verbunden, sondern zun\u00e4chst per Bluetooth an einen speziellen MattzoController namens MTC4BT (MattzoTrainController for Bluetooth). Dieser nimmt die Befehle der Fernsteuerung entgegen und \u00fcbertr\u00e4gt sie an den MQTT Broker. Von diesem aus werden die Fahrbefehle an die unterschiedlichen MattzoTrainController \u00fcbertragen. So bewegt sich der Zug in die gew\u00fcnschte Richtung, die Weiche schaltet um oder das Signal wird gr\u00fcn.<\/p>\n\n\n\n<figure class=\"wp-block-image size-large\"><img loading=\"lazy\" decoding=\"async\" width=\"1024\" height=\"554\" src=\"https:\/\/mattzobricks.com\/wp-content\/uploads\/2024\/12\/MTAS-7-Remotes-1024x554.png\" alt=\"MattzoBricks Train Automation System: Fernbedienungen\" class=\"wp-image-7884\" srcset=\"https:\/\/mattzobricks.com\/wp-content\/uploads\/2024\/12\/MTAS-7-Remotes-1024x554.png 1024w, https:\/\/mattzobricks.com\/wp-content\/uploads\/2024\/12\/MTAS-7-Remotes-300x162.png 300w, https:\/\/mattzobricks.com\/wp-content\/uploads\/2024\/12\/MTAS-7-Remotes-768x416.png 768w, https:\/\/mattzobricks.com\/wp-content\/uploads\/2024\/12\/MTAS-7-Remotes.png 1127w\" sizes=\"auto, (max-width: 1024px) 100vw, 1024px\" \/><figcaption class=\"wp-element-caption\">MattzoBricks Train Automation System: Fernbedienungen<\/figcaption><\/figure>\n\n\n\n<p>Die Unterst\u00fctzung f\u00fcr Powered Up Fernbedienungen wird ab Firmware Version 1.2 unterst\u00fctzt. Detaillierte Informationen finden sich <a href=\"https:\/\/mattzobricks.com\/automation\/train-automation\/mtc4bt\/mtc4bt-with-remote-controls\" data-type=\"page\" data-id=\"7918\">hier<\/a>.<\/p>\n","protected":false},"excerpt":{"rendered":"<p>Fernbedienungen werden im LEGO Eisenbahnsystem seit Einf\u00fchrung des RC Systems in verschiedenen Ausf\u00fchrungen verwendet, um die Motor- und Licht-Controller in den Z\u00fcgen zu steuern. Seit Einf\u00fchrung der LEGO Powered Up Fernbedienung geschieht dies \u00fcber Bluetooth. Zwar fahren im MattzoBricks Train Automation System die Z\u00fcge \u00fcberwiegend vollautomatisch, und alle Weichen stellen [&hellip;]<\/p>\n","protected":false},"author":1,"featured_media":0,"parent":6949,"menu_order":195,"comment_status":"closed","ping_status":"closed","template":"","meta":{"_bbp_topic_count":0,"_bbp_reply_count":0,"_bbp_total_topic_count":0,"_bbp_total_reply_count":0,"_bbp_voice_count":0,"_bbp_anonymous_reply_count":0,"_bbp_topic_count_hidden":0,"_bbp_reply_count_hidden":0,"_bbp_forum_subforum_count":0,"footnotes":""},"class_list":["post-1326","page","type-page","status-publish","hentry"],"translation":{"provider":"WPGlobus","version":"3.0.2","language":"de","enabled_languages":["en","de"],"languages":{"en":{"title":true,"content":true,"excerpt":false},"de":{"title":true,"content":true,"excerpt":false}}},"_links":{"self":[{"href":"https:\/\/mattzobricks.com\/de\/wp-json\/wp\/v2\/pages\/1326","targetHints":{"allow":["GET"]}}],"collection":[{"href":"https:\/\/mattzobricks.com\/de\/wp-json\/wp\/v2\/pages"}],"about":[{"href":"https:\/\/mattzobricks.com\/de\/wp-json\/wp\/v2\/types\/page"}],"author":[{"embeddable":true,"href":"https:\/\/mattzobricks.com\/de\/wp-json\/wp\/v2\/users\/1"}],"replies":[{"embeddable":true,"href":"https:\/\/mattzobricks.com\/de\/wp-json\/wp\/v2\/comments?post=1326"}],"version-history":[{"count":25,"href":"https:\/\/mattzobricks.com\/de\/wp-json\/wp\/v2\/pages\/1326\/revisions"}],"predecessor-version":[{"id":8424,"href":"https:\/\/mattzobricks.com\/de\/wp-json\/wp\/v2\/pages\/1326\/revisions\/8424"}],"up":[{"embeddable":true,"href":"https:\/\/mattzobricks.com\/de\/wp-json\/wp\/v2\/pages\/6949"}],"wp:attachment":[{"href":"https:\/\/mattzobricks.com\/de\/wp-json\/wp\/v2\/media?parent=1326"}],"curies":[{"name":"wp","href":"https:\/\/api.w.org\/{rel}","templated":true}]}}