{"id":1565,"date":"2021-01-02T21:58:19","date_gmt":"2021-01-02T21:58:19","guid":{"rendered":"http:\/\/mattzobricks.com\/?page_id=1565"},"modified":"2021-04-14T01:04:27","modified_gmt":"2021-04-13T23:04:27","slug":"projects","status":"publish","type":"page","link":"https:\/\/mattzobricks.com\/de\/projects","title":{"rendered":"Projekte"},"content":{"rendered":"\n<h2 class=\"wp-block-heading\">Mattzobricks Projekte<\/h2>\n\n\n\n<p>Auf den Unterseiten findest Du eine Reihe von interessanten Projekten, die wir oder andere mit dem MattzoBricks Train Automation System verwirklicht haben.<\/p>\n\n\n\n<h2 class=\"wp-block-heading\">Deine Projekte<\/h2>\n\n\n\n<p>Wenn Du eine Anlage mit dem MattzoBricks Train Automation System verwirklicht hast, nimm bitte Kontakt mit uns auf. Wir sind immer auf der Suche nach sch\u00f6nen Anlagen, die wir hier ver\u00f6ffentlichen k\u00f6nnen.<\/p>\n\n\n\n<p>Danke!<\/p>\n","protected":false},"excerpt":{"rendered":"<p>Mattzobricks Projekte Auf den Unterseiten findest Du eine Reihe von interessanten Projekten, die wir oder andere mit dem MattzoBricks Train Automation System verwirklicht haben. Deine Projekte Wenn Du eine Anlage mit dem MattzoBricks Train Automation System verwirklicht hast, nimm bitte Kontakt mit uns auf. Wir sind immer auf der Suche [&hellip;]<\/p>\n","protected":false},"author":1,"featured_media":0,"parent":0,"menu_order":350,"comment_status":"open","ping_status":"closed","template":"","meta":{"_bbp_topic_count":0,"_bbp_reply_count":0,"_bbp_total_topic_count":0,"_bbp_total_reply_count":0,"_bbp_voice_count":0,"_bbp_anonymous_reply_count":0,"_bbp_topic_count_hidden":0,"_bbp_reply_count_hidden":0,"_bbp_forum_subforum_count":0,"footnotes":""},"class_list":["post-1565","page","type-page","status-publish","hentry"],"translation":{"provider":"WPGlobus","version":"3.0.2","language":"de","enabled_languages":["en","de"],"languages":{"en":{"title":true,"content":true,"excerpt":false},"de":{"title":true,"content":true,"excerpt":false}}},"_links":{"self":[{"href":"https:\/\/mattzobricks.com\/de\/wp-json\/wp\/v2\/pages\/1565","targetHints":{"allow":["GET"]}}],"collection":[{"href":"https:\/\/mattzobricks.com\/de\/wp-json\/wp\/v2\/pages"}],"about":[{"href":"https:\/\/mattzobricks.com\/de\/wp-json\/wp\/v2\/types\/page"}],"author":[{"embeddable":true,"href":"https:\/\/mattzobricks.com\/de\/wp-json\/wp\/v2\/users\/1"}],"replies":[{"embeddable":true,"href":"https:\/\/mattzobricks.com\/de\/wp-json\/wp\/v2\/comments?post=1565"}],"version-history":[{"count":4,"href":"https:\/\/mattzobricks.com\/de\/wp-json\/wp\/v2\/pages\/1565\/revisions"}],"predecessor-version":[{"id":1699,"href":"https:\/\/mattzobricks.com\/de\/wp-json\/wp\/v2\/pages\/1565\/revisions\/1699"}],"wp:attachment":[{"href":"https:\/\/mattzobricks.com\/de\/wp-json\/wp\/v2\/media?parent=1565"}],"curies":[{"name":"wp","href":"https:\/\/api.w.org\/{rel}","templated":true}]}}