{"id":1567,"date":"2021-01-02T22:09:14","date_gmt":"2021-01-02T22:09:14","guid":{"rendered":"http:\/\/mattzobricks.com\/?page_id=1567"},"modified":"2025-02-12T19:19:29","modified_gmt":"2025-02-12T18:19:29","slug":"christmas-2020","status":"publish","type":"page","link":"https:\/\/mattzobricks.com\/de\/projects\/christmas-2020","title":{"rendered":"Mattze Weihnachten 2020 XP"},"content":{"rendered":"\n<figure class=\"wp-block-image size-large\"><img loading=\"lazy\" decoding=\"async\" width=\"1024\" height=\"768\" src=\"https:\/\/mattzobricks.com\/wp-content\/uploads\/2021\/01\/Xmas2020-1024x768.jpg\" alt=\"\" class=\"wp-image-1598\" srcset=\"https:\/\/mattzobricks.com\/wp-content\/uploads\/2021\/01\/Xmas2020-1024x768.jpg 1024w, https:\/\/mattzobricks.com\/wp-content\/uploads\/2021\/01\/Xmas2020-300x225.jpg 300w, https:\/\/mattzobricks.com\/wp-content\/uploads\/2021\/01\/Xmas2020-768x576.jpg 768w, https:\/\/mattzobricks.com\/wp-content\/uploads\/2021\/01\/Xmas2020-1536x1152.jpg 1536w, https:\/\/mattzobricks.com\/wp-content\/uploads\/2021\/01\/Xmas2020-2048x1536.jpg 2048w\" sizes=\"auto, (max-width: 1024px) 100vw, 1024px\" \/><figcaption><em>Anlage<\/em> &#8220;Weihnachten 2020 XP&#8221;<\/figcaption><\/figure>\n\n\n\n<h2 class=\"wp-block-heading\">Daten<\/h2>\n\n\n\n<p>Vollautomatische LEGO Eisenbahn-Anlage<\/p>\n\n\n\n<p>Erweiterung der Anlage &#8220;<a href=\"http:\/\/mattzobricks.com\/de\/projects\/christmas-2020-pure\" data-type=\"page\">Weihnachten 2020<\/a>&#8221; f\u00fcr Z\u00fcge ohne Wendeoption.<\/p>\n\n\n\n<ul class=\"wp-block-list\"><li>30 Sensoren<\/li><li>26 Weichen (15 motorisiert)<\/li><li>3 Kreuzungen<\/li><li>18 Signale (9 virtuell)<\/li><li>9 MattzoControllers f\u00fcr Weichen, Signale und Sensoren<\/li><\/ul>\n\n\n\n<h2 class=\"wp-block-heading\">Gleisplan<\/h2>\n\n\n\n<figure class=\"wp-block-image size-large\"><img loading=\"lazy\" decoding=\"async\" width=\"1024\" height=\"579\" src=\"http:\/\/mattzobricks.com\/wp-content\/uploads\/2021\/01\/Xmas2020-04-1024x579.png\" alt=\"\" class=\"wp-image-1808\" srcset=\"https:\/\/mattzobricks.com\/wp-content\/uploads\/2021\/01\/Xmas2020-04-1024x579.png 1024w, https:\/\/mattzobricks.com\/wp-content\/uploads\/2021\/01\/Xmas2020-04-300x170.png 300w, https:\/\/mattzobricks.com\/wp-content\/uploads\/2021\/01\/Xmas2020-04-768x434.png 768w, https:\/\/mattzobricks.com\/wp-content\/uploads\/2021\/01\/Xmas2020-04-1536x868.png 1536w, https:\/\/mattzobricks.com\/wp-content\/uploads\/2021\/01\/Xmas2020-04-2048x1158.png 2048w\" sizes=\"auto, (max-width: 1024px) 100vw, 1024px\" \/><figcaption>Bluebrick layout<\/figcaption><\/figure>\n\n\n\n<figure class=\"wp-block-image size-large\"><img loading=\"lazy\" decoding=\"async\" width=\"1024\" height=\"804\" src=\"http:\/\/mattzobricks.com\/wp-content\/uploads\/2021\/01\/Xmas2020_Rocrail-1024x804.png\" alt=\"\" class=\"wp-image-1569\" srcset=\"https:\/\/mattzobricks.com\/wp-content\/uploads\/2021\/01\/Xmas2020_Rocrail-1024x804.png 1024w, https:\/\/mattzobricks.com\/wp-content\/uploads\/2021\/01\/Xmas2020_Rocrail-300x236.png 300w, https:\/\/mattzobricks.com\/wp-content\/uploads\/2021\/01\/Xmas2020_Rocrail-768x603.png 768w, https:\/\/mattzobricks.com\/wp-content\/uploads\/2021\/01\/Xmas2020_Rocrail.png 1317w\" sizes=\"auto, (max-width: 1024px) 100vw, 1024px\" \/><figcaption>Rocrail layout <\/figcaption><\/figure>\n\n\n\n<h2 class=\"wp-block-heading\">Medien<\/h2>\n\n\n\n<p>Wir haben jede Menge sch\u00f6ner Bilder und Videos geschossen und werden diese demn\u00e4chst hier ver\u00f6ffentlichen.<\/p>\n\n\n\n<p>Ein paar Videos sind schon fertig:<\/p>\n\n\n\n<figure class=\"wp-block-embed is-type-video is-provider-youtube wp-block-embed-youtube wp-embed-aspect-16-9 wp-has-aspect-ratio\"><div class=\"wp-block-embed__wrapper\">\n<iframe loading=\"lazy\" title=\"MattzoBricks Train Automation - Rheingold of 1928\" width=\"819\" height=\"461\" src=\"https:\/\/www.youtube.com\/embed\/Z7N2K2x3dPA?feature=oembed\" frameborder=\"0\" allow=\"accelerometer; autoplay; clipboard-write; encrypted-media; gyroscope; picture-in-picture\" allowfullscreen><\/iframe>\n<\/div><figcaption>Rheingold of 1928<\/figcaption><\/figure>\n\n\n\n<figure class=\"wp-block-embed is-type-video is-provider-youtube wp-block-embed-youtube wp-embed-aspect-16-9 wp-has-aspect-ratio\"><div class=\"wp-block-embed__wrapper\">\n<iframe loading=\"lazy\" title=\"MattzoBricks Train Automation - Emerald Express\" width=\"819\" height=\"461\" src=\"https:\/\/www.youtube.com\/embed\/z-rNTG11HkQ?feature=oembed\" frameborder=\"0\" allow=\"accelerometer; autoplay; clipboard-write; encrypted-media; gyroscope; picture-in-picture\" allowfullscreen><\/iframe>\n<\/div><figcaption>Fully Automated Emerald Express<\/figcaption><\/figure>\n","protected":false},"excerpt":{"rendered":"<p>Daten Vollautomatische LEGO Eisenbahn-Anlage Erweiterung der Anlage &#8220;Weihnachten 2020&#8221; f\u00fcr Z\u00fcge ohne Wendeoption. 30 Sensoren 26 Weichen (15 motorisiert) 3 Kreuzungen 18 Signale (9 virtuell) 9 MattzoControllers f\u00fcr Weichen, Signale und Sensoren Gleisplan Medien Wir haben jede Menge sch\u00f6ner Bilder und Videos geschossen und werden diese demn\u00e4chst hier ver\u00f6ffentlichen. Ein [&hellip;]<\/p>\n","protected":false},"author":1,"featured_media":0,"parent":1565,"menu_order":202002,"comment_status":"open","ping_status":"closed","template":"","meta":{"_bbp_topic_count":0,"_bbp_reply_count":0,"_bbp_total_topic_count":0,"_bbp_total_reply_count":0,"_bbp_voice_count":0,"_bbp_anonymous_reply_count":0,"_bbp_topic_count_hidden":0,"_bbp_reply_count_hidden":0,"_bbp_forum_subforum_count":0,"footnotes":""},"class_list":["post-1567","page","type-page","status-publish","hentry"],"translation":{"provider":"WPGlobus","version":"3.0.2","language":"de","enabled_languages":["en","de"],"languages":{"en":{"title":true,"content":false,"excerpt":false},"de":{"title":true,"content":true,"excerpt":false}}},"_links":{"self":[{"href":"https:\/\/mattzobricks.com\/de\/wp-json\/wp\/v2\/pages\/1567","targetHints":{"allow":["GET"]}}],"collection":[{"href":"https:\/\/mattzobricks.com\/de\/wp-json\/wp\/v2\/pages"}],"about":[{"href":"https:\/\/mattzobricks.com\/de\/wp-json\/wp\/v2\/types\/page"}],"author":[{"embeddable":true,"href":"https:\/\/mattzobricks.com\/de\/wp-json\/wp\/v2\/users\/1"}],"replies":[{"embeddable":true,"href":"https:\/\/mattzobricks.com\/de\/wp-json\/wp\/v2\/comments?post=1567"}],"version-history":[{"count":28,"href":"https:\/\/mattzobricks.com\/de\/wp-json\/wp\/v2\/pages\/1567\/revisions"}],"predecessor-version":[{"id":8233,"href":"https:\/\/mattzobricks.com\/de\/wp-json\/wp\/v2\/pages\/1567\/revisions\/8233"}],"up":[{"embeddable":true,"href":"https:\/\/mattzobricks.com\/de\/wp-json\/wp\/v2\/pages\/1565"}],"wp:attachment":[{"href":"https:\/\/mattzobricks.com\/de\/wp-json\/wp\/v2\/media?parent=1567"}],"curies":[{"name":"wp","href":"https:\/\/api.w.org\/{rel}","templated":true}]}}