{"id":1679,"date":"2021-01-10T16:29:51","date_gmt":"2021-01-10T16:29:51","guid":{"rendered":"http:\/\/mattzobricks.com\/?page_id=1679"},"modified":"2025-02-12T19:18:07","modified_gmt":"2025-02-12T18:18:07","slug":"christmas-2020-pure","status":"publish","type":"page","link":"https:\/\/mattzobricks.com\/de\/projects\/christmas-2020-pure","title":{"rendered":"Mattze Weihnachten 2020"},"content":{"rendered":"\n<h2 class=\"wp-block-heading\" id=\"block-84542fc7-446b-4091-b38e-4aa231b885ba\">Daten<\/h2>\n\n\n\n<p id=\"block-c96a4523-8851-43e0-a7d4-c8e5e24d219e\">Vollst\u00e4ndig automatisierte LEGO Anlage.<\/p>\n\n\n\n<ul class=\"wp-block-list\" id=\"block-9b0657d5-b298-46d3-a1a4-16f1c321d362\"><li>24 Sensoren<\/li><li>18 Weichen (davon 12 motorisiert)<\/li><li>3 Kreuzungen<\/li><li>12 Signale (davon 4 virtuell)<\/li><li>6 MattzoController f\u00fcr Weichen, Signale und Sensoren.<\/li><\/ul>\n\n\n\n<h2 class=\"wp-block-heading\" id=\"block-657650a7-2977-45b3-8ca3-5983f49cf754\">Gleisplan<\/h2>\n\n\n\n<figure class=\"wp-block-image size-large\" id=\"block-d616d809-80bd-4440-ad53-4396b8dcb535\"><img loading=\"lazy\" decoding=\"async\" width=\"1024\" height=\"720\" src=\"http:\/\/mattzobricks.com\/wp-content\/uploads\/2021\/01\/Xmas2020-03-1024x720.png\" alt=\"\" class=\"wp-image-1807\" srcset=\"https:\/\/mattzobricks.com\/wp-content\/uploads\/2021\/01\/Xmas2020-03-1024x720.png 1024w, https:\/\/mattzobricks.com\/wp-content\/uploads\/2021\/01\/Xmas2020-03-300x211.png 300w, https:\/\/mattzobricks.com\/wp-content\/uploads\/2021\/01\/Xmas2020-03-768x540.png 768w, https:\/\/mattzobricks.com\/wp-content\/uploads\/2021\/01\/Xmas2020-03-1536x1080.png 1536w, https:\/\/mattzobricks.com\/wp-content\/uploads\/2021\/01\/Xmas2020-03-2048x1441.png 2048w\" sizes=\"auto, (max-width: 1024px) 100vw, 1024px\" \/><figcaption>Bluebrick layout<\/figcaption><\/figure>\n\n\n\n<figure class=\"wp-block-image\" id=\"block-631f4a30-d183-488c-8b1c-e27d41dfc740\"><img decoding=\"async\" src=\"http:\/\/mattzobricks.com\/wp-content\/uploads\/2021\/01\/Xmas2020-03-RR-1024x945.png\" alt=\"This image has an empty alt attribute; its file name is Xmas2020-03-RR-1024x945.png\"\/><figcaption>Rocrail layout<\/figcaption><\/figure>\n\n\n\n<h2 class=\"wp-block-heading\" id=\"block-2630acd8-f753-43a6-80d2-8d52ca673ad7\">Medien<\/h2>\n\n\n\n<p id=\"block-3548ac65-749c-4fab-b345-5744225090db\">Wir haben sch\u00f6ne Bilder und Videos geschossen und werde diese demn\u00e4chst hier ver\u00f6ffentlichen.<\/p>\n\n\n\n<figure class=\"wp-block-image size-large\"><img loading=\"lazy\" decoding=\"async\" width=\"1024\" height=\"654\" src=\"http:\/\/mattzobricks.com\/wp-content\/uploads\/2021\/01\/Xmas-Layout-2020-1024x654.png\" alt=\"\" class=\"wp-image-1773\" srcset=\"https:\/\/mattzobricks.com\/wp-content\/uploads\/2021\/01\/Xmas-Layout-2020-1024x654.png 1024w, https:\/\/mattzobricks.com\/wp-content\/uploads\/2021\/01\/Xmas-Layout-2020-300x192.png 300w, https:\/\/mattzobricks.com\/wp-content\/uploads\/2021\/01\/Xmas-Layout-2020-768x491.png 768w, https:\/\/mattzobricks.com\/wp-content\/uploads\/2021\/01\/Xmas-Layout-2020-1536x981.png 1536w, https:\/\/mattzobricks.com\/wp-content\/uploads\/2021\/01\/Xmas-Layout-2020-2048x1309.png 2048w\" sizes=\"auto, (max-width: 1024px) 100vw, 1024px\" \/><\/figure>\n\n\n\n<figure class=\"wp-block-image size-large\"><img loading=\"lazy\" decoding=\"async\" width=\"1024\" height=\"576\" src=\"https:\/\/mattzobricks.com\/wp-content\/uploads\/2021\/01\/Xmas2020-Schattenbahnhof-1024x576.jpg\" alt=\"\" class=\"wp-image-2129\" srcset=\"https:\/\/mattzobricks.com\/wp-content\/uploads\/2021\/01\/Xmas2020-Schattenbahnhof-1024x576.jpg 1024w, https:\/\/mattzobricks.com\/wp-content\/uploads\/2021\/01\/Xmas2020-Schattenbahnhof-300x169.jpg 300w, https:\/\/mattzobricks.com\/wp-content\/uploads\/2021\/01\/Xmas2020-Schattenbahnhof-768x432.jpg 768w, https:\/\/mattzobricks.com\/wp-content\/uploads\/2021\/01\/Xmas2020-Schattenbahnhof-1536x864.jpg 1536w, https:\/\/mattzobricks.com\/wp-content\/uploads\/2021\/01\/Xmas2020-Schattenbahnhof-2048x1152.jpg 2048w\" sizes=\"auto, (max-width: 1024px) 100vw, 1024px\" \/><\/figure>\n","protected":false},"excerpt":{"rendered":"<p>Daten Vollst\u00e4ndig automatisierte LEGO Anlage. 24 Sensoren 18 Weichen (davon 12 motorisiert) 3 Kreuzungen 12 Signale (davon 4 virtuell) 6 MattzoController f\u00fcr Weichen, Signale und Sensoren. Gleisplan Medien Wir haben sch\u00f6ne Bilder und Videos geschossen und werde diese demn\u00e4chst hier ver\u00f6ffentlichen.<\/p>\n","protected":false},"author":1,"featured_media":0,"parent":1565,"menu_order":202001,"comment_status":"open","ping_status":"closed","template":"","meta":{"_bbp_topic_count":0,"_bbp_reply_count":0,"_bbp_total_topic_count":0,"_bbp_total_reply_count":0,"_bbp_voice_count":0,"_bbp_anonymous_reply_count":0,"_bbp_topic_count_hidden":0,"_bbp_reply_count_hidden":0,"_bbp_forum_subforum_count":0,"footnotes":""},"class_list":["post-1679","page","type-page","status-publish","hentry"],"translation":{"provider":"WPGlobus","version":"3.0.2","language":"de","enabled_languages":["en","de"],"languages":{"en":{"title":true,"content":false,"excerpt":false},"de":{"title":true,"content":true,"excerpt":false}}},"_links":{"self":[{"href":"https:\/\/mattzobricks.com\/de\/wp-json\/wp\/v2\/pages\/1679","targetHints":{"allow":["GET"]}}],"collection":[{"href":"https:\/\/mattzobricks.com\/de\/wp-json\/wp\/v2\/pages"}],"about":[{"href":"https:\/\/mattzobricks.com\/de\/wp-json\/wp\/v2\/types\/page"}],"author":[{"embeddable":true,"href":"https:\/\/mattzobricks.com\/de\/wp-json\/wp\/v2\/users\/1"}],"replies":[{"embeddable":true,"href":"https:\/\/mattzobricks.com\/de\/wp-json\/wp\/v2\/comments?post=1679"}],"version-history":[{"count":17,"href":"https:\/\/mattzobricks.com\/de\/wp-json\/wp\/v2\/pages\/1679\/revisions"}],"predecessor-version":[{"id":8231,"href":"https:\/\/mattzobricks.com\/de\/wp-json\/wp\/v2\/pages\/1679\/revisions\/8231"}],"up":[{"embeddable":true,"href":"https:\/\/mattzobricks.com\/de\/wp-json\/wp\/v2\/pages\/1565"}],"wp:attachment":[{"href":"https:\/\/mattzobricks.com\/de\/wp-json\/wp\/v2\/media?parent=1679"}],"curies":[{"name":"wp","href":"https:\/\/api.w.org\/{rel}","templated":true}]}}