{"id":1866,"date":"2021-01-20T20:19:34","date_gmt":"2021-01-20T20:19:34","guid":{"rendered":"http:\/\/mattzobricks.com\/?page_id=1866"},"modified":"2023-02-21T18:01:24","modified_gmt":"2023-02-21T17:01:24","slug":"trixbrix-sample-layouts","status":"publish","type":"page","link":"https:\/\/mattzobricks.com\/de\/lego-track-planning\/layouts\/trixbrix-sample-layouts","title":{"rendered":"Beispiel-Gleispl\u00e4ne"},"content":{"rendered":"\n<p>Die Gleispl\u00e4ne auf dieser Seite verwenden Gleise von LEGO und TrixBrix. TrixBrix Gleise erweitern die geometrischen M\u00f6glichkeiten des LEGO Eisenbahn-Systems ganz erheblich und sind verf\u00fcgbar auf <a href=\"http:\/\/www.trixbrix.eu\">trixbrix.eu<\/a>.<\/p>\n\n\n\n<p>Alle Gleispl\u00e4ne wurden mit <a href=\"https:\/\/mattzobricks.com\/de\/lego-track-planning\/bluebrick\" data-type=\"page\">Bluebrick<\/a> und der <a href=\"https:\/\/mattzobricks.com\/de\/lego-track-planning\/bluebrick\/trixbrix-track-library\" data-type=\"page\">TrixBrix track library for Bluebrick<\/a> erstellt.<\/p>\n\n\n\n<p>Die Bluebrick Dateien k\u00f6nnen <a href=\"https:\/\/mattzobricks.com\/de\/lego-track-planning\/bluebrick\/trixbrix-track-library\" data-type=\"page\">hier<\/a> heruntergeladen werden.<\/p>\n\n\n\n<h2 class=\"wp-block-heading\">1,5 Ovale<\/h2>\n\n\n\n<figure class=\"wp-block-image size-large\"><img loading=\"lazy\" decoding=\"async\" width=\"1024\" height=\"579\" src=\"http:\/\/mattzobricks.com\/wp-content\/uploads\/2020\/02\/0020-1024x579.png\" alt=\"\" class=\"wp-image-179\" srcset=\"https:\/\/mattzobricks.com\/wp-content\/uploads\/2020\/02\/0020-1024x579.png 1024w, https:\/\/mattzobricks.com\/wp-content\/uploads\/2020\/02\/0020-300x170.png 300w, https:\/\/mattzobricks.com\/wp-content\/uploads\/2020\/02\/0020-768x434.png 768w, https:\/\/mattzobricks.com\/wp-content\/uploads\/2020\/02\/0020-1536x869.png 1536w, https:\/\/mattzobricks.com\/wp-content\/uploads\/2020\/02\/0020-2048x1159.png 2048w\" sizes=\"auto, (max-width: 1024px) 100vw, 1024px\" \/><\/figure>\n\n\n\n<h2 class=\"wp-block-heading\">2 Ovale<\/h2>\n\n\n\n<figure class=\"wp-block-image size-large\"><img loading=\"lazy\" decoding=\"async\" width=\"1024\" height=\"595\" src=\"http:\/\/mattzobricks.com\/wp-content\/uploads\/2020\/02\/0025-1024x595.png\" alt=\"\" class=\"wp-image-180\" srcset=\"https:\/\/mattzobricks.com\/wp-content\/uploads\/2020\/02\/0025-1024x595.png 1024w, https:\/\/mattzobricks.com\/wp-content\/uploads\/2020\/02\/0025-300x174.png 300w, https:\/\/mattzobricks.com\/wp-content\/uploads\/2020\/02\/0025-768x446.png 768w, https:\/\/mattzobricks.com\/wp-content\/uploads\/2020\/02\/0025-1536x893.png 1536w, https:\/\/mattzobricks.com\/wp-content\/uploads\/2020\/02\/0025-2048x1191.png 2048w\" sizes=\"auto, (max-width: 1024px) 100vw, 1024px\" \/><\/figure>\n\n\n\n<h2 class=\"wp-block-heading\">Oval mit 3 Gleisen<\/h2>\n\n\n\n<figure class=\"wp-block-image size-large\"><img loading=\"lazy\" decoding=\"async\" width=\"1024\" height=\"706\" src=\"http:\/\/mattzobricks.com\/wp-content\/uploads\/2020\/02\/0030-1024x706.png\" alt=\"\" class=\"wp-image-181\" srcset=\"https:\/\/mattzobricks.com\/wp-content\/uploads\/2020\/02\/0030-1024x706.png 1024w, https:\/\/mattzobricks.com\/wp-content\/uploads\/2020\/02\/0030-300x207.png 300w, https:\/\/mattzobricks.com\/wp-content\/uploads\/2020\/02\/0030-768x530.png 768w, https:\/\/mattzobricks.com\/wp-content\/uploads\/2020\/02\/0030-1536x1059.png 1536w, https:\/\/mattzobricks.com\/wp-content\/uploads\/2020\/02\/0030-2048x1412.png 2048w\" sizes=\"auto, (max-width: 1024px) 100vw, 1024px\" \/><figcaption>Bitte beachten, dass es sich bei den \u00e4u\u00dferen Bogenweichen um die 90\u00b0 Variante handelt, um bei den inneren beiden Bogenweichen um die 45\u00b0 Variante. Die 45\u00b0 Variante hat eine etwas l\u00e4ngere Gerade (1,41x Standardgerade, etwa 22,5 Noppen).<\/figcaption><\/figure>\n\n\n\n<h2 class=\"wp-block-heading\">Oval mit 4 Gleisen<\/h2>\n\n\n\n<figure class=\"wp-block-image size-large\"><img loading=\"lazy\" decoding=\"async\" width=\"1024\" height=\"759\" src=\"http:\/\/mattzobricks.com\/wp-content\/uploads\/2020\/02\/0035-1024x759.png\" alt=\"\" class=\"wp-image-182\" srcset=\"https:\/\/mattzobricks.com\/wp-content\/uploads\/2020\/02\/0035-1024x759.png 1024w, https:\/\/mattzobricks.com\/wp-content\/uploads\/2020\/02\/0035-300x222.png 300w, https:\/\/mattzobricks.com\/wp-content\/uploads\/2020\/02\/0035-768x569.png 768w, https:\/\/mattzobricks.com\/wp-content\/uploads\/2020\/02\/0035-1536x1138.png 1536w, https:\/\/mattzobricks.com\/wp-content\/uploads\/2020\/02\/0035-2048x1518.png 2048w\" sizes=\"auto, (max-width: 1024px) 100vw, 1024px\" \/><\/figure>\n\n\n\n<h2 class=\"wp-block-heading\">Oval mit Bahnhof mit reduziertem Gleisabstand<\/h2>\n\n\n\n<figure class=\"wp-block-image size-large\"><img loading=\"lazy\" decoding=\"async\" width=\"1024\" height=\"596\" src=\"http:\/\/mattzobricks.com\/wp-content\/uploads\/2020\/09\/0036-Oval-with-reduced-gap-train-station-1024x596.png\" alt=\"\" class=\"wp-image-870\" srcset=\"https:\/\/mattzobricks.com\/wp-content\/uploads\/2020\/09\/0036-Oval-with-reduced-gap-train-station-1024x596.png 1024w, https:\/\/mattzobricks.com\/wp-content\/uploads\/2020\/09\/0036-Oval-with-reduced-gap-train-station-300x174.png 300w, https:\/\/mattzobricks.com\/wp-content\/uploads\/2020\/09\/0036-Oval-with-reduced-gap-train-station-768x447.png 768w, https:\/\/mattzobricks.com\/wp-content\/uploads\/2020\/09\/0036-Oval-with-reduced-gap-train-station-1536x893.png 1536w, https:\/\/mattzobricks.com\/wp-content\/uploads\/2020\/09\/0036-Oval-with-reduced-gap-train-station-2048x1191.png 2048w\" sizes=\"auto, (max-width: 1024px) 100vw, 1024px\" \/><figcaption>In diesem Beispiel werden f\u00fcr die Parallelgleise im Bahnhof Weichen von TrixBrix mit reduziertem Gleisabstand (4 Noppen) verwendet.<\/figcaption><\/figure>\n\n\n\n<h2 class=\"wp-block-heading\">Oval mit Railyard-Weichen<\/h2>\n\n\n\n<figure class=\"wp-block-image size-large\"><img loading=\"lazy\" decoding=\"async\" width=\"1024\" height=\"505\" src=\"http:\/\/mattzobricks.com\/wp-content\/uploads\/2020\/05\/0040-1024x505.png\" alt=\"\" class=\"wp-image-591\" srcset=\"https:\/\/mattzobricks.com\/wp-content\/uploads\/2020\/05\/0040-1024x505.png 1024w, https:\/\/mattzobricks.com\/wp-content\/uploads\/2020\/05\/0040-300x148.png 300w, https:\/\/mattzobricks.com\/wp-content\/uploads\/2020\/05\/0040-768x379.png 768w, https:\/\/mattzobricks.com\/wp-content\/uploads\/2020\/05\/0040-1536x758.png 1536w, https:\/\/mattzobricks.com\/wp-content\/uploads\/2020\/05\/0040-2048x1011.png 2048w\" sizes=\"auto, (max-width: 1024px) 100vw, 1024px\" \/><figcaption>Railyard-Weichen (ein Konzept von Mattzobricks) k\u00f6nnen nicht nur verwendet werden, um Railyards zu bauen, sondern eignen sich auch hervorragend zum Bau von Parallelgleisen. Die Einfahrt in diese Parallelgleise ist f\u00fcr Z\u00fcge erheblich weniger entgleisungslastig, da der Kurvenwechsel in der Standardweiche entf\u00e4llt. Au\u00dferdem ist der L\u00e4ngenverlust in den Parallelgleisen erheblich kleiner, da die Weichen bereits am Ende der Kurven eingebaut werden.<\/figcaption><\/figure>\n\n\n\n<h2 class=\"wp-block-heading\">2 Ovale mit Railyard-Weichen<\/h2>\n\n\n\n<figure class=\"wp-block-image size-large\"><img loading=\"lazy\" decoding=\"async\" width=\"1024\" height=\"600\" src=\"http:\/\/mattzobricks.com\/wp-content\/uploads\/2020\/05\/0033-Oval-with-3-tracks-and-railyard-switches-1024x600.png\" alt=\"\" class=\"wp-image-622\" srcset=\"https:\/\/mattzobricks.com\/wp-content\/uploads\/2020\/05\/0033-Oval-with-3-tracks-and-railyard-switches-1024x600.png 1024w, https:\/\/mattzobricks.com\/wp-content\/uploads\/2020\/05\/0033-Oval-with-3-tracks-and-railyard-switches-300x176.png 300w, https:\/\/mattzobricks.com\/wp-content\/uploads\/2020\/05\/0033-Oval-with-3-tracks-and-railyard-switches-768x450.png 768w, https:\/\/mattzobricks.com\/wp-content\/uploads\/2020\/05\/0033-Oval-with-3-tracks-and-railyard-switches-1536x899.png 1536w, https:\/\/mattzobricks.com\/wp-content\/uploads\/2020\/05\/0033-Oval-with-3-tracks-and-railyard-switches-2048x1199.png 2048w\" sizes=\"auto, (max-width: 1024px) 100vw, 1024px\" \/><\/figure>\n\n\n\n<h2 class=\"wp-block-heading\">Kreisverkehr<\/h2>\n\n\n\n<figure class=\"wp-block-image size-large\"><img loading=\"lazy\" decoding=\"async\" width=\"1024\" height=\"1000\" src=\"https:\/\/mattzobricks.com\/wp-content\/uploads\/2021\/03\/Marcus-Corner-1024x1000.png\" alt=\"Roundabout\" class=\"wp-image-2620\" srcset=\"https:\/\/mattzobricks.com\/wp-content\/uploads\/2021\/03\/Marcus-Corner-1024x1000.png 1024w, https:\/\/mattzobricks.com\/wp-content\/uploads\/2021\/03\/Marcus-Corner-300x293.png 300w, https:\/\/mattzobricks.com\/wp-content\/uploads\/2021\/03\/Marcus-Corner-768x750.png 768w, https:\/\/mattzobricks.com\/wp-content\/uploads\/2021\/03\/Marcus-Corner-1536x1500.png 1536w, https:\/\/mattzobricks.com\/wp-content\/uploads\/2021\/03\/Marcus-Corner-2048x2000.png 2048w\" sizes=\"auto, (max-width: 1024px) 100vw, 1024px\" \/><figcaption>Diese Ecke erm\u00f6glicht einen Richtungswechsel in einem doppelgleiseitigen Gleissystem. Das Beispiel verwendet Standard R40 Weichen von TrixBrix. Die Kurven in der weitgezogenen Innenkurve sind R104, die letzten beiden Teile sind RC1 Ausgleichs-St\u00fccke.<\/figcaption><\/figure>\n\n\n\n<h2 class=\"wp-block-heading\">U-Form<\/h2>\n\n\n\n\n\n<h2 class=\"wp-block-heading\">Parallelabgzweig R40\/R56<\/h2>\n\n\n\n<figure class=\"wp-block-image size-large\"><img loading=\"lazy\" decoding=\"async\" width=\"1024\" height=\"370\" src=\"https:\/\/mattzobricks.com\/wp-content\/uploads\/2021\/02\/0101-1024x370.png\" alt=\"Diverging Tracks R40\/R56\" class=\"wp-image-2423\" srcset=\"https:\/\/mattzobricks.com\/wp-content\/uploads\/2021\/02\/0101-1024x370.png 1024w, https:\/\/mattzobricks.com\/wp-content\/uploads\/2021\/02\/0101-300x108.png 300w, https:\/\/mattzobricks.com\/wp-content\/uploads\/2021\/02\/0101-768x277.png 768w, https:\/\/mattzobricks.com\/wp-content\/uploads\/2021\/02\/0101-1536x555.png 1536w, https:\/\/mattzobricks.com\/wp-content\/uploads\/2021\/02\/0101-2048x740.png 2048w\" sizes=\"auto, (max-width: 1024px) 100vw, 1024px\" \/><figcaption>Dieser Gleisplan verwendet die R56 Durchgangskreuzung.<\/figcaption><\/figure>\n\n\n\n<h2 class=\"wp-block-heading\">R40 Weichodrom<\/h2>\n\n\n\n<figure class=\"wp-block-image size-large\"><img loading=\"lazy\" decoding=\"async\" width=\"1024\" height=\"595\" src=\"http:\/\/mattzobricks.com\/wp-content\/uploads\/2020\/02\/0100-1-1024x595.png\" alt=\"\" class=\"wp-image-252\" srcset=\"https:\/\/mattzobricks.com\/wp-content\/uploads\/2020\/02\/0100-1-1024x595.png 1024w, https:\/\/mattzobricks.com\/wp-content\/uploads\/2020\/02\/0100-1-300x174.png 300w, https:\/\/mattzobricks.com\/wp-content\/uploads\/2020\/02\/0100-1-768x446.png 768w, https:\/\/mattzobricks.com\/wp-content\/uploads\/2020\/02\/0100-1-1536x892.png 1536w, https:\/\/mattzobricks.com\/wp-content\/uploads\/2020\/02\/0100-1-2048x1189.png 2048w\" sizes=\"auto, (max-width: 1024px) 100vw, 1024px\" \/><figcaption>Dieser Gleisplan zeigt verschiedene Anwendungen von R40 Weichen und R40 Kurvengeometrien.<\/figcaption><\/figure>\n\n\n\n<h2 class=\"wp-block-heading\">Kehrschleifen<\/h2>\n\n\n\n<figure class=\"wp-block-image size-large\"><img loading=\"lazy\" decoding=\"async\" width=\"1024\" height=\"799\" src=\"http:\/\/mattzobricks.com\/wp-content\/uploads\/2020\/02\/0110-1-1024x799.png\" alt=\"\" class=\"wp-image-255\" srcset=\"https:\/\/mattzobricks.com\/wp-content\/uploads\/2020\/02\/0110-1-1024x799.png 1024w, https:\/\/mattzobricks.com\/wp-content\/uploads\/2020\/02\/0110-1-300x234.png 300w, https:\/\/mattzobricks.com\/wp-content\/uploads\/2020\/02\/0110-1-768x599.png 768w, https:\/\/mattzobricks.com\/wp-content\/uploads\/2020\/02\/0110-1-1536x1198.png 1536w, https:\/\/mattzobricks.com\/wp-content\/uploads\/2020\/02\/0110-1-2048x1598.png 2048w\" sizes=\"auto, (max-width: 1024px) 100vw, 1024px\" \/><figcaption>Dieses Gleisbeispiel zeigt verschiedene Arten, Kehrschleifen zu bauen. Links ist eine Kehrschleife, die mit einre R104 Weiche eingeleitet wird. Es folgen einer Reihe von R104 Kurven, ein R56 Kurve, und dann ein engerer Abschnitt mit R40 Kurven. Wenn man in diese Schleife von rechts einf\u00e4hrt, lassen sich wegen des langsam enger werdenden Kurvenradius h\u00f6here Einfahrtsgeschwindigkeiten erreichen.<\/figcaption><\/figure>\n\n\n\n<h2 class=\"wp-block-heading\">45\u00b0 Kreuzungen<\/h2>\n\n\n\n<figure class=\"wp-block-image size-large\"><img loading=\"lazy\" decoding=\"async\" width=\"1024\" height=\"475\" src=\"http:\/\/mattzobricks.com\/wp-content\/uploads\/2020\/02\/0100-1024x475.png\" alt=\"\" class=\"wp-image-184\" srcset=\"https:\/\/mattzobricks.com\/wp-content\/uploads\/2020\/02\/0100-1024x475.png 1024w, https:\/\/mattzobricks.com\/wp-content\/uploads\/2020\/02\/0100-300x139.png 300w, https:\/\/mattzobricks.com\/wp-content\/uploads\/2020\/02\/0100-768x356.png 768w, https:\/\/mattzobricks.com\/wp-content\/uploads\/2020\/02\/0100-1536x713.png 1536w, https:\/\/mattzobricks.com\/wp-content\/uploads\/2020\/02\/0100-2048x950.png 2048w\" sizes=\"auto, (max-width: 1024px) 100vw, 1024px\" \/><\/figure>\n\n\n\n<h2 class=\"wp-block-heading\">R40 Spezialweichen<\/h2>\n\n\n\n<figure class=\"wp-block-image size-large\"><img loading=\"lazy\" decoding=\"async\" width=\"1024\" height=\"677\" src=\"http:\/\/mattzobricks.com\/wp-content\/uploads\/2020\/02\/0150-1024x677.png\" alt=\"\" class=\"wp-image-186\" srcset=\"https:\/\/mattzobricks.com\/wp-content\/uploads\/2020\/02\/0150-1024x677.png 1024w, https:\/\/mattzobricks.com\/wp-content\/uploads\/2020\/02\/0150-300x198.png 300w, https:\/\/mattzobricks.com\/wp-content\/uploads\/2020\/02\/0150-768x508.png 768w, https:\/\/mattzobricks.com\/wp-content\/uploads\/2020\/02\/0150-1536x1016.png 1536w, https:\/\/mattzobricks.com\/wp-content\/uploads\/2020\/02\/0150-2048x1355.png 2048w\" sizes=\"auto, (max-width: 1024px) 100vw, 1024px\" \/><figcaption>Dieser Gleisplan zeigt die Anwendung verschiedener R40 Weichen. Der sinnvolle Einsatz der R40 Einfach- und Doppelkreuzung ist nicht ganz einfach. Dabei ist vor allen Dingen zu beachten, dass die Geometrie dieser beiden Weichen unterschiedlich ist!<\/figcaption><\/figure>\n\n\n\n<h2 class=\"wp-block-heading\">Oval mit R104\/R120 Kurven und R104 Weichen<\/h2>\n\n\n\n<figure class=\"wp-block-image size-large\"><img loading=\"lazy\" decoding=\"async\" width=\"1024\" height=\"442\" src=\"http:\/\/mattzobricks.com\/wp-content\/uploads\/2020\/02\/0210-Oval-with-R104-switches-and-R104_120-curves-1024x442.png\" alt=\"\" class=\"wp-image-238\" srcset=\"https:\/\/mattzobricks.com\/wp-content\/uploads\/2020\/02\/0210-Oval-with-R104-switches-and-R104_120-curves-1024x442.png 1024w, https:\/\/mattzobricks.com\/wp-content\/uploads\/2020\/02\/0210-Oval-with-R104-switches-and-R104_120-curves-300x129.png 300w, https:\/\/mattzobricks.com\/wp-content\/uploads\/2020\/02\/0210-Oval-with-R104-switches-and-R104_120-curves-768x331.png 768w, https:\/\/mattzobricks.com\/wp-content\/uploads\/2020\/02\/0210-Oval-with-R104-switches-and-R104_120-curves-1536x663.png 1536w, https:\/\/mattzobricks.com\/wp-content\/uploads\/2020\/02\/0210-Oval-with-R104-switches-and-R104_120-curves-2048x884.png 2048w\" sizes=\"auto, (max-width: 1024px) 100vw, 1024px\" \/><figcaption>Der kleinste Kurvenradius auf dieser Anlage ist R104. Gro\u00dfe Dampfloks freuen sich auf eine problemlose Kurvenfahrt, aber man braucht ausreichend Platz, um die Anlage zu bauen.<\/figcaption><\/figure>\n\n\n\n<h2 class=\"wp-block-heading\">Oval mit R40 Kurven und R104 Weichen<\/h2>\n\n\n\n<figure class=\"wp-block-image size-large\"><img loading=\"lazy\" decoding=\"async\" width=\"1024\" height=\"360\" src=\"http:\/\/mattzobricks.com\/wp-content\/uploads\/2020\/02\/0215-Oval-with-R104-switches-and-3-tracks-1024x360.png\" alt=\"\" class=\"wp-image-239\" srcset=\"https:\/\/mattzobricks.com\/wp-content\/uploads\/2020\/02\/0215-Oval-with-R104-switches-and-3-tracks-1024x360.png 1024w, https:\/\/mattzobricks.com\/wp-content\/uploads\/2020\/02\/0215-Oval-with-R104-switches-and-3-tracks-300x105.png 300w, https:\/\/mattzobricks.com\/wp-content\/uploads\/2020\/02\/0215-Oval-with-R104-switches-and-3-tracks-768x270.png 768w, https:\/\/mattzobricks.com\/wp-content\/uploads\/2020\/02\/0215-Oval-with-R104-switches-and-3-tracks-1536x540.png 1536w, https:\/\/mattzobricks.com\/wp-content\/uploads\/2020\/02\/0215-Oval-with-R104-switches-and-3-tracks-2048x720.png 2048w\" sizes=\"auto, (max-width: 1024px) 100vw, 1024px\" \/><figcaption>H\u00e4ufig ist es sinnvoll, R104 Weichengeometrie mit kleinen Kurvenradien zu kombinieren, um Platz zu sparen.<\/figcaption><\/figure>\n\n\n\n<h2 class=\"wp-block-heading\">Gro\u00dfer Kopfbahnhof mit R104 Weichenfeld<\/h2>\n\n\n\n<figure class=\"wp-block-image size-large\"><img loading=\"lazy\" decoding=\"async\" width=\"1024\" height=\"353\" src=\"http:\/\/mattzobricks.com\/wp-content\/uploads\/2020\/02\/0250-Large-terminal-station-with-R104-switch-field-1024x353.png\" alt=\"\" class=\"wp-image-245\" srcset=\"https:\/\/mattzobricks.com\/wp-content\/uploads\/2020\/02\/0250-Large-terminal-station-with-R104-switch-field-1024x353.png 1024w, https:\/\/mattzobricks.com\/wp-content\/uploads\/2020\/02\/0250-Large-terminal-station-with-R104-switch-field-300x103.png 300w, https:\/\/mattzobricks.com\/wp-content\/uploads\/2020\/02\/0250-Large-terminal-station-with-R104-switch-field-768x265.png 768w, https:\/\/mattzobricks.com\/wp-content\/uploads\/2020\/02\/0250-Large-terminal-station-with-R104-switch-field-1536x530.png 1536w, https:\/\/mattzobricks.com\/wp-content\/uploads\/2020\/02\/0250-Large-terminal-station-with-R104-switch-field-2048x707.png 2048w\" sizes=\"auto, (max-width: 1024px) 100vw, 1024px\" \/><figcaption>Dieser Kopfbahnhof wird mit einem linken <em>R104 <\/em>3-track railyard, <em>einem rechtem R104 3-track railyard<\/em> und einer R104 Weichenkreuzung gebaut.<\/figcaption><\/figure>\n\n\n\n<h2 class=\"wp-block-heading\">Stern-Kreuzung mit Kreisen<\/h2>\n\n\n\n<figure class=\"wp-block-image size-large\"><img loading=\"lazy\" decoding=\"async\" width=\"1024\" height=\"863\" src=\"http:\/\/mattzobricks.com\/wp-content\/uploads\/2020\/02\/0320-1024x863.png\" alt=\"\" class=\"wp-image-259\" srcset=\"https:\/\/mattzobricks.com\/wp-content\/uploads\/2020\/02\/0320-1024x863.png 1024w, https:\/\/mattzobricks.com\/wp-content\/uploads\/2020\/02\/0320-300x253.png 300w, https:\/\/mattzobricks.com\/wp-content\/uploads\/2020\/02\/0320-768x647.png 768w, https:\/\/mattzobricks.com\/wp-content\/uploads\/2020\/02\/0320-1536x1294.png 1536w, https:\/\/mattzobricks.com\/wp-content\/uploads\/2020\/02\/0320-2048x1726.png 2048w\" sizes=\"auto, (max-width: 1024px) 100vw, 1024px\" \/><\/figure>\n\n\n\n<h2 class=\"wp-block-heading\">Stern-Kreuzung mit Kreisen 2<\/h2>\n\n\n\n<figure class=\"wp-block-image size-large\"><img loading=\"lazy\" decoding=\"async\" width=\"1024\" height=\"533\" src=\"http:\/\/mattzobricks.com\/wp-content\/uploads\/2020\/02\/0330-1024x533.png\" alt=\"\" class=\"wp-image-280\" srcset=\"https:\/\/mattzobricks.com\/wp-content\/uploads\/2020\/02\/0330-1024x533.png 1024w, https:\/\/mattzobricks.com\/wp-content\/uploads\/2020\/02\/0330-300x156.png 300w, https:\/\/mattzobricks.com\/wp-content\/uploads\/2020\/02\/0330-768x400.png 768w, https:\/\/mattzobricks.com\/wp-content\/uploads\/2020\/02\/0330-1536x800.png 1536w, https:\/\/mattzobricks.com\/wp-content\/uploads\/2020\/02\/0330-2048x1066.png 2048w\" sizes=\"auto, (max-width: 1024px) 100vw, 1024px\" \/><\/figure>\n\n\n\n<h2 class=\"wp-block-heading\">Freestyle Anlage 1<\/h2>\n\n\n\n<figure class=\"wp-block-image size-large\"><img loading=\"lazy\" decoding=\"async\" width=\"1024\" height=\"633\" src=\"http:\/\/mattzobricks.com\/wp-content\/uploads\/2020\/05\/0600-Freestyle-1-1024x633.png\" alt=\"\" class=\"wp-image-595\" srcset=\"https:\/\/mattzobricks.com\/wp-content\/uploads\/2020\/05\/0600-Freestyle-1-1024x633.png 1024w, https:\/\/mattzobricks.com\/wp-content\/uploads\/2020\/05\/0600-Freestyle-1-300x186.png 300w, https:\/\/mattzobricks.com\/wp-content\/uploads\/2020\/05\/0600-Freestyle-1-768x475.png 768w, https:\/\/mattzobricks.com\/wp-content\/uploads\/2020\/05\/0600-Freestyle-1-1536x950.png 1536w, https:\/\/mattzobricks.com\/wp-content\/uploads\/2020\/05\/0600-Freestyle-1-2048x1267.png 2048w\" sizes=\"auto, (max-width: 1024px) 100vw, 1024px\" \/><\/figure>\n\n\n\n<h2 class=\"wp-block-heading\">Freestyle Anlage 2<\/h2>\n\n\n\n<figure class=\"wp-block-image size-large\"><img loading=\"lazy\" decoding=\"async\" width=\"1024\" height=\"577\" src=\"http:\/\/mattzobricks.com\/wp-content\/uploads\/2020\/05\/0610-Freestyle-2-1024x577.png\" alt=\"\" class=\"wp-image-596\" srcset=\"https:\/\/mattzobricks.com\/wp-content\/uploads\/2020\/05\/0610-Freestyle-2-1024x577.png 1024w, https:\/\/mattzobricks.com\/wp-content\/uploads\/2020\/05\/0610-Freestyle-2-300x169.png 300w, https:\/\/mattzobricks.com\/wp-content\/uploads\/2020\/05\/0610-Freestyle-2-768x433.png 768w, https:\/\/mattzobricks.com\/wp-content\/uploads\/2020\/05\/0610-Freestyle-2-1536x865.png 1536w, https:\/\/mattzobricks.com\/wp-content\/uploads\/2020\/05\/0610-Freestyle-2-2048x1154.png 2048w\" sizes=\"auto, (max-width: 1024px) 100vw, 1024px\" \/><\/figure>\n","protected":false},"excerpt":{"rendered":"<p>Die Gleispl\u00e4ne auf dieser Seite verwenden Gleise von LEGO und TrixBrix. TrixBrix Gleise erweitern die geometrischen M\u00f6glichkeiten des LEGO Eisenbahn-Systems ganz erheblich und sind verf\u00fcgbar auf trixbrix.eu. Alle Gleispl\u00e4ne wurden mit Bluebrick und der TrixBrix track library for Bluebrick erstellt. Die Bluebrick Dateien k\u00f6nnen hier heruntergeladen werden. 1,5 Ovale 2 [&hellip;]<\/p>\n","protected":false},"author":1,"featured_media":0,"parent":91,"menu_order":20,"comment_status":"open","ping_status":"closed","template":"","meta":{"_bbp_topic_count":0,"_bbp_reply_count":0,"_bbp_total_topic_count":0,"_bbp_total_reply_count":0,"_bbp_voice_count":0,"_bbp_anonymous_reply_count":0,"_bbp_topic_count_hidden":0,"_bbp_reply_count_hidden":0,"_bbp_forum_subforum_count":0,"footnotes":""},"class_list":["post-1866","page","type-page","status-publish","hentry"],"translation":{"provider":"WPGlobus","version":"3.0.2","language":"de","enabled_languages":["en","de"],"languages":{"en":{"title":true,"content":true,"excerpt":false},"de":{"title":true,"content":true,"excerpt":false}}},"_links":{"self":[{"href":"https:\/\/mattzobricks.com\/de\/wp-json\/wp\/v2\/pages\/1866","targetHints":{"allow":["GET"]}}],"collection":[{"href":"https:\/\/mattzobricks.com\/de\/wp-json\/wp\/v2\/pages"}],"about":[{"href":"https:\/\/mattzobricks.com\/de\/wp-json\/wp\/v2\/types\/page"}],"author":[{"embeddable":true,"href":"https:\/\/mattzobricks.com\/de\/wp-json\/wp\/v2\/users\/1"}],"replies":[{"embeddable":true,"href":"https:\/\/mattzobricks.com\/de\/wp-json\/wp\/v2\/comments?post=1866"}],"version-history":[{"count":17,"href":"https:\/\/mattzobricks.com\/de\/wp-json\/wp\/v2\/pages\/1866\/revisions"}],"predecessor-version":[{"id":6494,"href":"https:\/\/mattzobricks.com\/de\/wp-json\/wp\/v2\/pages\/1866\/revisions\/6494"}],"up":[{"embeddable":true,"href":"https:\/\/mattzobricks.com\/de\/wp-json\/wp\/v2\/pages\/91"}],"wp:attachment":[{"href":"https:\/\/mattzobricks.com\/de\/wp-json\/wp\/v2\/media?parent=1866"}],"curies":[{"name":"wp","href":"https:\/\/api.w.org\/{rel}","templated":true}]}}