{"id":2,"date":"2020-01-18T16:08:25","date_gmt":"2020-01-18T16:08:25","guid":{"rendered":"http:\/\/mattzobricks.com\/?page_id=2"},"modified":"2024-04-28T23:56:34","modified_gmt":"2024-04-28T21:56:34","slug":"automation","status":"publish","type":"page","link":"https:\/\/mattzobricks.com\/de\/automation","title":{"rendered":"Automatisierung"},"content":{"rendered":"\n<p>Wir alle lieben LEGO Eisenbahnen. Doch LEGO Z\u00fcge fahren nur mit direkten Kommandos per Fernbedienung oder Trafo.<\/p>\n\n\n\n<p>Diese Website hat sich zum Ziel gesetzt, dies zu \u00e4ndern.<\/p>\n\n\n\n<p>Wir m\u00f6chten, dass LEGO Z\u00fcge automatisch fahren, automatisch zum gew\u00fcnschten Ziel geleitet werden, und nicht mit anderen Z\u00fcgen zusammensto\u00dfen, die die selben Gleise benutzen.<\/p>\n\n\n\n<h2 class=\"wp-block-heading\">Das MattzoBricks Train Automation System<\/h2>\n\n\n\n<p>Um LEGO Eisenbahnen zu automatisieren, stellen wir das <strong>MattzoBricks Train Automation System<\/strong> vor.<\/p>\n\n\n\n<p>Dieses system hat die folgenden funktionalen Komponenten:<\/p>\n\n\n\n<figure class=\"wp-block-image size-large\"><img loading=\"lazy\" decoding=\"async\" width=\"917\" height=\"521\" src=\"https:\/\/mattzobricks.com\/wp-content\/uploads\/2021\/03\/MTAS-00-Overview.png\" alt=\"\" class=\"wp-image-2794\" srcset=\"https:\/\/mattzobricks.com\/wp-content\/uploads\/2021\/03\/MTAS-00-Overview.png 917w, https:\/\/mattzobricks.com\/wp-content\/uploads\/2021\/03\/MTAS-00-Overview-300x170.png 300w, https:\/\/mattzobricks.com\/wp-content\/uploads\/2021\/03\/MTAS-00-Overview-768x436.png 768w\" sizes=\"auto, (max-width: 917px) 100vw, 917px\" \/><figcaption>MattzoBricks Train Automation System: funktionale Komponenten<\/figcaption><\/figure>\n\n\n\n<h2 class=\"wp-block-heading\">Weitere Details<\/h2>\n\n\n\n<p>Navigiere zu den Unterseiten dieser Seite, um Informationen \u00fcber folgende Themen zu erhalten:<\/p>\n\n\n\n<ul class=\"wp-block-list\"><li><a href=\"http:\/\/mattzobricks.com\/de\/automation\/history\">Geschichte<\/a> der MattzoBricks Zug Automatisierung<\/li><li><a href=\"http:\/\/mattzobricks.com\/de\/automation\/overall-architecture\">Gesamtarchitektur<\/a><\/li><li><a href=\"http:\/\/mattzobricks.com\/de\/automation\/rocrail\">Rocrail<\/a><\/li><li><a href=\"http:\/\/mattzobricks.com\/de\/automation\/trains\">Zugsteuerung<\/a><\/li><li><a href=\"http:\/\/mattzobricks.com\/de\/automation\/switches\">Weichensteuerung<\/a><\/li><li><a href=\"http:\/\/mattzobricks.com\/de\/automation\/signals\">Signalsteuerung<\/a><\/li><li>\u00dcbermittlung von <a href=\"http:\/\/mattzobricks.com\/de\/automation\/sensors\">Sensorereignissen<\/a><\/li><li><a href=\"http:\/\/mattzobricks.com\/de\/automation\/level-crossings\">Bahn\u00fcbergangssteuerung<\/a><\/li><li>\u00d6ffnen und Schlie\u00dfen von <a href=\"https:\/\/mattzobricks.com\/de\/automation\/bascule-bridges\" data-type=\"page\">beweglichen Br\u00fccken<\/a><\/li><li>Verwendung von <a href=\"http:\/\/mattzobricks.com\/de\/automation\/remote-controls\" data-type=\"page\">Fernbedienungen<\/a><\/li><li>Selbstbau von <a href=\"http:\/\/mattzobricks.com\/de\/automation\/controllers\">MattzoControllern<\/a><\/li><\/ul>\n","protected":false},"excerpt":{"rendered":"<p>Wir alle lieben LEGO Eisenbahnen. Doch LEGO Z\u00fcge fahren nur mit direkten Kommandos per Fernbedienung oder Trafo. Diese Website hat sich zum Ziel gesetzt, dies zu \u00e4ndern. Wir m\u00f6chten, dass LEGO Z\u00fcge automatisch fahren, automatisch zum gew\u00fcnschten Ziel geleitet werden, und nicht mit anderen Z\u00fcgen zusammensto\u00dfen, die die selben Gleise [&hellip;]<\/p>\n","protected":false},"author":1,"featured_media":0,"parent":0,"menu_order":300,"comment_status":"open","ping_status":"open","template":"","meta":{"_bbp_topic_count":0,"_bbp_reply_count":0,"_bbp_total_topic_count":0,"_bbp_total_reply_count":0,"_bbp_voice_count":0,"_bbp_anonymous_reply_count":0,"_bbp_topic_count_hidden":0,"_bbp_reply_count_hidden":0,"_bbp_forum_subforum_count":0,"footnotes":""},"class_list":["post-2","page","type-page","status-publish","hentry"],"translation":{"provider":"WPGlobus","version":"3.0.2","language":"de","enabled_languages":["en","de"],"languages":{"en":{"title":true,"content":true,"excerpt":false},"de":{"title":true,"content":true,"excerpt":false}}},"_links":{"self":[{"href":"https:\/\/mattzobricks.com\/de\/wp-json\/wp\/v2\/pages\/2","targetHints":{"allow":["GET"]}}],"collection":[{"href":"https:\/\/mattzobricks.com\/de\/wp-json\/wp\/v2\/pages"}],"about":[{"href":"https:\/\/mattzobricks.com\/de\/wp-json\/wp\/v2\/types\/page"}],"author":[{"embeddable":true,"href":"https:\/\/mattzobricks.com\/de\/wp-json\/wp\/v2\/users\/1"}],"replies":[{"embeddable":true,"href":"https:\/\/mattzobricks.com\/de\/wp-json\/wp\/v2\/comments?post=2"}],"version-history":[{"count":40,"href":"https:\/\/mattzobricks.com\/de\/wp-json\/wp\/v2\/pages\/2\/revisions"}],"predecessor-version":[{"id":2824,"href":"https:\/\/mattzobricks.com\/de\/wp-json\/wp\/v2\/pages\/2\/revisions\/2824"}],"wp:attachment":[{"href":"https:\/\/mattzobricks.com\/de\/wp-json\/wp\/v2\/media?parent=2"}],"curies":[{"name":"wp","href":"https:\/\/api.w.org\/{rel}","templated":true}]}}