{"id":2772,"date":"2021-03-16T08:40:49","date_gmt":"2021-03-16T07:40:49","guid":{"rendered":"https:\/\/mattzobricks.com\/?page_id=2772"},"modified":"2024-04-30T10:45:55","modified_gmt":"2024-04-30T08:45:55","slug":"bascule-bridges","status":"publish","type":"page","link":"https:\/\/mattzobricks.com\/de\/build\/bascule-bridges","title":{"rendered":"Bewegliche Br\u00fccken"},"content":{"rendered":"\n<p>Klappbr\u00fccken, Drehbr\u00fccken oder Hubbr\u00fccken sind Eisenbahnquerungen, die sich normalerweise \u00fcber Gew\u00e4sser erstrecken. Gemeinsam mit Drehscheiben geh\u00f6ren sie zu den komplexeren Komponenten einer LEGO Eisenbahnanlage.<\/p>\n\n\n\n<p>Das MattzoBricks Train Automation System unterst\u00fctzt bewegliche Br\u00fccken.<\/p>\n\n\n\n<p>Wie das funktioniert, kann man in folgendem Video sehen:<\/p>\n\n\n\n<figure class=\"wp-block-embed is-type-video is-provider-youtube wp-block-embed-youtube wp-embed-aspect-16-9 wp-has-aspect-ratio\"><div class=\"wp-block-embed__wrapper\">\n<iframe loading=\"lazy\" title=\"Lego Train Automation - Klappbr\u00fccken [de]\" width=\"819\" height=\"461\" src=\"https:\/\/www.youtube.com\/embed\/r_-TxvzbXHM?feature=oembed\" frameborder=\"0\" allow=\"accelerometer; autoplay; clipboard-write; encrypted-media; gyroscope; picture-in-picture\" allowfullscreen><\/iframe>\n<\/div><\/figure>\n\n\n\n<p>Der bewegliche Teil der Br\u00fccke wird mit einem Motor gesteuert. Ein Blinklicht zeigt an, dass die Br\u00fccke in Bewegung ist. Unterhalb der Br\u00fccke zeigt ein rotes bzw. gr\u00fcnes Signal an, ob Boote die Br\u00fccke passieren k\u00f6nnen. Ein wei\u00dfes Licht zeigt an, dass die Br\u00fccke im Begriff ist, sich zu \u00f6ffnen.<\/p>\n\n\n\n<figure class=\"wp-block-image size-large\"><img loading=\"lazy\" decoding=\"async\" width=\"1024\" height=\"553\" src=\"https:\/\/mattzobricks.com\/wp-content\/uploads\/2021\/03\/bridge_south-1024x553.png\" alt=\"\" class=\"wp-image-2932\" srcset=\"https:\/\/mattzobricks.com\/wp-content\/uploads\/2021\/03\/bridge_south-1024x553.png 1024w, https:\/\/mattzobricks.com\/wp-content\/uploads\/2021\/03\/bridge_south-300x162.png 300w, https:\/\/mattzobricks.com\/wp-content\/uploads\/2021\/03\/bridge_south-768x415.png 768w, https:\/\/mattzobricks.com\/wp-content\/uploads\/2021\/03\/bridge_south-1536x830.png 1536w, https:\/\/mattzobricks.com\/wp-content\/uploads\/2021\/03\/bridge_south-2048x1106.png 2048w\" sizes=\"auto, (max-width: 1024px) 100vw, 1024px\" \/><\/figure>\n\n\n\n<p>Das Erreichen der Endpositionen bei \u00d6ffnung und Schlie\u00dfen der Br\u00fccke wird mit Reed Sensoren gemessen.<\/p>\n\n\n\n<figure class=\"wp-block-image size-large\"><img loading=\"lazy\" decoding=\"async\" width=\"1024\" height=\"629\" src=\"https:\/\/mattzobricks.com\/wp-content\/uploads\/2021\/03\/bridge_northwest-1024x629.png\" alt=\"\" class=\"wp-image-2929\" srcset=\"https:\/\/mattzobricks.com\/wp-content\/uploads\/2021\/03\/bridge_northwest-1024x629.png 1024w, https:\/\/mattzobricks.com\/wp-content\/uploads\/2021\/03\/bridge_northwest-300x184.png 300w, https:\/\/mattzobricks.com\/wp-content\/uploads\/2021\/03\/bridge_northwest-768x472.png 768w, https:\/\/mattzobricks.com\/wp-content\/uploads\/2021\/03\/bridge_northwest-1536x944.png 1536w, https:\/\/mattzobricks.com\/wp-content\/uploads\/2021\/03\/bridge_northwest-2048x1259.png 2048w\" sizes=\"auto, (max-width: 1024px) 100vw, 1024px\" \/><\/figure>\n\n\n\n<p>Bewegliche Br\u00fccken werden mit dem MattzoLayoutController gesteuert. Details und Bauanleitung f\u00fcr den MattzoLayoutController gibt es <a href=\"https:\/\/mattzobricks.com\/automation\/mattzolayoutcontroller\/mattzobridgecontroller\" type=\"page\" id=\"1986\">hier<\/a>.<\/p>\n\n\n\n<p>Bewegliche Br\u00fccken sind wie folgt in das Mattzobricks Train Automation System 2.0 eingebettet:<\/p>\n\n\n\n<figure class=\"wp-block-image size-large\"><img loading=\"lazy\" decoding=\"async\" width=\"1024\" height=\"512\" src=\"https:\/\/mattzobricks.com\/wp-content\/uploads\/2021\/12\/MTAS-6-Bridges-1024x512.png\" alt=\"MattzoBricks Train Automation System: Klappbr\u00fccken\" class=\"wp-image-4080\" srcset=\"https:\/\/mattzobricks.com\/wp-content\/uploads\/2021\/12\/MTAS-6-Bridges-1024x512.png 1024w, https:\/\/mattzobricks.com\/wp-content\/uploads\/2021\/12\/MTAS-6-Bridges-300x150.png 300w, https:\/\/mattzobricks.com\/wp-content\/uploads\/2021\/12\/MTAS-6-Bridges-768x384.png 768w, https:\/\/mattzobricks.com\/wp-content\/uploads\/2021\/12\/MTAS-6-Bridges.png 1107w\" sizes=\"auto, (max-width: 1024px) 100vw, 1024px\" \/><figcaption>MattzoBricks Train Automation System: Bewegliche Br\u00fccken<\/figcaption><\/figure>\n","protected":false},"excerpt":{"rendered":"<p>Klappbr\u00fccken, Drehbr\u00fccken oder Hubbr\u00fccken sind Eisenbahnquerungen, die sich normalerweise \u00fcber Gew\u00e4sser erstrecken. Gemeinsam mit Drehscheiben geh\u00f6ren sie zu den komplexeren Komponenten einer LEGO Eisenbahnanlage. Das MattzoBricks Train Automation System unterst\u00fctzt bewegliche Br\u00fccken. Wie das funktioniert, kann man in folgendem Video sehen: Der bewegliche Teil der Br\u00fccke wird mit einem Motor [&hellip;]<\/p>\n","protected":false},"author":1,"featured_media":0,"parent":6949,"menu_order":160,"comment_status":"closed","ping_status":"closed","template":"","meta":{"_bbp_topic_count":0,"_bbp_reply_count":0,"_bbp_total_topic_count":0,"_bbp_total_reply_count":0,"_bbp_voice_count":0,"_bbp_anonymous_reply_count":0,"_bbp_topic_count_hidden":0,"_bbp_reply_count_hidden":0,"_bbp_forum_subforum_count":0,"footnotes":""},"class_list":["post-2772","page","type-page","status-publish","hentry"],"translation":{"provider":"WPGlobus","version":"3.0.2","language":"de","enabled_languages":["en","de"],"languages":{"en":{"title":true,"content":true,"excerpt":false},"de":{"title":true,"content":true,"excerpt":false}}},"_links":{"self":[{"href":"https:\/\/mattzobricks.com\/de\/wp-json\/wp\/v2\/pages\/2772","targetHints":{"allow":["GET"]}}],"collection":[{"href":"https:\/\/mattzobricks.com\/de\/wp-json\/wp\/v2\/pages"}],"about":[{"href":"https:\/\/mattzobricks.com\/de\/wp-json\/wp\/v2\/types\/page"}],"author":[{"embeddable":true,"href":"https:\/\/mattzobricks.com\/de\/wp-json\/wp\/v2\/users\/1"}],"replies":[{"embeddable":true,"href":"https:\/\/mattzobricks.com\/de\/wp-json\/wp\/v2\/comments?post=2772"}],"version-history":[{"count":20,"href":"https:\/\/mattzobricks.com\/de\/wp-json\/wp\/v2\/pages\/2772\/revisions"}],"predecessor-version":[{"id":7521,"href":"https:\/\/mattzobricks.com\/de\/wp-json\/wp\/v2\/pages\/2772\/revisions\/7521"}],"up":[{"embeddable":true,"href":"https:\/\/mattzobricks.com\/de\/wp-json\/wp\/v2\/pages\/6949"}],"wp:attachment":[{"href":"https:\/\/mattzobricks.com\/de\/wp-json\/wp\/v2\/media?parent=2772"}],"curies":[{"name":"wp","href":"https:\/\/api.w.org\/{rel}","templated":true}]}}