{"id":3009,"date":"2021-04-02T23:35:18","date_gmt":"2021-04-02T21:35:18","guid":{"rendered":"https:\/\/mattzobricks.com\/?page_id=3009"},"modified":"2025-09-19T14:56:17","modified_gmt":"2025-09-19T12:56:17","slug":"drehscheiben","status":"publish","type":"page","link":"https:\/\/mattzobricks.com\/de\/build\/drehscheiben","title":{"rendered":"Drehscheiben"},"content":{"rendered":"\n<p>Drehscheiben geh\u00f6ren zu den komplexesten Einrichtungen auf Modellbahnanlagen.<\/p>\n\n\n\n<figure class=\"wp-block-image size-large\"><img loading=\"lazy\" decoding=\"async\" width=\"1024\" height=\"548\" src=\"https:\/\/mattzobricks.com\/wp-content\/uploads\/2025\/09\/Turntable-1024x548.png\" alt=\"Turn table\" class=\"wp-image-8587\" srcset=\"https:\/\/mattzobricks.com\/wp-content\/uploads\/2025\/09\/Turntable-1024x548.png 1024w, https:\/\/mattzobricks.com\/wp-content\/uploads\/2025\/09\/Turntable-300x160.png 300w, https:\/\/mattzobricks.com\/wp-content\/uploads\/2025\/09\/Turntable-768x411.png 768w, https:\/\/mattzobricks.com\/wp-content\/uploads\/2025\/09\/Turntable-1536x821.png 1536w, https:\/\/mattzobricks.com\/wp-content\/uploads\/2025\/09\/Turntable-2048x1095.png 2048w\" sizes=\"auto, (max-width: 1024px) 100vw, 1024px\" \/><figcaption class=\"wp-element-caption\">Drehscheibe<\/figcaption><\/figure>\n\n\n\n<p>Derzeit arbeiten wir noch an der Unterst\u00fctzung von Drehscheiben.<\/p>\n\n\n\n<p>Abonniert bitte unsere Social Media Kan\u00e4le, um auf dem Laufenden zu bleiben!<\/p>\n\n\n\n<p>Danke f\u00fcr Eure Geduld.<\/p>\n","protected":false},"excerpt":{"rendered":"<p>Drehscheiben geh\u00f6ren zu den komplexesten Einrichtungen auf Modellbahnanlagen. Derzeit arbeiten wir noch an der Unterst\u00fctzung von Drehscheiben. Abonniert bitte unsere Social Media Kan\u00e4le, um auf dem Laufenden zu bleiben! Danke f\u00fcr Eure Geduld.<\/p>\n","protected":false},"author":1,"featured_media":0,"parent":6949,"menu_order":170,"comment_status":"closed","ping_status":"closed","template":"","meta":{"_bbp_topic_count":0,"_bbp_reply_count":0,"_bbp_total_topic_count":0,"_bbp_total_reply_count":0,"_bbp_voice_count":0,"_bbp_anonymous_reply_count":0,"_bbp_topic_count_hidden":0,"_bbp_reply_count_hidden":0,"_bbp_forum_subforum_count":0,"footnotes":""},"class_list":["post-3009","page","type-page","status-publish","hentry"],"translation":{"provider":"WPGlobus","version":"3.0.2","language":"de","enabled_languages":["en","de"],"languages":{"en":{"title":true,"content":true,"excerpt":false},"de":{"title":true,"content":true,"excerpt":false}}},"_links":{"self":[{"href":"https:\/\/mattzobricks.com\/de\/wp-json\/wp\/v2\/pages\/3009","targetHints":{"allow":["GET"]}}],"collection":[{"href":"https:\/\/mattzobricks.com\/de\/wp-json\/wp\/v2\/pages"}],"about":[{"href":"https:\/\/mattzobricks.com\/de\/wp-json\/wp\/v2\/types\/page"}],"author":[{"embeddable":true,"href":"https:\/\/mattzobricks.com\/de\/wp-json\/wp\/v2\/users\/1"}],"replies":[{"embeddable":true,"href":"https:\/\/mattzobricks.com\/de\/wp-json\/wp\/v2\/comments?post=3009"}],"version-history":[{"count":9,"href":"https:\/\/mattzobricks.com\/de\/wp-json\/wp\/v2\/pages\/3009\/revisions"}],"predecessor-version":[{"id":8590,"href":"https:\/\/mattzobricks.com\/de\/wp-json\/wp\/v2\/pages\/3009\/revisions\/8590"}],"up":[{"embeddable":true,"href":"https:\/\/mattzobricks.com\/de\/wp-json\/wp\/v2\/pages\/6949"}],"wp:attachment":[{"href":"https:\/\/mattzobricks.com\/de\/wp-json\/wp\/v2\/media?parent=3009"}],"curies":[{"name":"wp","href":"https:\/\/api.w.org\/{rel}","templated":true}]}}