{"id":3118,"date":"2021-04-13T19:45:07","date_gmt":"2021-04-13T17:45:07","guid":{"rendered":"https:\/\/mattzobricks.com\/?page_id=3118"},"modified":"2024-04-30T10:47:57","modified_gmt":"2024-04-30T08:47:57","slug":"station-displays","status":"publish","type":"page","link":"https:\/\/mattzobricks.com\/de\/build\/station-displays","title":{"rendered":"Bahnhofsanzeigen"},"content":{"rendered":"\n<p>Mit Bahnhofsanzeigen lassen sich Hinweise anzeigen, wie sie typischerweise auf Anzeigetafeln in Bahnh\u00f6fen zu finden sind.<\/p>\n\n\n\n<figure class=\"wp-block-image size-large\"><img loading=\"lazy\" decoding=\"async\" width=\"1024\" height=\"768\" src=\"https:\/\/mattzobricks.com\/wp-content\/uploads\/2021\/04\/MattzoStationController1-1024x768.jpg\" alt=\"Station Display\" class=\"wp-image-3119\" srcset=\"https:\/\/mattzobricks.com\/wp-content\/uploads\/2021\/04\/MattzoStationController1-1024x768.jpg 1024w, https:\/\/mattzobricks.com\/wp-content\/uploads\/2021\/04\/MattzoStationController1-300x225.jpg 300w, https:\/\/mattzobricks.com\/wp-content\/uploads\/2021\/04\/MattzoStationController1-768x576.jpg 768w, https:\/\/mattzobricks.com\/wp-content\/uploads\/2021\/04\/MattzoStationController1-1536x1152.jpg 1536w, https:\/\/mattzobricks.com\/wp-content\/uploads\/2021\/04\/MattzoStationController1-2048x1536.jpg 2048w\" sizes=\"auto, (max-width: 1024px) 100vw, 1024px\" \/><figcaption>Station Display<\/figcaption><\/figure>\n\n\n\n<p>Wir werden hier Infos ver\u00f6ffentlichen, sobald wir Bahnhofsanzeigen mit einem unserer Controller unterst\u00fctzen.<\/p>\n\n\n\n<p>Bitte abonniert unsere Social Media Kan\u00e4le, um auf dem Laufenden zu bleiben.<\/p>\n\n\n\n<p>Danke f\u00fcr Eure Geduld.<\/p>\n","protected":false},"excerpt":{"rendered":"<p>Mit Bahnhofsanzeigen lassen sich Hinweise anzeigen, wie sie typischerweise auf Anzeigetafeln in Bahnh\u00f6fen zu finden sind. Wir werden hier Infos ver\u00f6ffentlichen, sobald wir Bahnhofsanzeigen mit einem unserer Controller unterst\u00fctzen. Bitte abonniert unsere Social Media Kan\u00e4le, um auf dem Laufenden zu bleiben. Danke f\u00fcr Eure Geduld.<\/p>\n","protected":false},"author":1,"featured_media":0,"parent":6949,"menu_order":190,"comment_status":"open","ping_status":"closed","template":"","meta":{"_bbp_topic_count":0,"_bbp_reply_count":0,"_bbp_total_topic_count":0,"_bbp_total_reply_count":0,"_bbp_voice_count":0,"_bbp_anonymous_reply_count":0,"_bbp_topic_count_hidden":0,"_bbp_reply_count_hidden":0,"_bbp_forum_subforum_count":0,"footnotes":""},"class_list":["post-3118","page","type-page","status-publish","hentry"],"translation":{"provider":"WPGlobus","version":"3.0.2","language":"de","enabled_languages":["en","de"],"languages":{"en":{"title":true,"content":true,"excerpt":false},"de":{"title":true,"content":true,"excerpt":false}}},"_links":{"self":[{"href":"https:\/\/mattzobricks.com\/de\/wp-json\/wp\/v2\/pages\/3118","targetHints":{"allow":["GET"]}}],"collection":[{"href":"https:\/\/mattzobricks.com\/de\/wp-json\/wp\/v2\/pages"}],"about":[{"href":"https:\/\/mattzobricks.com\/de\/wp-json\/wp\/v2\/types\/page"}],"author":[{"embeddable":true,"href":"https:\/\/mattzobricks.com\/de\/wp-json\/wp\/v2\/users\/1"}],"replies":[{"embeddable":true,"href":"https:\/\/mattzobricks.com\/de\/wp-json\/wp\/v2\/comments?post=3118"}],"version-history":[{"count":14,"href":"https:\/\/mattzobricks.com\/de\/wp-json\/wp\/v2\/pages\/3118\/revisions"}],"predecessor-version":[{"id":4179,"href":"https:\/\/mattzobricks.com\/de\/wp-json\/wp\/v2\/pages\/3118\/revisions\/4179"}],"up":[{"embeddable":true,"href":"https:\/\/mattzobricks.com\/de\/wp-json\/wp\/v2\/pages\/6949"}],"wp:attachment":[{"href":"https:\/\/mattzobricks.com\/de\/wp-json\/wp\/v2\/media?parent=3118"}],"curies":[{"name":"wp","href":"https:\/\/api.w.org\/{rel}","templated":true}]}}