{"id":3168,"date":"2021-04-21T23:22:27","date_gmt":"2021-04-21T21:22:27","guid":{"rendered":"https:\/\/mattzobricks.com\/?page_id=3168"},"modified":"2022-02-06T09:59:18","modified_gmt":"2022-02-06T08:59:18","slug":"3d-train-studio","status":"publish","type":"page","link":"https:\/\/mattzobricks.com\/de\/lego-track-planning\/3d-train-studio","title":{"rendered":"3D-Modellbahn Studio"},"content":{"rendered":"\n<p>Das 3D-Modellbahn Studio ist eine professionelle <strong>Modelleisenbahn Planungs<\/strong>&#8211; und <strong>Simulations-Software<\/strong>. Es lassen sich Anlagen in verschiedenen Ma\u00dfst\u00e4ben planen &#8211; nat\u00fcrlich auch im LEGO-spezifischen Ma\u00dfstab L (1:38). Die Software unterst\u00fctzt 2D und 3D Ansichten.<\/p>\n\n\n\n<p>Im Simulations-Modus setzen sich Z\u00fcge und andere Objekte wie in der Realit\u00e4t in Bewegung.<\/p>\n\n\n\n<figure class=\"wp-block-image size-large\"><img loading=\"lazy\" decoding=\"async\" width=\"1024\" height=\"489\" src=\"https:\/\/mattzobricks.com\/wp-content\/uploads\/2021\/04\/3DTS-7-1024x489.png\" alt=\"\" class=\"wp-image-3224\" srcset=\"https:\/\/mattzobricks.com\/wp-content\/uploads\/2021\/04\/3DTS-7-1024x489.png 1024w, https:\/\/mattzobricks.com\/wp-content\/uploads\/2021\/04\/3DTS-7-300x143.png 300w, https:\/\/mattzobricks.com\/wp-content\/uploads\/2021\/04\/3DTS-7-768x367.png 768w, https:\/\/mattzobricks.com\/wp-content\/uploads\/2021\/04\/3DTS-7-1536x733.png 1536w, https:\/\/mattzobricks.com\/wp-content\/uploads\/2021\/04\/3DTS-7-2048x978.png 2048w\" sizes=\"auto, (max-width: 1024px) 100vw, 1024px\" \/><figcaption>Eine sch\u00f6ne Modellbahnanlage, erstellt mit dem 3D-Modellbahn Studio<\/figcaption><\/figure>\n\n\n\n<p>Ein ausgesprochen interessantes Feature des 3D-Modellbahn Studios ist seine F\u00e4higkeit mit Rocrail zu interagieren. Rocrail ist die Modelleisenbahn-Automatisierungs-Software im MattzoBricks Train Automation System 2.0.<\/p>\n\n\n\n<p>Das bedeutet, dass man seine Anlagen nicht nur auf dem Computer planen kann, sondern man kann sie nun auch auf Leistungsf\u00e4higkeit und Funktionalit\u00e4t testen &#8211; oder einfach ein bisschen mit Ihr herumspielen. <strong>Die ist ein wesentlicher Fortschritt in der Automation von LEGO Eisenbahnanlagen <\/strong>und vereinfacht die Konfiguration und das Testen von Rocrail Gleispl\u00e4nen ganz erheblich.<\/p>\n\n\n\n<p>Ich habe eine Gleisbibliothek f\u00fcr TrixBrix Gleise f\u00fcr das 3D-Modellbahn Studio erstellt. Man findet die Gleise in der 3D-Modellbahn Studio Software in diesem Ordner:<\/p>\n\n\n\n<p>Online-Katalog > Entdecken > Verkehrswege > Gleise > Ma\u00dfstab L (1:38) > TrixBrix<\/p>\n\n\n\n<p>Andere haben die original LEGO Gleise und die Gleise von FX Bricks, ME-Models, BrickTracks and 4DBrix beigetragen. Alle Gleise sind in der Online-Bibliothek des 3D-Modellbahn Studios enthalten und somit ohne weitere Konfiguration automatisch in der Software verf\u00fcgbar.<\/p>\n\n\n\n<figure class=\"wp-block-image size-large\"><img loading=\"lazy\" decoding=\"async\" width=\"1024\" height=\"402\" src=\"https:\/\/mattzobricks.com\/wp-content\/uploads\/2021\/04\/3DTS-2.png\" alt=\"LEGO compatible track planning with 3D Train Studio\" class=\"wp-image-3173\" srcset=\"https:\/\/mattzobricks.com\/wp-content\/uploads\/2021\/04\/3DTS-2.png 1024w, https:\/\/mattzobricks.com\/wp-content\/uploads\/2021\/04\/3DTS-2-300x118.png 300w, https:\/\/mattzobricks.com\/wp-content\/uploads\/2021\/04\/3DTS-2-768x302.png 768w\" sizes=\"auto, (max-width: 1024px) 100vw, 1024px\" \/><figcaption>Gleisplanung f\u00fcr LEGO und kompatible Gleissysteme mit dem 3D-Modellbahn Studio<\/figcaption><\/figure>\n\n\n\n<p>Sei gewarnt, dass das 3D-Modellbahn Studio durchaus abh\u00e4ngig machen kann, wie dies bei Computerspielen der Fall ist. Stelle also sicher, dass Du Deine Anlage auch noch tats\u00e4chlich in der Realit\u00e4t baust, und nicht im 3D-Modellbahn Studio versackst (was leicht passieren kann).<\/p>\n\n\n\n<p>Das 3D-Modellbahn Studio ist kostenlos verf\u00fcgbar. Wenn man alle Premium-Features einschlie\u00dflich der Anbindung an Rocrail verwenden m\u00f6chte, so empfiehlt sich die Professional Version. Als MattzoBricks Anwender bekommt man einen 15% Rabatt auf den Listenpreis.<\/p>\n\n\n\n<p>Das 3D-Modellbahn Studio l\u00e4uft unter Microsoft Windows und kann hier heruntergeladen werden: <a href=\"https:\/\/www.3d-modellbahn.de\/\">https:\/\/www.3d-modellbahn.de\/<\/a><\/p>\n\n\n\n<p>Um die verg\u00fcnstigte Lizenz zu erwerben, folge bitte diesen Schritten:<\/p>\n\n\n\n<ul class=\"wp-block-list\"><li>Starte die 3D-Modellbahn Studio Software.<\/li><li>Starte den Kaufprozess aus der Software heraus und gib den Mattzobricks Gutscheincode <strong>MattzoBricks2022<\/strong> w\u00e4hrend des Zahlungsprozesses ein.<\/li><li>Viel Spa\u00df mit den Features der Professional Version!<\/li><\/ul>\n\n\n\n<figure class=\"wp-block-gallery columns-3 is-cropped wp-block-gallery-2 is-layout-flex wp-block-gallery-is-layout-flex\"><ul class=\"blocks-gallery-grid\"><li class=\"blocks-gallery-item\"><figure><img loading=\"lazy\" decoding=\"async\" width=\"1024\" height=\"486\" src=\"https:\/\/mattzobricks.com\/wp-content\/uploads\/2021\/04\/3DTS-6-1024x486.png\" alt=\"Passagierzug im 3D Modellbahn Studio\" data-id=\"3225\" data-full-url=\"https:\/\/mattzobricks.com\/wp-content\/uploads\/2021\/04\/3DTS-6.png\" data-link=\"https:\/\/mattzobricks.com\/3dts-6\" class=\"wp-image-3225\" srcset=\"https:\/\/mattzobricks.com\/wp-content\/uploads\/2021\/04\/3DTS-6-1024x486.png 1024w, https:\/\/mattzobricks.com\/wp-content\/uploads\/2021\/04\/3DTS-6-300x142.png 300w, https:\/\/mattzobricks.com\/wp-content\/uploads\/2021\/04\/3DTS-6-768x364.png 768w, https:\/\/mattzobricks.com\/wp-content\/uploads\/2021\/04\/3DTS-6-1536x729.png 1536w, https:\/\/mattzobricks.com\/wp-content\/uploads\/2021\/04\/3DTS-6-2048x972.png 2048w\" sizes=\"auto, (max-width: 1024px) 100vw, 1024px\" \/><figcaption class=\"blocks-gallery-item__caption\">Passagierzug im 3D Modellbahn Studio<\/figcaption><\/figure><\/li><li class=\"blocks-gallery-item\"><figure><img loading=\"lazy\" decoding=\"async\" width=\"1024\" height=\"494\" src=\"https:\/\/mattzobricks.com\/wp-content\/uploads\/2021\/06\/3DTS-9-1024x494.png\" alt=\"Horizon Express im 3D Modellbahn Studio\" data-id=\"3621\" data-full-url=\"https:\/\/mattzobricks.com\/wp-content\/uploads\/2021\/06\/3DTS-9.png\" data-link=\"https:\/\/mattzobricks.com\/3dts-9\" class=\"wp-image-3621\" srcset=\"https:\/\/mattzobricks.com\/wp-content\/uploads\/2021\/06\/3DTS-9-1024x494.png 1024w, https:\/\/mattzobricks.com\/wp-content\/uploads\/2021\/06\/3DTS-9-300x145.png 300w, https:\/\/mattzobricks.com\/wp-content\/uploads\/2021\/06\/3DTS-9-768x370.png 768w, https:\/\/mattzobricks.com\/wp-content\/uploads\/2021\/06\/3DTS-9-1536x740.png 1536w, https:\/\/mattzobricks.com\/wp-content\/uploads\/2021\/06\/3DTS-9-2048x987.png 2048w\" sizes=\"auto, (max-width: 1024px) 100vw, 1024px\" \/><figcaption class=\"blocks-gallery-item__caption\">Horizon Express im 3D Modellbahn Studio<\/figcaption><\/figure><\/li><li class=\"blocks-gallery-item\"><figure><img loading=\"lazy\" decoding=\"async\" width=\"1024\" height=\"480\" src=\"https:\/\/mattzobricks.com\/wp-content\/uploads\/2021\/06\/3DTS-8-1024x480.png\" alt=\"Smaragd-Express und E94 im 3D Modellbahn Studio\" data-id=\"3620\" data-full-url=\"https:\/\/mattzobricks.com\/wp-content\/uploads\/2021\/06\/3DTS-8.png\" data-link=\"https:\/\/mattzobricks.com\/3dts-8\" class=\"wp-image-3620\" srcset=\"https:\/\/mattzobricks.com\/wp-content\/uploads\/2021\/06\/3DTS-8-1024x480.png 1024w, https:\/\/mattzobricks.com\/wp-content\/uploads\/2021\/06\/3DTS-8-300x141.png 300w, https:\/\/mattzobricks.com\/wp-content\/uploads\/2021\/06\/3DTS-8-768x360.png 768w, https:\/\/mattzobricks.com\/wp-content\/uploads\/2021\/06\/3DTS-8-1536x720.png 1536w, https:\/\/mattzobricks.com\/wp-content\/uploads\/2021\/06\/3DTS-8-2048x960.png 2048w\" sizes=\"auto, (max-width: 1024px) 100vw, 1024px\" \/><figcaption class=\"blocks-gallery-item__caption\">Smaragd-Express und E94 im 3D Modellbahn Studio<\/figcaption><\/figure><\/li><\/ul><\/figure>\n","protected":false},"excerpt":{"rendered":"<p>Das 3D-Modellbahn Studio ist eine professionelle Modelleisenbahn Planungs&#8211; und Simulations-Software. Es lassen sich Anlagen in verschiedenen Ma\u00dfst\u00e4ben planen &#8211; nat\u00fcrlich auch im LEGO-spezifischen Ma\u00dfstab L (1:38). Die Software unterst\u00fctzt 2D und 3D Ansichten. Im Simulations-Modus setzen sich Z\u00fcge und andere Objekte wie in der Realit\u00e4t in Bewegung. Ein ausgesprochen interessantes [&hellip;]<\/p>\n","protected":false},"author":1,"featured_media":0,"parent":95,"menu_order":15,"comment_status":"open","ping_status":"closed","template":"","meta":{"_bbp_topic_count":0,"_bbp_reply_count":0,"_bbp_total_topic_count":0,"_bbp_total_reply_count":0,"_bbp_voice_count":0,"_bbp_anonymous_reply_count":0,"_bbp_topic_count_hidden":0,"_bbp_reply_count_hidden":0,"_bbp_forum_subforum_count":0,"footnotes":""},"class_list":["post-3168","page","type-page","status-publish","hentry"],"translation":{"provider":"WPGlobus","version":"3.0.2","language":"de","enabled_languages":["en","de"],"languages":{"en":{"title":true,"content":true,"excerpt":false},"de":{"title":true,"content":true,"excerpt":false}}},"_links":{"self":[{"href":"https:\/\/mattzobricks.com\/de\/wp-json\/wp\/v2\/pages\/3168","targetHints":{"allow":["GET"]}}],"collection":[{"href":"https:\/\/mattzobricks.com\/de\/wp-json\/wp\/v2\/pages"}],"about":[{"href":"https:\/\/mattzobricks.com\/de\/wp-json\/wp\/v2\/types\/page"}],"author":[{"embeddable":true,"href":"https:\/\/mattzobricks.com\/de\/wp-json\/wp\/v2\/users\/1"}],"replies":[{"embeddable":true,"href":"https:\/\/mattzobricks.com\/de\/wp-json\/wp\/v2\/comments?post=3168"}],"version-history":[{"count":24,"href":"https:\/\/mattzobricks.com\/de\/wp-json\/wp\/v2\/pages\/3168\/revisions"}],"predecessor-version":[{"id":5565,"href":"https:\/\/mattzobricks.com\/de\/wp-json\/wp\/v2\/pages\/3168\/revisions\/5565"}],"up":[{"embeddable":true,"href":"https:\/\/mattzobricks.com\/de\/wp-json\/wp\/v2\/pages\/95"}],"wp:attachment":[{"href":"https:\/\/mattzobricks.com\/de\/wp-json\/wp\/v2\/media?parent=3168"}],"curies":[{"name":"wp","href":"https:\/\/api.w.org\/{rel}","templated":true}]}}