{"id":4417,"date":"2021-12-31T08:55:20","date_gmt":"2021-12-31T07:55:20","guid":{"rendered":"https:\/\/mattzobricks.com\/?page_id=4417"},"modified":"2025-02-21T12:14:12","modified_gmt":"2025-02-21T11:14:12","slug":"promotions","status":"publish","type":"page","link":"https:\/\/mattzobricks.com\/de\/more\/promotions","title":{"rendered":"Promotions"},"content":{"rendered":"\n<h2 class=\"wp-block-heading\">Aktuelle Promotions f\u00fcr MattzoBricks Benutzer<\/h2>\n\n\n\n<h3 class=\"wp-block-heading\">BuWizz<\/h3>\n\n\n<div class=\"wp-block-image\">\n<figure class=\"alignleft size-full\"><img loading=\"lazy\" decoding=\"async\" width=\"242\" height=\"66\" src=\"https:\/\/mattzobricks.com\/wp-content\/uploads\/2024\/10\/buwizz_logo.png\" alt=\"\" class=\"wp-image-7810\"\/><\/figure>\n<\/div>\n\n\n<p>BuWizz ist ein Hersteller LEGO-kompatibler, elektronischer Ger\u00e4te.<\/p>\n\n\n\n<p>Das relevanteste Produkt f\u00fcr Mattzobricks User ist die BuWizz 2.0 Einheit. Es handelt sich um eine Box mit einem eingebautem Akku und hat vier Anschl\u00fcsse f\u00fcr Power Functions Stecker. An das Ger\u00e4t k\u00f6nnen Eisenbahn-Motoren und Lichter angeschlossen werden. BuWizz 2.0 arbeitet perfekt mit dem MattzoTrainController for Bluetooth (<a href=\"https:\/\/mattzobricks.com\/automation\/train-automation\/mtc4bt\" data-type=\"page\" data-id=\"3723\">MTC4BT<\/a>) zusammen.<\/p>\n\n\n\n<p>Alle Details findet man auf der <a href=\"https:\/\/buwizz.com?ref=240\">BuWizz website<\/a>.<\/p>\n\n\n\n<p>Hier ist ein Video, in dem wir ausprobiert haben, wie stark eine Buwizz2 unit wirklich ist:<\/p>\n\n\n\n<figure class=\"wp-block-embed is-type-video is-provider-youtube wp-block-embed-youtube wp-embed-aspect-16-9 wp-has-aspect-ratio\"><div class=\"wp-block-embed__wrapper\">\n<iframe loading=\"lazy\" title=\"Irre: Buwizz2 zieht 15 Smaragdexpress Waggons!\" width=\"819\" height=\"461\" src=\"https:\/\/www.youtube.com\/embed\/gBJUqKfnh1I?feature=oembed\" frameborder=\"0\" allow=\"accelerometer; autoplay; clipboard-write; encrypted-media; gyroscope; picture-in-picture; web-share\" referrerpolicy=\"strict-origin-when-cross-origin\" allowfullscreen><\/iframe>\n<\/div><\/figure>\n\n\n\n<h3 class=\"wp-block-heading\">3D Modellbahn-Studio<\/h3>\n\n\n\n<p>Dreidimensionale Gleisplanung und Anlagensimulation macht man idealerweise mit dem 3D-Modellbahn Studio.<\/p>\n\n\n\n<figure class=\"wp-block-image size-large\"><img loading=\"lazy\" decoding=\"async\" width=\"375\" height=\"105\" src=\"https:\/\/mattzobricks.com\/wp-content\/uploads\/2021\/07\/3DTS-Logo_de.png\" alt=\"\" class=\"wp-image-3696\" srcset=\"https:\/\/mattzobricks.com\/wp-content\/uploads\/2021\/07\/3DTS-Logo_de.png 375w, https:\/\/mattzobricks.com\/wp-content\/uploads\/2021\/07\/3DTS-Logo_de-300x84.png 300w\" sizes=\"auto, (max-width: 375px) 100vw, 375px\" \/><\/figure>\n\n\n\n<p>Bei Kauf einer Professional License der Software &#8220;3D-Modellbahnstudio&#8221; auf <a rel=\"noreferrer noopener\" href=\"https:\/\/www.3d-modellbahn.de\/\" target=\"_blank\">3d-modellbahn.de<\/a> bitte den Gutschein-Code <strong>MattzoBricks2022<\/strong> eingeben und 15% Rabatt erhalten!<\/p>\n","protected":false},"excerpt":{"rendered":"<p>Aktuelle Promotions f\u00fcr MattzoBricks Benutzer BuWizz BuWizz ist ein Hersteller LEGO-kompatibler, elektronischer Ger\u00e4te. Das relevanteste Produkt f\u00fcr Mattzobricks User ist die BuWizz 2.0 Einheit. Es handelt sich um eine Box mit einem eingebautem Akku und hat vier Anschl\u00fcsse f\u00fcr Power Functions Stecker. An das Ger\u00e4t k\u00f6nnen Eisenbahn-Motoren und Lichter angeschlossen [&hellip;]<\/p>\n","protected":false},"author":1,"featured_media":0,"parent":1707,"menu_order":200,"comment_status":"closed","ping_status":"closed","template":"","meta":{"_bbp_topic_count":0,"_bbp_reply_count":0,"_bbp_total_topic_count":0,"_bbp_total_reply_count":0,"_bbp_voice_count":0,"_bbp_anonymous_reply_count":0,"_bbp_topic_count_hidden":0,"_bbp_reply_count_hidden":0,"_bbp_forum_subforum_count":0,"footnotes":""},"class_list":["post-4417","page","type-page","status-publish","hentry"],"translation":{"provider":"WPGlobus","version":"3.0.2","language":"de","enabled_languages":["en","de"],"languages":{"en":{"title":true,"content":true,"excerpt":false},"de":{"title":true,"content":true,"excerpt":false}}},"_links":{"self":[{"href":"https:\/\/mattzobricks.com\/de\/wp-json\/wp\/v2\/pages\/4417","targetHints":{"allow":["GET"]}}],"collection":[{"href":"https:\/\/mattzobricks.com\/de\/wp-json\/wp\/v2\/pages"}],"about":[{"href":"https:\/\/mattzobricks.com\/de\/wp-json\/wp\/v2\/types\/page"}],"author":[{"embeddable":true,"href":"https:\/\/mattzobricks.com\/de\/wp-json\/wp\/v2\/users\/1"}],"replies":[{"embeddable":true,"href":"https:\/\/mattzobricks.com\/de\/wp-json\/wp\/v2\/comments?post=4417"}],"version-history":[{"count":13,"href":"https:\/\/mattzobricks.com\/de\/wp-json\/wp\/v2\/pages\/4417\/revisions"}],"predecessor-version":[{"id":8332,"href":"https:\/\/mattzobricks.com\/de\/wp-json\/wp\/v2\/pages\/4417\/revisions\/8332"}],"up":[{"embeddable":true,"href":"https:\/\/mattzobricks.com\/de\/wp-json\/wp\/v2\/pages\/1707"}],"wp:attachment":[{"href":"https:\/\/mattzobricks.com\/de\/wp-json\/wp\/v2\/media?parent=4417"}],"curies":[{"name":"wp","href":"https:\/\/api.w.org\/{rel}","templated":true}]}}