{"id":4972,"date":"2022-02-02T16:09:04","date_gmt":"2022-02-02T15:09:04","guid":{"rendered":"https:\/\/mattzobricks.com\/?page_id=4972"},"modified":"2024-10-05T10:42:46","modified_gmt":"2024-10-05T08:42:46","slug":"moc","status":"publish","type":"page","link":"https:\/\/mattzobricks.com\/de\/build\/moc","title":{"rendered":"Geb\u00e4ude und mehr"},"content":{"rendered":"\n<p>Wenn ich die Zeite finde, entwickle ich neben der LEGO Eisenbahn Automatisierung auch eigene Geb\u00e4ude oder Kreationen.<\/p>\n\n\n\n<p>Auf den Unterseiten findet man ein paar Ideen jenseits der \u00fcblichen Geb\u00e4ude, die LEGO und andere Hersteller anbieten.<\/p>\n\n\n\n<p>Viel Spa\u00df!<\/p>\n\n\n\n<figure class=\"wp-block-gallery has-nested-images columns-default is-cropped wp-block-gallery-2 is-layout-flex wp-block-gallery-is-layout-flex\">\n<figure class=\"wp-block-image size-large\"><a href=\"https:\/\/mattzobricks.com\/build\/moc\/lego-modular-fire-station\"><img loading=\"lazy\" decoding=\"async\" width=\"1024\" height=\"768\" data-id=\"6095\" src=\"https:\/\/mattzobricks.com\/wp-content\/uploads\/2023\/03\/LEGO-Modular-Fire-Station-1-1024x768.jpg\" alt=\"\" class=\"wp-image-6095\" srcset=\"https:\/\/mattzobricks.com\/wp-content\/uploads\/2023\/03\/LEGO-Modular-Fire-Station-1-1024x768.jpg 1024w, https:\/\/mattzobricks.com\/wp-content\/uploads\/2023\/03\/LEGO-Modular-Fire-Station-1-300x225.jpg 300w, https:\/\/mattzobricks.com\/wp-content\/uploads\/2023\/03\/LEGO-Modular-Fire-Station-1-768x576.jpg 768w, https:\/\/mattzobricks.com\/wp-content\/uploads\/2023\/03\/LEGO-Modular-Fire-Station-1-1536x1152.jpg 1536w, https:\/\/mattzobricks.com\/wp-content\/uploads\/2023\/03\/LEGO-Modular-Fire-Station-1-2048x1536.jpg 2048w\" sizes=\"auto, (max-width: 1024px) 100vw, 1024px\" \/><\/a><figcaption class=\"wp-element-caption\">Modular Fire Station<\/figcaption><\/figure>\n\n\n\n<figure class=\"wp-block-image size-large\"><a href=\"https:\/\/mattzobricks.com\/build\/moc\/ice-skating-rink\"><img loading=\"lazy\" decoding=\"async\" width=\"1024\" height=\"768\" data-id=\"7427\" src=\"https:\/\/mattzobricks.com\/wp-content\/uploads\/2024\/05\/Ice-Skating-Arena-2-1024x768.jpg\" alt=\"\" class=\"wp-image-7427\" srcset=\"https:\/\/mattzobricks.com\/wp-content\/uploads\/2024\/05\/Ice-Skating-Arena-2-1024x768.jpg 1024w, https:\/\/mattzobricks.com\/wp-content\/uploads\/2024\/05\/Ice-Skating-Arena-2-300x225.jpg 300w, https:\/\/mattzobricks.com\/wp-content\/uploads\/2024\/05\/Ice-Skating-Arena-2-768x576.jpg 768w, https:\/\/mattzobricks.com\/wp-content\/uploads\/2024\/05\/Ice-Skating-Arena-2-1536x1152.jpg 1536w, https:\/\/mattzobricks.com\/wp-content\/uploads\/2024\/05\/Ice-Skating-Arena-2-2048x1536.jpg 2048w\" sizes=\"auto, (max-width: 1024px) 100vw, 1024px\" \/><\/a><figcaption class=\"wp-element-caption\">Ice Skating Arena<\/figcaption><\/figure>\n\n\n\n<figure class=\"wp-block-image size-large\"><a href=\"https:\/\/mattzobricks.com\/build\/moc\/lego-botanical-garden-deluxe-edition\"><img loading=\"lazy\" decoding=\"async\" width=\"1024\" height=\"768\" data-id=\"6885\" src=\"https:\/\/mattzobricks.com\/wp-content\/uploads\/2024\/04\/IMG_1867-1024x768.jpg\" alt=\"\" class=\"wp-image-6885\" srcset=\"https:\/\/mattzobricks.com\/wp-content\/uploads\/2024\/04\/IMG_1867-1024x768.jpg 1024w, https:\/\/mattzobricks.com\/wp-content\/uploads\/2024\/04\/IMG_1867-300x225.jpg 300w, https:\/\/mattzobricks.com\/wp-content\/uploads\/2024\/04\/IMG_1867-768x576.jpg 768w, https:\/\/mattzobricks.com\/wp-content\/uploads\/2024\/04\/IMG_1867-1536x1152.jpg 1536w, https:\/\/mattzobricks.com\/wp-content\/uploads\/2024\/04\/IMG_1867-2048x1536.jpg 2048w\" sizes=\"auto, (max-width: 1024px) 100vw, 1024px\" \/><\/a><figcaption class=\"wp-element-caption\">Botanical Garden<\/figcaption><\/figure>\n\n\n\n<figure class=\"wp-block-image size-large\"><a href=\"https:\/\/mattzobricks.com\/build\/moc\/lego-botanical-garden-deluxe-edition\"><img loading=\"lazy\" decoding=\"async\" width=\"1024\" height=\"768\" data-id=\"6881\" src=\"https:\/\/mattzobricks.com\/wp-content\/uploads\/2024\/04\/IMG_1866-1024x768.jpg\" alt=\"\" class=\"wp-image-6881\" srcset=\"https:\/\/mattzobricks.com\/wp-content\/uploads\/2024\/04\/IMG_1866-1024x768.jpg 1024w, https:\/\/mattzobricks.com\/wp-content\/uploads\/2024\/04\/IMG_1866-300x225.jpg 300w, https:\/\/mattzobricks.com\/wp-content\/uploads\/2024\/04\/IMG_1866-768x576.jpg 768w, https:\/\/mattzobricks.com\/wp-content\/uploads\/2024\/04\/IMG_1866-1536x1152.jpg 1536w, https:\/\/mattzobricks.com\/wp-content\/uploads\/2024\/04\/IMG_1866-2048x1536.jpg 2048w\" sizes=\"auto, (max-width: 1024px) 100vw, 1024px\" \/><\/a><figcaption class=\"wp-element-caption\">Botanical Garden<\/figcaption><\/figure>\n<\/figure>\n","protected":false},"excerpt":{"rendered":"<p>Wenn ich die Zeite finde, entwickle ich neben der LEGO Eisenbahn Automatisierung auch eigene Geb\u00e4ude oder Kreationen. Auf den Unterseiten findet man ein paar Ideen jenseits der \u00fcblichen Geb\u00e4ude, die LEGO und andere Hersteller anbieten. Viel Spa\u00df!<\/p>\n","protected":false},"author":1,"featured_media":0,"parent":6949,"menu_order":210,"comment_status":"closed","ping_status":"closed","template":"","meta":{"_bbp_topic_count":0,"_bbp_reply_count":0,"_bbp_total_topic_count":0,"_bbp_total_reply_count":0,"_bbp_voice_count":0,"_bbp_anonymous_reply_count":0,"_bbp_topic_count_hidden":0,"_bbp_reply_count_hidden":0,"_bbp_forum_subforum_count":0,"footnotes":""},"class_list":["post-4972","page","type-page","status-publish","hentry"],"translation":{"provider":"WPGlobus","version":"3.0.2","language":"de","enabled_languages":["en","de"],"languages":{"en":{"title":true,"content":true,"excerpt":false},"de":{"title":true,"content":true,"excerpt":false}}},"_links":{"self":[{"href":"https:\/\/mattzobricks.com\/de\/wp-json\/wp\/v2\/pages\/4972","targetHints":{"allow":["GET"]}}],"collection":[{"href":"https:\/\/mattzobricks.com\/de\/wp-json\/wp\/v2\/pages"}],"about":[{"href":"https:\/\/mattzobricks.com\/de\/wp-json\/wp\/v2\/types\/page"}],"author":[{"embeddable":true,"href":"https:\/\/mattzobricks.com\/de\/wp-json\/wp\/v2\/users\/1"}],"replies":[{"embeddable":true,"href":"https:\/\/mattzobricks.com\/de\/wp-json\/wp\/v2\/comments?post=4972"}],"version-history":[{"count":16,"href":"https:\/\/mattzobricks.com\/de\/wp-json\/wp\/v2\/pages\/4972\/revisions"}],"predecessor-version":[{"id":7447,"href":"https:\/\/mattzobricks.com\/de\/wp-json\/wp\/v2\/pages\/4972\/revisions\/7447"}],"up":[{"embeddable":true,"href":"https:\/\/mattzobricks.com\/de\/wp-json\/wp\/v2\/pages\/6949"}],"wp:attachment":[{"href":"https:\/\/mattzobricks.com\/de\/wp-json\/wp\/v2\/media?parent=4972"}],"curies":[{"name":"wp","href":"https:\/\/api.w.org\/{rel}","templated":true}]}}