{"id":571,"date":"2020-05-27T13:47:10","date_gmt":"2020-05-27T13:47:10","guid":{"rendered":"http:\/\/mattzobricks.com\/?page_id=571"},"modified":"2024-02-28T17:59:01","modified_gmt":"2024-02-28T16:59:01","slug":"trixbrix-narrow-gauge-layouts","status":"publish","type":"page","link":"https:\/\/mattzobricks.com\/de\/lego-track-planning\/layouts\/trixbrix-narrow-gauge-layouts","title":{"rendered":"Schmalspur Anlagen"},"content":{"rendered":"\n<p>Die LEGO Schmalspur (Spur L\/NG) ist zwei Noppen schmaler als die LEGO Standard Spurweite (Spur L). The Anlagenbeispiele auf dieser Seite wurden mit den Schmalspurgleisen von Trixbrix gebaut.<\/p>\n\n\n\n<p>TrixBrix bietet sechs verschiedene Radien (R24, R36, R48, R72, R84, R96), Kreuzungen, Weichen und sogar eine Doppelkreuzung f\u00fcr das Schmalspursystem an. Schmalspurgleisen k\u00f6nnen in Gleise mit Standardspurweite integriert werden (&#8220;dual gauge&#8221;). Dazu gibt es spezielle Zusatzschienen und Spurwechsel. Mit speziellen feststehenden Weichen kann das Schmalspurgleis aus der Standardspur ausbrechen.<\/p>\n\n\n\n<p>Die Bluebrick Dateien k\u00f6nnen <a href=\"https:\/\/mattzobricks.com\/de\/lego-track-planning\/bluebrick\/trixbrix-track-library\" data-type=\"page\">hier<\/a> heruntergeladen werden.<\/p>\n\n\n\n<h2 class=\"wp-block-heading\">Schmalspur Anlage mit Schleifen<\/h2>\n\n\n\n<figure class=\"wp-block-image size-large\"><img loading=\"lazy\" decoding=\"async\" width=\"1024\" height=\"418\" src=\"http:\/\/mattzobricks.com\/wp-content\/uploads\/2020\/04\/0710-1024x418.png\" alt=\"\" class=\"wp-image-401\" srcset=\"https:\/\/mattzobricks.com\/wp-content\/uploads\/2020\/04\/0710-1024x418.png 1024w, https:\/\/mattzobricks.com\/wp-content\/uploads\/2020\/04\/0710-300x122.png 300w, https:\/\/mattzobricks.com\/wp-content\/uploads\/2020\/04\/0710-768x313.png 768w, https:\/\/mattzobricks.com\/wp-content\/uploads\/2020\/04\/0710-1536x627.png 1536w, https:\/\/mattzobricks.com\/wp-content\/uploads\/2020\/04\/0710-2048x836.png 2048w\" sizes=\"auto, (max-width: 1024px) 100vw, 1024px\" \/><\/figure>\n\n\n\n<h2 class=\"wp-block-heading\">Schmalspur Irrgarten<\/h2>\n\n\n\n<figure class=\"wp-block-image size-large\"><img loading=\"lazy\" decoding=\"async\" width=\"1024\" height=\"559\" src=\"http:\/\/mattzobricks.com\/wp-content\/uploads\/2020\/04\/0720-1024x559.png\" alt=\"\" class=\"wp-image-402\" srcset=\"https:\/\/mattzobricks.com\/wp-content\/uploads\/2020\/04\/0720-1024x559.png 1024w, https:\/\/mattzobricks.com\/wp-content\/uploads\/2020\/04\/0720-300x164.png 300w, https:\/\/mattzobricks.com\/wp-content\/uploads\/2020\/04\/0720-768x419.png 768w, https:\/\/mattzobricks.com\/wp-content\/uploads\/2020\/04\/0720-1536x838.png 1536w, https:\/\/mattzobricks.com\/wp-content\/uploads\/2020\/04\/0720-2048x1117.png 2048w\" sizes=\"auto, (max-width: 1024px) 100vw, 1024px\" \/><\/figure>\n\n\n\n<h2 class=\"wp-block-heading\">Schmalspur Irrgarten XP<\/h2>\n\n\n\n<figure class=\"wp-block-image size-large\"><img loading=\"lazy\" decoding=\"async\" width=\"1024\" height=\"576\" src=\"http:\/\/mattzobricks.com\/wp-content\/uploads\/2020\/04\/0721-1024x576.png\" alt=\"\" class=\"wp-image-403\" srcset=\"https:\/\/mattzobricks.com\/wp-content\/uploads\/2020\/04\/0721-1024x576.png 1024w, https:\/\/mattzobricks.com\/wp-content\/uploads\/2020\/04\/0721-300x169.png 300w, https:\/\/mattzobricks.com\/wp-content\/uploads\/2020\/04\/0721-768x432.png 768w, https:\/\/mattzobricks.com\/wp-content\/uploads\/2020\/04\/0721-1536x864.png 1536w, https:\/\/mattzobricks.com\/wp-content\/uploads\/2020\/04\/0721-2048x1152.png 2048w\" sizes=\"auto, (max-width: 1024px) 100vw, 1024px\" \/><\/figure>\n\n\n\n<h2 class=\"wp-block-heading\">Schmalspur 2 Schleifen mit Standardspur\u00fcbergang<\/h2>\n\n\n\n<figure class=\"wp-block-image size-large\"><img loading=\"lazy\" decoding=\"async\" width=\"1024\" height=\"915\" src=\"http:\/\/mattzobricks.com\/wp-content\/uploads\/2020\/04\/0730-1024x915.png\" alt=\"\" class=\"wp-image-405\" srcset=\"https:\/\/mattzobricks.com\/wp-content\/uploads\/2020\/04\/0730-1024x915.png 1024w, https:\/\/mattzobricks.com\/wp-content\/uploads\/2020\/04\/0730-300x268.png 300w, https:\/\/mattzobricks.com\/wp-content\/uploads\/2020\/04\/0730-768x686.png 768w, https:\/\/mattzobricks.com\/wp-content\/uploads\/2020\/04\/0730-1536x1372.png 1536w, https:\/\/mattzobricks.com\/wp-content\/uploads\/2020\/04\/0730-2048x1830.png 2048w\" sizes=\"auto, (max-width: 1024px) 100vw, 1024px\" \/><\/figure>\n\n\n\n<h2 class=\"wp-block-heading\">Schmalspur 2 Schleifen mit Standardspur\u00fcbergang (2)<\/h2>\n\n\n\n<figure class=\"wp-block-image size-large\"><img loading=\"lazy\" decoding=\"async\" width=\"1024\" height=\"860\" src=\"https:\/\/mattzobricks.com\/wp-content\/uploads\/2024\/02\/0740b-1024x860.png\" alt=\"\" class=\"wp-image-6718\" srcset=\"https:\/\/mattzobricks.com\/wp-content\/uploads\/2024\/02\/0740b-1024x860.png 1024w, https:\/\/mattzobricks.com\/wp-content\/uploads\/2024\/02\/0740b-300x252.png 300w, https:\/\/mattzobricks.com\/wp-content\/uploads\/2024\/02\/0740b-768x645.png 768w, https:\/\/mattzobricks.com\/wp-content\/uploads\/2024\/02\/0740b-1536x1290.png 1536w, https:\/\/mattzobricks.com\/wp-content\/uploads\/2024\/02\/0740b.png 1589w\" sizes=\"auto, (max-width: 1024px) 100vw, 1024px\" \/><\/figure>\n\n\n\n<h2 class=\"wp-block-heading\">Schmalspur Anlage mit Schleifen<\/h2>\n\n\n\n<figure class=\"wp-block-image size-large\"><img loading=\"lazy\" decoding=\"async\" width=\"1024\" height=\"589\" src=\"http:\/\/mattzobricks.com\/wp-content\/uploads\/2020\/04\/0750-1024x589.png\" alt=\"\" class=\"wp-image-404\" srcset=\"https:\/\/mattzobricks.com\/wp-content\/uploads\/2020\/04\/0750-1024x589.png 1024w, https:\/\/mattzobricks.com\/wp-content\/uploads\/2020\/04\/0750-300x173.png 300w, https:\/\/mattzobricks.com\/wp-content\/uploads\/2020\/04\/0750-768x442.png 768w, https:\/\/mattzobricks.com\/wp-content\/uploads\/2020\/04\/0750-1536x884.png 1536w, https:\/\/mattzobricks.com\/wp-content\/uploads\/2020\/04\/0750-2048x1179.png 2048w\" sizes=\"auto, (max-width: 1024px) 100vw, 1024px\" \/><figcaption class=\"wp-element-caption\">Zum Einsatz kommen hier \u00fcberwiegend Radien R36 und R48 sowie R36 Weichen.<\/figcaption><\/figure>\n\n\n\n<h2 class=\"wp-block-heading\">Schmalspur R84 Oval<\/h2>\n\n\n\n<figure class=\"wp-block-image size-large\"><img loading=\"lazy\" decoding=\"async\" width=\"1024\" height=\"615\" src=\"https:\/\/mattzobricks.com\/wp-content\/uploads\/2020\/07\/0770-Narrow-Gauge-R84-oval-1024x615.png\" alt=\"\" class=\"wp-image-776\" srcset=\"https:\/\/mattzobricks.com\/wp-content\/uploads\/2020\/07\/0770-Narrow-Gauge-R84-oval-1024x615.png 1024w, https:\/\/mattzobricks.com\/wp-content\/uploads\/2020\/07\/0770-Narrow-Gauge-R84-oval-300x180.png 300w, https:\/\/mattzobricks.com\/wp-content\/uploads\/2020\/07\/0770-Narrow-Gauge-R84-oval-768x461.png 768w, https:\/\/mattzobricks.com\/wp-content\/uploads\/2020\/07\/0770-Narrow-Gauge-R84-oval-1536x923.png 1536w, https:\/\/mattzobricks.com\/wp-content\/uploads\/2020\/07\/0770-Narrow-Gauge-R84-oval-2048x1230.png 2048w\" sizes=\"auto, (max-width: 1024px) 100vw, 1024px\" \/><figcaption class=\"wp-element-caption\">Dieses Oval verwendet R84 und R96 Kurven und R84 Weichen.<\/figcaption><\/figure>\n\n\n\n<h2 class=\"wp-block-heading\">Schmalspur R84 Schleife<\/h2>\n\n\n\n<figure class=\"wp-block-image size-large\"><img loading=\"lazy\" decoding=\"async\" width=\"1024\" height=\"623\" src=\"http:\/\/mattzobricks.com\/wp-content\/uploads\/2020\/07\/0773-Narrow-Gauge-R84-loop-1024x623.png\" alt=\"\" class=\"wp-image-783\" srcset=\"https:\/\/mattzobricks.com\/wp-content\/uploads\/2020\/07\/0773-Narrow-Gauge-R84-loop-1024x623.png 1024w, https:\/\/mattzobricks.com\/wp-content\/uploads\/2020\/07\/0773-Narrow-Gauge-R84-loop-300x182.png 300w, https:\/\/mattzobricks.com\/wp-content\/uploads\/2020\/07\/0773-Narrow-Gauge-R84-loop-768x467.png 768w, https:\/\/mattzobricks.com\/wp-content\/uploads\/2020\/07\/0773-Narrow-Gauge-R84-loop-1536x934.png 1536w, https:\/\/mattzobricks.com\/wp-content\/uploads\/2020\/07\/0773-Narrow-Gauge-R84-loop-2048x1245.png 2048w\" sizes=\"auto, (max-width: 1024px) 100vw, 1024px\" \/><figcaption class=\"wp-element-caption\">Will man die gezeigte Schleife in R84 korrekt bauen, so muss das zweite Kurvenst\u00fcck (gez\u00e4hlt ab der Spitze der R84 Rechtsweiche links) ein R84 Ausgleichsst\u00fcck rechts sein. Der Grund ist, dass der Abweig der 22,5\u00b0 Kreuzung nicht exakt der Geometrie von 2x R84 Kurven entspricht.<\/figcaption><\/figure>\n","protected":false},"excerpt":{"rendered":"<p>Die LEGO Schmalspur (Spur L\/NG) ist zwei Noppen schmaler als die LEGO Standard Spurweite (Spur L). The Anlagenbeispiele auf dieser Seite wurden mit den Schmalspurgleisen von Trixbrix gebaut. TrixBrix bietet sechs verschiedene Radien (R24, R36, R48, R72, R84, R96), Kreuzungen, Weichen und sogar eine Doppelkreuzung f\u00fcr das Schmalspursystem an. Schmalspurgleisen [&hellip;]<\/p>\n","protected":false},"author":1,"featured_media":0,"parent":91,"menu_order":40,"comment_status":"closed","ping_status":"closed","template":"","meta":{"_bbp_topic_count":0,"_bbp_reply_count":0,"_bbp_total_topic_count":0,"_bbp_total_reply_count":0,"_bbp_voice_count":0,"_bbp_anonymous_reply_count":0,"_bbp_topic_count_hidden":0,"_bbp_reply_count_hidden":0,"_bbp_forum_subforum_count":0,"footnotes":""},"class_list":["post-571","page","type-page","status-publish","hentry"],"translation":{"provider":"WPGlobus","version":"3.0.2","language":"de","enabled_languages":["en","de"],"languages":{"en":{"title":true,"content":true,"excerpt":false},"de":{"title":true,"content":true,"excerpt":false}}},"_links":{"self":[{"href":"https:\/\/mattzobricks.com\/de\/wp-json\/wp\/v2\/pages\/571","targetHints":{"allow":["GET"]}}],"collection":[{"href":"https:\/\/mattzobricks.com\/de\/wp-json\/wp\/v2\/pages"}],"about":[{"href":"https:\/\/mattzobricks.com\/de\/wp-json\/wp\/v2\/types\/page"}],"author":[{"embeddable":true,"href":"https:\/\/mattzobricks.com\/de\/wp-json\/wp\/v2\/users\/1"}],"replies":[{"embeddable":true,"href":"https:\/\/mattzobricks.com\/de\/wp-json\/wp\/v2\/comments?post=571"}],"version-history":[{"count":32,"href":"https:\/\/mattzobricks.com\/de\/wp-json\/wp\/v2\/pages\/571\/revisions"}],"predecessor-version":[{"id":6721,"href":"https:\/\/mattzobricks.com\/de\/wp-json\/wp\/v2\/pages\/571\/revisions\/6721"}],"up":[{"embeddable":true,"href":"https:\/\/mattzobricks.com\/de\/wp-json\/wp\/v2\/pages\/91"}],"wp:attachment":[{"href":"https:\/\/mattzobricks.com\/de\/wp-json\/wp\/v2\/media?parent=571"}],"curies":[{"name":"wp","href":"https:\/\/api.w.org\/{rel}","templated":true}]}}