{"id":6078,"date":"2023-03-09T16:49:39","date_gmt":"2023-03-09T15:49:39","guid":{"rendered":"https:\/\/mattzobricks.com\/?page_id=6078"},"modified":"2024-05-23T10:01:33","modified_gmt":"2024-05-23T08:01:33","slug":"lego-modular-fire-station","status":"publish","type":"page","link":"https:\/\/mattzobricks.com\/de\/build\/moc\/lego-modular-fire-station","title":{"rendered":"Modulare LEGO Feuerwehrstation"},"content":{"rendered":"\n<p>Bei diesem modularen LEGO-Geb\u00e4ude handelt es sich um eine Feuerwehrstation mit f\u00fcnf Garagen und einem Hubschrauber-Landeplatz.<\/p>\n\n\n\n<p>Das Geb\u00e4ude hat eine Dimension von 64&#215;32 Noppen und ist als Eckgeb\u00e4ude konzipiert.<\/p>\n\n\n\n<p>Die Garagen sind gro\u00df genug, um Feuerwehren mit sechs Noppen Breite, wie z. B. aus den LEGO sets 7208 und 7239, aufzunehmen.<\/p>\n\n\n\n<p>Zun\u00e4chst haben wir mit einer digitalen Design-Studie begonnen:<\/p>\n\n\n\n<figure class=\"wp-block-image size-large\"><img loading=\"lazy\" decoding=\"async\" width=\"1024\" height=\"576\" src=\"https:\/\/mattzobricks.com\/wp-content\/uploads\/2023\/03\/LEGO-Modular-Fire-Station-0-1024x576.png\" alt=\"LEGO Modular Fire Station: design study\" class=\"wp-image-6094\" srcset=\"https:\/\/mattzobricks.com\/wp-content\/uploads\/2023\/03\/LEGO-Modular-Fire-Station-0-1024x576.png 1024w, https:\/\/mattzobricks.com\/wp-content\/uploads\/2023\/03\/LEGO-Modular-Fire-Station-0-300x169.png 300w, https:\/\/mattzobricks.com\/wp-content\/uploads\/2023\/03\/LEGO-Modular-Fire-Station-0-768x432.png 768w, https:\/\/mattzobricks.com\/wp-content\/uploads\/2023\/03\/LEGO-Modular-Fire-Station-0-1536x864.png 1536w, https:\/\/mattzobricks.com\/wp-content\/uploads\/2023\/03\/LEGO-Modular-Fire-Station-0.png 1920w\" sizes=\"auto, (max-width: 1024px) 100vw, 1024px\" \/><figcaption class=\"wp-element-caption\">Modulare LEGO Feuerwehrstation: Design-Studie<\/figcaption><\/figure>\n\n\n\n<p>Nach der Designstudie haben wir die restlichen Teile besorgt und das Geb\u00e4ude gebaut.<\/p>\n\n\n\n<p>Um g\u00fcnstig an Teile zu kommen, haben wir uns LEGO-Set 7208 (2x) und LEGO-Set 60110 besorgt, welche g\u00fcnstig auf dem Gebrauchtmarkt zu bekommen sind. Diese Sets enthalten bereits einen Gro\u00dfteil der ben\u00f6tigten Teile.<\/p>\n\n\n\n<p>Hier ist das Ergebnis:<\/p>\n\n\n\n<figure class=\"wp-block-gallery has-nested-images columns-default is-cropped wp-block-gallery-2 is-layout-flex wp-block-gallery-is-layout-flex\">\n<figure class=\"wp-block-image size-large\"><img loading=\"lazy\" decoding=\"async\" width=\"1024\" height=\"768\" data-id=\"6095\" src=\"https:\/\/mattzobricks.com\/wp-content\/uploads\/2023\/03\/LEGO-Modular-Fire-Station-1-1024x768.jpg\" alt=\"\" class=\"wp-image-6095\" srcset=\"https:\/\/mattzobricks.com\/wp-content\/uploads\/2023\/03\/LEGO-Modular-Fire-Station-1-1024x768.jpg 1024w, https:\/\/mattzobricks.com\/wp-content\/uploads\/2023\/03\/LEGO-Modular-Fire-Station-1-300x225.jpg 300w, https:\/\/mattzobricks.com\/wp-content\/uploads\/2023\/03\/LEGO-Modular-Fire-Station-1-768x576.jpg 768w, https:\/\/mattzobricks.com\/wp-content\/uploads\/2023\/03\/LEGO-Modular-Fire-Station-1-1536x1152.jpg 1536w, https:\/\/mattzobricks.com\/wp-content\/uploads\/2023\/03\/LEGO-Modular-Fire-Station-1-2048x1536.jpg 2048w\" sizes=\"auto, (max-width: 1024px) 100vw, 1024px\" \/><\/figure>\n\n\n\n<figure class=\"wp-block-image size-large\"><img loading=\"lazy\" decoding=\"async\" width=\"1024\" height=\"768\" data-id=\"6100\" src=\"https:\/\/mattzobricks.com\/wp-content\/uploads\/2023\/03\/LEGO-Modular-Fire-Station-5-1024x768.jpg\" alt=\"\" class=\"wp-image-6100\" srcset=\"https:\/\/mattzobricks.com\/wp-content\/uploads\/2023\/03\/LEGO-Modular-Fire-Station-5-1024x768.jpg 1024w, https:\/\/mattzobricks.com\/wp-content\/uploads\/2023\/03\/LEGO-Modular-Fire-Station-5-300x225.jpg 300w, https:\/\/mattzobricks.com\/wp-content\/uploads\/2023\/03\/LEGO-Modular-Fire-Station-5-768x576.jpg 768w, https:\/\/mattzobricks.com\/wp-content\/uploads\/2023\/03\/LEGO-Modular-Fire-Station-5-1536x1152.jpg 1536w, https:\/\/mattzobricks.com\/wp-content\/uploads\/2023\/03\/LEGO-Modular-Fire-Station-5-2048x1536.jpg 2048w\" sizes=\"auto, (max-width: 1024px) 100vw, 1024px\" \/><\/figure>\n\n\n\n<figure class=\"wp-block-image size-large\"><img loading=\"lazy\" decoding=\"async\" width=\"1024\" height=\"768\" data-id=\"6097\" src=\"https:\/\/mattzobricks.com\/wp-content\/uploads\/2023\/03\/LEGO-Modular-Fire-Station-3-1024x768.jpg\" alt=\"\" class=\"wp-image-6097\" srcset=\"https:\/\/mattzobricks.com\/wp-content\/uploads\/2023\/03\/LEGO-Modular-Fire-Station-3-1024x768.jpg 1024w, https:\/\/mattzobricks.com\/wp-content\/uploads\/2023\/03\/LEGO-Modular-Fire-Station-3-300x225.jpg 300w, https:\/\/mattzobricks.com\/wp-content\/uploads\/2023\/03\/LEGO-Modular-Fire-Station-3-768x576.jpg 768w, https:\/\/mattzobricks.com\/wp-content\/uploads\/2023\/03\/LEGO-Modular-Fire-Station-3-1536x1152.jpg 1536w, https:\/\/mattzobricks.com\/wp-content\/uploads\/2023\/03\/LEGO-Modular-Fire-Station-3-2048x1536.jpg 2048w\" sizes=\"auto, (max-width: 1024px) 100vw, 1024px\" \/><\/figure>\n\n\n\n<figure class=\"wp-block-image size-large\"><img loading=\"lazy\" decoding=\"async\" width=\"1024\" height=\"768\" data-id=\"6096\" src=\"https:\/\/mattzobricks.com\/wp-content\/uploads\/2023\/03\/LEGO-Modular-Fire-Station-2-1024x768.jpg\" alt=\"\" class=\"wp-image-6096\" srcset=\"https:\/\/mattzobricks.com\/wp-content\/uploads\/2023\/03\/LEGO-Modular-Fire-Station-2-1024x768.jpg 1024w, https:\/\/mattzobricks.com\/wp-content\/uploads\/2023\/03\/LEGO-Modular-Fire-Station-2-300x225.jpg 300w, https:\/\/mattzobricks.com\/wp-content\/uploads\/2023\/03\/LEGO-Modular-Fire-Station-2-768x576.jpg 768w, https:\/\/mattzobricks.com\/wp-content\/uploads\/2023\/03\/LEGO-Modular-Fire-Station-2-1536x1152.jpg 1536w, https:\/\/mattzobricks.com\/wp-content\/uploads\/2023\/03\/LEGO-Modular-Fire-Station-2-2048x1536.jpg 2048w\" sizes=\"auto, (max-width: 1024px) 100vw, 1024px\" \/><\/figure>\n\n\n\n<figure class=\"wp-block-image size-large\"><img loading=\"lazy\" decoding=\"async\" width=\"1024\" height=\"768\" data-id=\"6098\" src=\"https:\/\/mattzobricks.com\/wp-content\/uploads\/2023\/03\/LEGO-Modular-Fire-Station-4-1024x768.jpg\" alt=\"\" class=\"wp-image-6098\" srcset=\"https:\/\/mattzobricks.com\/wp-content\/uploads\/2023\/03\/LEGO-Modular-Fire-Station-4-1024x768.jpg 1024w, https:\/\/mattzobricks.com\/wp-content\/uploads\/2023\/03\/LEGO-Modular-Fire-Station-4-300x225.jpg 300w, https:\/\/mattzobricks.com\/wp-content\/uploads\/2023\/03\/LEGO-Modular-Fire-Station-4-768x576.jpg 768w, https:\/\/mattzobricks.com\/wp-content\/uploads\/2023\/03\/LEGO-Modular-Fire-Station-4-1536x1152.jpg 1536w, https:\/\/mattzobricks.com\/wp-content\/uploads\/2023\/03\/LEGO-Modular-Fire-Station-4-2048x1536.jpg 2048w\" sizes=\"auto, (max-width: 1024px) 100vw, 1024px\" \/><\/figure>\n\n\n\n<figure class=\"wp-block-image size-large\"><img loading=\"lazy\" decoding=\"async\" width=\"1024\" height=\"768\" data-id=\"6106\" src=\"https:\/\/mattzobricks.com\/wp-content\/uploads\/2023\/03\/LEGO-Modular-Fire-Station-22-1024x768.jpg\" alt=\"\" class=\"wp-image-6106\" srcset=\"https:\/\/mattzobricks.com\/wp-content\/uploads\/2023\/03\/LEGO-Modular-Fire-Station-22-1024x768.jpg 1024w, https:\/\/mattzobricks.com\/wp-content\/uploads\/2023\/03\/LEGO-Modular-Fire-Station-22-300x225.jpg 300w, https:\/\/mattzobricks.com\/wp-content\/uploads\/2023\/03\/LEGO-Modular-Fire-Station-22-768x576.jpg 768w, https:\/\/mattzobricks.com\/wp-content\/uploads\/2023\/03\/LEGO-Modular-Fire-Station-22-1536x1152.jpg 1536w, https:\/\/mattzobricks.com\/wp-content\/uploads\/2023\/03\/LEGO-Modular-Fire-Station-22-2048x1536.jpg 2048w\" sizes=\"auto, (max-width: 1024px) 100vw, 1024px\" \/><\/figure>\n\n\n\n<figure class=\"wp-block-image size-large\"><img loading=\"lazy\" decoding=\"async\" width=\"1024\" height=\"768\" data-id=\"6107\" src=\"https:\/\/mattzobricks.com\/wp-content\/uploads\/2023\/03\/LEGO-Modular-Fire-Station-23-1024x768.jpg\" alt=\"\" class=\"wp-image-6107\" srcset=\"https:\/\/mattzobricks.com\/wp-content\/uploads\/2023\/03\/LEGO-Modular-Fire-Station-23-1024x768.jpg 1024w, https:\/\/mattzobricks.com\/wp-content\/uploads\/2023\/03\/LEGO-Modular-Fire-Station-23-300x225.jpg 300w, https:\/\/mattzobricks.com\/wp-content\/uploads\/2023\/03\/LEGO-Modular-Fire-Station-23-768x576.jpg 768w, https:\/\/mattzobricks.com\/wp-content\/uploads\/2023\/03\/LEGO-Modular-Fire-Station-23-1536x1152.jpg 1536w, https:\/\/mattzobricks.com\/wp-content\/uploads\/2023\/03\/LEGO-Modular-Fire-Station-23-2048x1536.jpg 2048w\" sizes=\"auto, (max-width: 1024px) 100vw, 1024px\" \/><\/figure>\n\n\n\n<figure class=\"wp-block-image size-large\"><img loading=\"lazy\" decoding=\"async\" width=\"1024\" height=\"768\" data-id=\"6105\" src=\"https:\/\/mattzobricks.com\/wp-content\/uploads\/2023\/03\/LEGO-Modular-Fire-Station-21-1024x768.jpg\" alt=\"\" class=\"wp-image-6105\" srcset=\"https:\/\/mattzobricks.com\/wp-content\/uploads\/2023\/03\/LEGO-Modular-Fire-Station-21-1024x768.jpg 1024w, https:\/\/mattzobricks.com\/wp-content\/uploads\/2023\/03\/LEGO-Modular-Fire-Station-21-300x225.jpg 300w, https:\/\/mattzobricks.com\/wp-content\/uploads\/2023\/03\/LEGO-Modular-Fire-Station-21-768x576.jpg 768w, https:\/\/mattzobricks.com\/wp-content\/uploads\/2023\/03\/LEGO-Modular-Fire-Station-21-1536x1152.jpg 1536w, https:\/\/mattzobricks.com\/wp-content\/uploads\/2023\/03\/LEGO-Modular-Fire-Station-21-2048x1536.jpg 2048w\" sizes=\"auto, (max-width: 1024px) 100vw, 1024px\" \/><\/figure>\n\n\n\n<figure class=\"wp-block-image size-large\"><img loading=\"lazy\" decoding=\"async\" width=\"1024\" height=\"768\" data-id=\"6103\" src=\"https:\/\/mattzobricks.com\/wp-content\/uploads\/2023\/03\/LEGO-Modular-Fire-Station-25-1024x768.jpg\" alt=\"\" class=\"wp-image-6103\" srcset=\"https:\/\/mattzobricks.com\/wp-content\/uploads\/2023\/03\/LEGO-Modular-Fire-Station-25-1024x768.jpg 1024w, https:\/\/mattzobricks.com\/wp-content\/uploads\/2023\/03\/LEGO-Modular-Fire-Station-25-300x225.jpg 300w, https:\/\/mattzobricks.com\/wp-content\/uploads\/2023\/03\/LEGO-Modular-Fire-Station-25-768x576.jpg 768w, https:\/\/mattzobricks.com\/wp-content\/uploads\/2023\/03\/LEGO-Modular-Fire-Station-25-1536x1152.jpg 1536w, https:\/\/mattzobricks.com\/wp-content\/uploads\/2023\/03\/LEGO-Modular-Fire-Station-25-2048x1536.jpg 2048w\" sizes=\"auto, (max-width: 1024px) 100vw, 1024px\" \/><\/figure>\n\n\n\n<figure class=\"wp-block-image size-large\"><img loading=\"lazy\" decoding=\"async\" width=\"1024\" height=\"768\" data-id=\"6102\" src=\"https:\/\/mattzobricks.com\/wp-content\/uploads\/2023\/03\/LEGO-Modular-Fire-Station-24-1024x768.jpg\" alt=\"\" class=\"wp-image-6102\" srcset=\"https:\/\/mattzobricks.com\/wp-content\/uploads\/2023\/03\/LEGO-Modular-Fire-Station-24-1024x768.jpg 1024w, https:\/\/mattzobricks.com\/wp-content\/uploads\/2023\/03\/LEGO-Modular-Fire-Station-24-300x225.jpg 300w, https:\/\/mattzobricks.com\/wp-content\/uploads\/2023\/03\/LEGO-Modular-Fire-Station-24-768x576.jpg 768w, https:\/\/mattzobricks.com\/wp-content\/uploads\/2023\/03\/LEGO-Modular-Fire-Station-24-1536x1152.jpg 1536w, https:\/\/mattzobricks.com\/wp-content\/uploads\/2023\/03\/LEGO-Modular-Fire-Station-24-2048x1536.jpg 2048w\" sizes=\"auto, (max-width: 1024px) 100vw, 1024px\" \/><\/figure>\n\n\n\n<figure class=\"wp-block-image size-large\"><img loading=\"lazy\" decoding=\"async\" width=\"1024\" height=\"768\" data-id=\"6093\" src=\"https:\/\/mattzobricks.com\/wp-content\/uploads\/2023\/03\/LEGO-Modular-Fire-Station-16-1024x768.jpg\" alt=\"\" class=\"wp-image-6093\" srcset=\"https:\/\/mattzobricks.com\/wp-content\/uploads\/2023\/03\/LEGO-Modular-Fire-Station-16-1024x768.jpg 1024w, https:\/\/mattzobricks.com\/wp-content\/uploads\/2023\/03\/LEGO-Modular-Fire-Station-16-300x225.jpg 300w, https:\/\/mattzobricks.com\/wp-content\/uploads\/2023\/03\/LEGO-Modular-Fire-Station-16-768x576.jpg 768w, https:\/\/mattzobricks.com\/wp-content\/uploads\/2023\/03\/LEGO-Modular-Fire-Station-16-1536x1152.jpg 1536w, https:\/\/mattzobricks.com\/wp-content\/uploads\/2023\/03\/LEGO-Modular-Fire-Station-16-2048x1536.jpg 2048w\" sizes=\"auto, (max-width: 1024px) 100vw, 1024px\" \/><\/figure>\n\n\n\n<figure class=\"wp-block-image size-large\"><img loading=\"lazy\" decoding=\"async\" width=\"1024\" height=\"768\" data-id=\"6092\" src=\"https:\/\/mattzobricks.com\/wp-content\/uploads\/2023\/03\/LEGO-Modular-Fire-Station-15-1024x768.jpg\" alt=\"\" class=\"wp-image-6092\" srcset=\"https:\/\/mattzobricks.com\/wp-content\/uploads\/2023\/03\/LEGO-Modular-Fire-Station-15-1024x768.jpg 1024w, https:\/\/mattzobricks.com\/wp-content\/uploads\/2023\/03\/LEGO-Modular-Fire-Station-15-300x225.jpg 300w, https:\/\/mattzobricks.com\/wp-content\/uploads\/2023\/03\/LEGO-Modular-Fire-Station-15-768x576.jpg 768w, https:\/\/mattzobricks.com\/wp-content\/uploads\/2023\/03\/LEGO-Modular-Fire-Station-15-1536x1152.jpg 1536w, https:\/\/mattzobricks.com\/wp-content\/uploads\/2023\/03\/LEGO-Modular-Fire-Station-15-2048x1536.jpg 2048w\" sizes=\"auto, (max-width: 1024px) 100vw, 1024px\" \/><\/figure>\n\n\n\n<figure class=\"wp-block-image size-large\"><img loading=\"lazy\" decoding=\"async\" width=\"1024\" height=\"768\" data-id=\"6091\" src=\"https:\/\/mattzobricks.com\/wp-content\/uploads\/2023\/03\/LEGO-Modular-Fire-Station-14-1024x768.jpg\" alt=\"\" class=\"wp-image-6091\" srcset=\"https:\/\/mattzobricks.com\/wp-content\/uploads\/2023\/03\/LEGO-Modular-Fire-Station-14-1024x768.jpg 1024w, https:\/\/mattzobricks.com\/wp-content\/uploads\/2023\/03\/LEGO-Modular-Fire-Station-14-300x225.jpg 300w, https:\/\/mattzobricks.com\/wp-content\/uploads\/2023\/03\/LEGO-Modular-Fire-Station-14-768x576.jpg 768w, https:\/\/mattzobricks.com\/wp-content\/uploads\/2023\/03\/LEGO-Modular-Fire-Station-14-1536x1152.jpg 1536w, https:\/\/mattzobricks.com\/wp-content\/uploads\/2023\/03\/LEGO-Modular-Fire-Station-14-2048x1536.jpg 2048w\" sizes=\"auto, (max-width: 1024px) 100vw, 1024px\" \/><\/figure>\n\n\n\n<figure class=\"wp-block-image size-large\"><img loading=\"lazy\" decoding=\"async\" width=\"1024\" height=\"768\" data-id=\"6090\" src=\"https:\/\/mattzobricks.com\/wp-content\/uploads\/2023\/03\/LEGO-Modular-Fire-Station-13-1024x768.jpg\" alt=\"\" class=\"wp-image-6090\" srcset=\"https:\/\/mattzobricks.com\/wp-content\/uploads\/2023\/03\/LEGO-Modular-Fire-Station-13-1024x768.jpg 1024w, https:\/\/mattzobricks.com\/wp-content\/uploads\/2023\/03\/LEGO-Modular-Fire-Station-13-300x225.jpg 300w, https:\/\/mattzobricks.com\/wp-content\/uploads\/2023\/03\/LEGO-Modular-Fire-Station-13-768x576.jpg 768w, https:\/\/mattzobricks.com\/wp-content\/uploads\/2023\/03\/LEGO-Modular-Fire-Station-13-1536x1152.jpg 1536w, https:\/\/mattzobricks.com\/wp-content\/uploads\/2023\/03\/LEGO-Modular-Fire-Station-13-2048x1536.jpg 2048w\" sizes=\"auto, (max-width: 1024px) 100vw, 1024px\" \/><\/figure>\n\n\n\n<figure class=\"wp-block-image size-large\"><img loading=\"lazy\" decoding=\"async\" width=\"1024\" height=\"768\" data-id=\"6089\" src=\"https:\/\/mattzobricks.com\/wp-content\/uploads\/2023\/03\/LEGO-Modular-Fire-Station-12-1024x768.jpg\" alt=\"\" class=\"wp-image-6089\" srcset=\"https:\/\/mattzobricks.com\/wp-content\/uploads\/2023\/03\/LEGO-Modular-Fire-Station-12-1024x768.jpg 1024w, https:\/\/mattzobricks.com\/wp-content\/uploads\/2023\/03\/LEGO-Modular-Fire-Station-12-300x225.jpg 300w, https:\/\/mattzobricks.com\/wp-content\/uploads\/2023\/03\/LEGO-Modular-Fire-Station-12-768x576.jpg 768w, https:\/\/mattzobricks.com\/wp-content\/uploads\/2023\/03\/LEGO-Modular-Fire-Station-12-1536x1152.jpg 1536w, https:\/\/mattzobricks.com\/wp-content\/uploads\/2023\/03\/LEGO-Modular-Fire-Station-12-2048x1536.jpg 2048w\" sizes=\"auto, (max-width: 1024px) 100vw, 1024px\" \/><\/figure>\n\n\n\n<figure class=\"wp-block-image size-large\"><img loading=\"lazy\" decoding=\"async\" width=\"768\" height=\"1024\" data-id=\"6088\" src=\"https:\/\/mattzobricks.com\/wp-content\/uploads\/2023\/03\/LEGO-Modular-Fire-Station-11-768x1024.jpg\" alt=\"\" class=\"wp-image-6088\" srcset=\"https:\/\/mattzobricks.com\/wp-content\/uploads\/2023\/03\/LEGO-Modular-Fire-Station-11-768x1024.jpg 768w, https:\/\/mattzobricks.com\/wp-content\/uploads\/2023\/03\/LEGO-Modular-Fire-Station-11-225x300.jpg 225w, https:\/\/mattzobricks.com\/wp-content\/uploads\/2023\/03\/LEGO-Modular-Fire-Station-11-1152x1536.jpg 1152w, https:\/\/mattzobricks.com\/wp-content\/uploads\/2023\/03\/LEGO-Modular-Fire-Station-11-1536x2048.jpg 1536w, https:\/\/mattzobricks.com\/wp-content\/uploads\/2023\/03\/LEGO-Modular-Fire-Station-11-scaled.jpg 1920w\" sizes=\"auto, (max-width: 768px) 100vw, 768px\" \/><\/figure>\n\n\n\n<figure class=\"wp-block-image size-large\"><img loading=\"lazy\" decoding=\"async\" width=\"1024\" height=\"768\" data-id=\"6087\" src=\"https:\/\/mattzobricks.com\/wp-content\/uploads\/2023\/03\/LEGO-Modular-Fire-Station-10-1024x768.jpg\" alt=\"LEGO Modular Fire Station\" class=\"wp-image-6087\" srcset=\"https:\/\/mattzobricks.com\/wp-content\/uploads\/2023\/03\/LEGO-Modular-Fire-Station-10-1024x768.jpg 1024w, https:\/\/mattzobricks.com\/wp-content\/uploads\/2023\/03\/LEGO-Modular-Fire-Station-10-300x225.jpg 300w, https:\/\/mattzobricks.com\/wp-content\/uploads\/2023\/03\/LEGO-Modular-Fire-Station-10-768x576.jpg 768w, https:\/\/mattzobricks.com\/wp-content\/uploads\/2023\/03\/LEGO-Modular-Fire-Station-10-1536x1152.jpg 1536w, https:\/\/mattzobricks.com\/wp-content\/uploads\/2023\/03\/LEGO-Modular-Fire-Station-10-2048x1536.jpg 2048w\" sizes=\"auto, (max-width: 1024px) 100vw, 1024px\" \/><\/figure>\n\n\n\n<figure class=\"wp-block-image size-large\"><img loading=\"lazy\" decoding=\"async\" width=\"1024\" height=\"768\" data-id=\"6086\" src=\"https:\/\/mattzobricks.com\/wp-content\/uploads\/2023\/03\/LEGO-Modular-Fire-Station-9-1024x768.jpg\" alt=\"\" class=\"wp-image-6086\" srcset=\"https:\/\/mattzobricks.com\/wp-content\/uploads\/2023\/03\/LEGO-Modular-Fire-Station-9-1024x768.jpg 1024w, https:\/\/mattzobricks.com\/wp-content\/uploads\/2023\/03\/LEGO-Modular-Fire-Station-9-300x225.jpg 300w, https:\/\/mattzobricks.com\/wp-content\/uploads\/2023\/03\/LEGO-Modular-Fire-Station-9-768x576.jpg 768w, https:\/\/mattzobricks.com\/wp-content\/uploads\/2023\/03\/LEGO-Modular-Fire-Station-9-1536x1152.jpg 1536w, https:\/\/mattzobricks.com\/wp-content\/uploads\/2023\/03\/LEGO-Modular-Fire-Station-9-2048x1536.jpg 2048w\" sizes=\"auto, (max-width: 1024px) 100vw, 1024px\" \/><\/figure>\n\n\n\n<figure class=\"wp-block-image size-large\"><img loading=\"lazy\" decoding=\"async\" width=\"1024\" height=\"768\" data-id=\"6085\" src=\"https:\/\/mattzobricks.com\/wp-content\/uploads\/2023\/03\/LEGO-Modular-Fire-Station-8-1024x768.jpg\" alt=\"\" class=\"wp-image-6085\" srcset=\"https:\/\/mattzobricks.com\/wp-content\/uploads\/2023\/03\/LEGO-Modular-Fire-Station-8-1024x768.jpg 1024w, https:\/\/mattzobricks.com\/wp-content\/uploads\/2023\/03\/LEGO-Modular-Fire-Station-8-300x225.jpg 300w, https:\/\/mattzobricks.com\/wp-content\/uploads\/2023\/03\/LEGO-Modular-Fire-Station-8-768x576.jpg 768w, https:\/\/mattzobricks.com\/wp-content\/uploads\/2023\/03\/LEGO-Modular-Fire-Station-8-1536x1152.jpg 1536w, https:\/\/mattzobricks.com\/wp-content\/uploads\/2023\/03\/LEGO-Modular-Fire-Station-8-2048x1536.jpg 2048w\" sizes=\"auto, (max-width: 1024px) 100vw, 1024px\" \/><\/figure>\n\n\n\n<figure class=\"wp-block-image size-large\"><img loading=\"lazy\" decoding=\"async\" width=\"1024\" height=\"768\" data-id=\"6084\" src=\"https:\/\/mattzobricks.com\/wp-content\/uploads\/2023\/03\/LEGO-Modular-Fire-Station-7-1024x768.jpg\" alt=\"\" class=\"wp-image-6084\" srcset=\"https:\/\/mattzobricks.com\/wp-content\/uploads\/2023\/03\/LEGO-Modular-Fire-Station-7-1024x768.jpg 1024w, https:\/\/mattzobricks.com\/wp-content\/uploads\/2023\/03\/LEGO-Modular-Fire-Station-7-300x225.jpg 300w, https:\/\/mattzobricks.com\/wp-content\/uploads\/2023\/03\/LEGO-Modular-Fire-Station-7-768x576.jpg 768w, https:\/\/mattzobricks.com\/wp-content\/uploads\/2023\/03\/LEGO-Modular-Fire-Station-7-1536x1152.jpg 1536w, https:\/\/mattzobricks.com\/wp-content\/uploads\/2023\/03\/LEGO-Modular-Fire-Station-7-2048x1536.jpg 2048w\" sizes=\"auto, (max-width: 1024px) 100vw, 1024px\" \/><\/figure>\n\n\n\n<figure class=\"wp-block-image size-large\"><img loading=\"lazy\" decoding=\"async\" width=\"1024\" height=\"768\" data-id=\"6083\" src=\"https:\/\/mattzobricks.com\/wp-content\/uploads\/2023\/03\/LEGO-Modular-Fire-Station-6-1024x768.jpg\" alt=\"\" class=\"wp-image-6083\" srcset=\"https:\/\/mattzobricks.com\/wp-content\/uploads\/2023\/03\/LEGO-Modular-Fire-Station-6-1024x768.jpg 1024w, https:\/\/mattzobricks.com\/wp-content\/uploads\/2023\/03\/LEGO-Modular-Fire-Station-6-300x225.jpg 300w, https:\/\/mattzobricks.com\/wp-content\/uploads\/2023\/03\/LEGO-Modular-Fire-Station-6-768x576.jpg 768w, https:\/\/mattzobricks.com\/wp-content\/uploads\/2023\/03\/LEGO-Modular-Fire-Station-6-1536x1152.jpg 1536w, https:\/\/mattzobricks.com\/wp-content\/uploads\/2023\/03\/LEGO-Modular-Fire-Station-6-2048x1536.jpg 2048w\" sizes=\"auto, (max-width: 1024px) 100vw, 1024px\" \/><\/figure>\n\n\n\n<figure class=\"wp-block-image size-large\"><img loading=\"lazy\" decoding=\"async\" width=\"1024\" height=\"768\" data-id=\"6104\" src=\"https:\/\/mattzobricks.com\/wp-content\/uploads\/2023\/03\/LEGO-Modular-Fire-Station-26-1024x768.jpg\" alt=\"\" class=\"wp-image-6104\" srcset=\"https:\/\/mattzobricks.com\/wp-content\/uploads\/2023\/03\/LEGO-Modular-Fire-Station-26-1024x768.jpg 1024w, https:\/\/mattzobricks.com\/wp-content\/uploads\/2023\/03\/LEGO-Modular-Fire-Station-26-300x225.jpg 300w, https:\/\/mattzobricks.com\/wp-content\/uploads\/2023\/03\/LEGO-Modular-Fire-Station-26-768x576.jpg 768w, https:\/\/mattzobricks.com\/wp-content\/uploads\/2023\/03\/LEGO-Modular-Fire-Station-26-1536x1152.jpg 1536w, https:\/\/mattzobricks.com\/wp-content\/uploads\/2023\/03\/LEGO-Modular-Fire-Station-26-2048x1536.jpg 2048w\" sizes=\"auto, (max-width: 1024px) 100vw, 1024px\" \/><\/figure>\n<\/figure>\n\n\n\n<p>Das Geb\u00e4ude l\u00e4sst sich ohne Probleme auf MILS Platten stellen.<\/p>\n\n\n\n<figure class=\"wp-block-image size-large\"><img loading=\"lazy\" decoding=\"async\" width=\"1024\" height=\"768\" src=\"https:\/\/mattzobricks.com\/wp-content\/uploads\/2024\/05\/IMG_1965-1024x768.jpg\" alt=\"\" class=\"wp-image-7067\" srcset=\"https:\/\/mattzobricks.com\/wp-content\/uploads\/2024\/05\/IMG_1965-1024x768.jpg 1024w, https:\/\/mattzobricks.com\/wp-content\/uploads\/2024\/05\/IMG_1965-300x225.jpg 300w, https:\/\/mattzobricks.com\/wp-content\/uploads\/2024\/05\/IMG_1965-768x576.jpg 768w, https:\/\/mattzobricks.com\/wp-content\/uploads\/2024\/05\/IMG_1965-1536x1152.jpg 1536w, https:\/\/mattzobricks.com\/wp-content\/uploads\/2024\/05\/IMG_1965-2048x1536.jpg 2048w\" sizes=\"auto, (max-width: 1024px) 100vw, 1024px\" \/><\/figure>\n\n\n\n<figure class=\"wp-block-image size-large\"><img loading=\"lazy\" decoding=\"async\" width=\"1024\" height=\"768\" src=\"https:\/\/mattzobricks.com\/wp-content\/uploads\/2024\/05\/IMG_1967-1024x768.jpg\" alt=\"\" class=\"wp-image-7066\" srcset=\"https:\/\/mattzobricks.com\/wp-content\/uploads\/2024\/05\/IMG_1967-1024x768.jpg 1024w, https:\/\/mattzobricks.com\/wp-content\/uploads\/2024\/05\/IMG_1967-300x225.jpg 300w, https:\/\/mattzobricks.com\/wp-content\/uploads\/2024\/05\/IMG_1967-768x576.jpg 768w, https:\/\/mattzobricks.com\/wp-content\/uploads\/2024\/05\/IMG_1967-1536x1152.jpg 1536w, https:\/\/mattzobricks.com\/wp-content\/uploads\/2024\/05\/IMG_1967-2048x1536.jpg 2048w\" sizes=\"auto, (max-width: 1024px) 100vw, 1024px\" \/><\/figure>\n\n\n\n<figure class=\"wp-block-image size-large\"><img loading=\"lazy\" decoding=\"async\" width=\"1024\" height=\"768\" src=\"https:\/\/mattzobricks.com\/wp-content\/uploads\/2024\/05\/IMG_1969-1024x768.jpg\" alt=\"\" class=\"wp-image-7064\" srcset=\"https:\/\/mattzobricks.com\/wp-content\/uploads\/2024\/05\/IMG_1969-1024x768.jpg 1024w, https:\/\/mattzobricks.com\/wp-content\/uploads\/2024\/05\/IMG_1969-300x225.jpg 300w, https:\/\/mattzobricks.com\/wp-content\/uploads\/2024\/05\/IMG_1969-768x576.jpg 768w, https:\/\/mattzobricks.com\/wp-content\/uploads\/2024\/05\/IMG_1969-1536x1152.jpg 1536w, https:\/\/mattzobricks.com\/wp-content\/uploads\/2024\/05\/IMG_1969-2048x1536.jpg 2048w\" sizes=\"auto, (max-width: 1024px) 100vw, 1024px\" \/><\/figure>\n\n\n\n<figure class=\"wp-block-image size-large\"><img loading=\"lazy\" decoding=\"async\" width=\"1024\" height=\"768\" src=\"https:\/\/mattzobricks.com\/wp-content\/uploads\/2024\/05\/IMG_1970-1024x768.jpg\" alt=\"\" class=\"wp-image-7065\" srcset=\"https:\/\/mattzobricks.com\/wp-content\/uploads\/2024\/05\/IMG_1970-1024x768.jpg 1024w, https:\/\/mattzobricks.com\/wp-content\/uploads\/2024\/05\/IMG_1970-300x225.jpg 300w, https:\/\/mattzobricks.com\/wp-content\/uploads\/2024\/05\/IMG_1970-768x576.jpg 768w, https:\/\/mattzobricks.com\/wp-content\/uploads\/2024\/05\/IMG_1970-1536x1152.jpg 1536w, https:\/\/mattzobricks.com\/wp-content\/uploads\/2024\/05\/IMG_1970-2048x1536.jpg 2048w\" sizes=\"auto, (max-width: 1024px) 100vw, 1024px\" \/><\/figure>\n\n\n\n<p>Falls Bedarf besteht und ich mal Zeit habe, ver\u00f6ffentliche ich vielleicht noch einmal eine Bauanleitung.<\/p>\n","protected":false},"excerpt":{"rendered":"<p>Bei diesem modularen LEGO-Geb\u00e4ude handelt es sich um eine Feuerwehrstation mit f\u00fcnf Garagen und einem Hubschrauber-Landeplatz. Das Geb\u00e4ude hat eine Dimension von 64&#215;32 Noppen und ist als Eckgeb\u00e4ude konzipiert. Die Garagen sind gro\u00df genug, um Feuerwehren mit sechs Noppen Breite, wie z. B. aus den LEGO sets 7208 und 7239, [&hellip;]<\/p>\n","protected":false},"author":1,"featured_media":0,"parent":4972,"menu_order":50,"comment_status":"open","ping_status":"closed","template":"","meta":{"_bbp_topic_count":0,"_bbp_reply_count":0,"_bbp_total_topic_count":0,"_bbp_total_reply_count":0,"_bbp_voice_count":0,"_bbp_anonymous_reply_count":0,"_bbp_topic_count_hidden":0,"_bbp_reply_count_hidden":0,"_bbp_forum_subforum_count":0,"footnotes":""},"class_list":["post-6078","page","type-page","status-publish","hentry"],"translation":{"provider":"WPGlobus","version":"3.0.2","language":"de","enabled_languages":["en","de"],"languages":{"en":{"title":true,"content":true,"excerpt":false},"de":{"title":true,"content":true,"excerpt":false}}},"_links":{"self":[{"href":"https:\/\/mattzobricks.com\/de\/wp-json\/wp\/v2\/pages\/6078","targetHints":{"allow":["GET"]}}],"collection":[{"href":"https:\/\/mattzobricks.com\/de\/wp-json\/wp\/v2\/pages"}],"about":[{"href":"https:\/\/mattzobricks.com\/de\/wp-json\/wp\/v2\/types\/page"}],"author":[{"embeddable":true,"href":"https:\/\/mattzobricks.com\/de\/wp-json\/wp\/v2\/users\/1"}],"replies":[{"embeddable":true,"href":"https:\/\/mattzobricks.com\/de\/wp-json\/wp\/v2\/comments?post=6078"}],"version-history":[{"count":21,"href":"https:\/\/mattzobricks.com\/de\/wp-json\/wp\/v2\/pages\/6078\/revisions"}],"predecessor-version":[{"id":7440,"href":"https:\/\/mattzobricks.com\/de\/wp-json\/wp\/v2\/pages\/6078\/revisions\/7440"}],"up":[{"embeddable":true,"href":"https:\/\/mattzobricks.com\/de\/wp-json\/wp\/v2\/pages\/4972"}],"wp:attachment":[{"href":"https:\/\/mattzobricks.com\/de\/wp-json\/wp\/v2\/media?parent=6078"}],"curies":[{"name":"wp","href":"https:\/\/api.w.org\/{rel}","templated":true}]}}