{"id":62,"date":"2020-01-18T21:43:53","date_gmt":"2020-01-18T21:43:53","guid":{"rendered":"http:\/\/mattzobricks.com\/?page_id=62"},"modified":"2024-05-27T11:51:07","modified_gmt":"2024-05-27T09:51:07","slug":"signals","status":"publish","type":"page","link":"https:\/\/mattzobricks.com\/de\/build\/signals","title":{"rendered":"Signale"},"content":{"rendered":"\n<h2 class=\"wp-block-heading\">\u00dcber Signale<\/h2>\n\n\n\n<p>Signale sind ein wichtiger Teil einer LEGO Eisenanlage. Sie bringen Licht und Bewegung auf die Anlage und verbessern den Spa\u00dffaktor und das Spielerlebnis auf der Anlage erheblich.<\/p>\n\n\n\n<figure class=\"wp-block-image size-large\"><img loading=\"lazy\" decoding=\"async\" width=\"1024\" height=\"760\" src=\"https:\/\/mattzobricks.com\/wp-content\/uploads\/2022\/01\/Vorsignal-mit-Hauptsignal-im-Hintergrund-1024x760.png\" alt=\"Form signals showing Hp2\/Vr2\" class=\"wp-image-4569\" srcset=\"https:\/\/mattzobricks.com\/wp-content\/uploads\/2022\/01\/Vorsignal-mit-Hauptsignal-im-Hintergrund-1024x760.png 1024w, https:\/\/mattzobricks.com\/wp-content\/uploads\/2022\/01\/Vorsignal-mit-Hauptsignal-im-Hintergrund-300x223.png 300w, https:\/\/mattzobricks.com\/wp-content\/uploads\/2022\/01\/Vorsignal-mit-Hauptsignal-im-Hintergrund-768x570.png 768w, https:\/\/mattzobricks.com\/wp-content\/uploads\/2022\/01\/Vorsignal-mit-Hauptsignal-im-Hintergrund-1536x1140.png 1536w, https:\/\/mattzobricks.com\/wp-content\/uploads\/2022\/01\/Vorsignal-mit-Hauptsignal-im-Hintergrund.png 1945w\" sizes=\"auto, (max-width: 1024px) 100vw, 1024px\" \/><figcaption class=\"wp-element-caption\">Form signals showing Hp2\/Vr2<\/figcaption><\/figure>\n\n\n\n<p>Signale lassen sich in zwei Hauptgruppen einteilen:<\/p>\n\n\n\n<ul class=\"wp-block-list\">\n<li>Formsignale, und<\/li>\n\n\n\n<li>Lichtsignale.<\/li>\n<\/ul>\n\n\n\n<p>Weiterhin k\u00f6nnen Signale wie folgt unterschieden werden:<\/p>\n\n\n\n<ul class=\"wp-block-list\">\n<li>Hauptsignale und<\/li>\n\n\n\n<li>Vorsignale.<\/li>\n<\/ul>\n\n\n\n<figure class=\"wp-block-image size-large\"><img loading=\"lazy\" decoding=\"async\" width=\"1024\" height=\"576\" src=\"https:\/\/mattzobricks.com\/wp-content\/uploads\/2021\/12\/Form-Haupt-und-Vorsignal-Assembly-1024x576.png\" alt=\"Form Haupt- und Vorsignal\" class=\"wp-image-4431\" srcset=\"https:\/\/mattzobricks.com\/wp-content\/uploads\/2021\/12\/Form-Haupt-und-Vorsignal-Assembly-1024x576.png 1024w, https:\/\/mattzobricks.com\/wp-content\/uploads\/2021\/12\/Form-Haupt-und-Vorsignal-Assembly-300x169.png 300w, https:\/\/mattzobricks.com\/wp-content\/uploads\/2021\/12\/Form-Haupt-und-Vorsignal-Assembly-768x432.png 768w, https:\/\/mattzobricks.com\/wp-content\/uploads\/2021\/12\/Form-Haupt-und-Vorsignal-Assembly-1536x864.png 1536w, https:\/\/mattzobricks.com\/wp-content\/uploads\/2021\/12\/Form-Haupt-und-Vorsignal-Assembly-2048x1152.png 2048w\" sizes=\"auto, (max-width: 1024px) 100vw, 1024px\" \/><figcaption class=\"wp-element-caption\">Form Haupt- und Vorsignal<\/figcaption><\/figure>\n\n\n\n<p>Hauptsignale m\u00fcssen direkt beachtet werden und d\u00fcrfen nicht passiert werden, wenn sie den Signalbegriff &#8220;halt&#8221; anzeigen. Vorsignale hingegen zeigen den Signalbegriff des folgenden Hauptsignals an.<\/p>\n\n\n\n<p>Signale zeigen weiterhin bestimmte &#8220;Signalbegriffe&#8221; an. Die h\u00e4ufigsten Begriffe f\u00fcr Haupt- und Vorsignale lauten:<\/p>\n\n\n\n<ul class=\"wp-block-list\">\n<li>&#8220;Halt&#8221; (Hp0) bzw. &#8220;Halt erwarten&#8221; (Vr0).<\/li>\n\n\n\n<li>&#8220;Fahrt&#8221; (Hp1) bzw. &#8220;Fahrt erwarten&#8221; (Vr1).<\/li>\n\n\n\n<li>&#8220;Langsamfahrt&#8221; (Hp2) bzw. &#8220;Langsamfahrt erwarten&#8221; (Vr2).<\/li>\n<\/ul>\n\n\n\n<p>Es gibt viele weitere Signalarten und Signalbegriffe. Ein \u00dcberblick ist z.B. in der Wikipedia oder anderen Medien zu finden.<\/p>\n\n\n\n<h2 class=\"wp-block-heading\">Designbeispiele<\/h2>\n\n\n\n<p>Das Design vollfunktionaler, beleuchteter und realistischer Formsignale f\u00fcr das LEGO Eisenbahnsystem ist eine durchaus herausfordernde Aufgabe.<\/p>\n\n\n\n<p>Hier sind einige Beispiele (Design by MattzoBricks, <a href=\"https:\/\/mattzobricks.com\/build\/signals\/semaphore-main-signal\" type=\"page\" id=\"3979\">Bauanleitung<\/a>):<\/p>\n\n\n\n<figure class=\"wp-block-image size-large\"><img loading=\"lazy\" decoding=\"async\" width=\"1024\" height=\"576\" src=\"https:\/\/mattzobricks.com\/wp-content\/uploads\/2021\/05\/Form-Hauptsignal-3-Begriffe-1024x576.png\" alt=\"Form Hauptsignal 3 Begriffe\" class=\"wp-image-3327\" srcset=\"https:\/\/mattzobricks.com\/wp-content\/uploads\/2021\/05\/Form-Hauptsignal-3-Begriffe-1024x576.png 1024w, https:\/\/mattzobricks.com\/wp-content\/uploads\/2021\/05\/Form-Hauptsignal-3-Begriffe-300x169.png 300w, https:\/\/mattzobricks.com\/wp-content\/uploads\/2021\/05\/Form-Hauptsignal-3-Begriffe-768x432.png 768w, https:\/\/mattzobricks.com\/wp-content\/uploads\/2021\/05\/Form-Hauptsignal-3-Begriffe-1536x864.png 1536w, https:\/\/mattzobricks.com\/wp-content\/uploads\/2021\/05\/Form-Hauptsignal-3-Begriffe.png 1920w\" sizes=\"auto, (max-width: 1024px) 100vw, 1024px\" \/><figcaption class=\"wp-element-caption\">Form Hauptsignal, angezeigter Begriff &#8220;Hp2&#8221;<\/figcaption><\/figure>\n\n\n\n<p>Echte Design-Ikonen sind deutsche Form-Vorsignale, speziell die Variante mit drei Signalbegriffen. Hier ein Beispiel (Design by MattzoBricks, <a href=\"https:\/\/mattzobricks.com\/build\/signals\/semaphore-distant-signal\" type=\"page\" id=\"3989\">Bauanleitung<\/a>):<\/p>\n\n\n\n<figure class=\"wp-block-image size-large\"><img loading=\"lazy\" decoding=\"async\" width=\"1024\" height=\"576\" src=\"https:\/\/mattzobricks.com\/wp-content\/uploads\/2021\/05\/Form-Vorsignal-3-Begriffe-1024x576.png\" alt=\"Form Vorsignal 3 Begriffe\" class=\"wp-image-3328\" srcset=\"https:\/\/mattzobricks.com\/wp-content\/uploads\/2021\/05\/Form-Vorsignal-3-Begriffe-1024x576.png 1024w, https:\/\/mattzobricks.com\/wp-content\/uploads\/2021\/05\/Form-Vorsignal-3-Begriffe-300x169.png 300w, https:\/\/mattzobricks.com\/wp-content\/uploads\/2021\/05\/Form-Vorsignal-3-Begriffe-768x432.png 768w, https:\/\/mattzobricks.com\/wp-content\/uploads\/2021\/05\/Form-Vorsignal-3-Begriffe-1536x864.png 1536w, https:\/\/mattzobricks.com\/wp-content\/uploads\/2021\/05\/Form-Vorsignal-3-Begriffe.png 1920w\" sizes=\"auto, (max-width: 1024px) 100vw, 1024px\" \/><figcaption class=\"wp-element-caption\">Form Vorsignal 3 Begriffe, angezeigter Begriff &#8220;Vr2&#8221;<\/figcaption><\/figure>\n\n\n\n<p>Hier ein Lichthauptsignal mit ortsgleichem Vorsignal im H\/V-System (Design by MattzoBricks):<\/p>\n\n\n\n<figure class=\"wp-block-image size-large\"><img loading=\"lazy\" decoding=\"async\" width=\"1024\" height=\"576\" src=\"https:\/\/mattzobricks.com\/wp-content\/uploads\/2021\/11\/Licht-Hauptsignal-2-1024x576.png\" alt=\"Lichtsignal\" class=\"wp-image-3971\" srcset=\"https:\/\/mattzobricks.com\/wp-content\/uploads\/2021\/11\/Licht-Hauptsignal-2-1024x576.png 1024w, https:\/\/mattzobricks.com\/wp-content\/uploads\/2021\/11\/Licht-Hauptsignal-2-300x169.png 300w, https:\/\/mattzobricks.com\/wp-content\/uploads\/2021\/11\/Licht-Hauptsignal-2-768x432.png 768w, https:\/\/mattzobricks.com\/wp-content\/uploads\/2021\/11\/Licht-Hauptsignal-2-1536x864.png 1536w, https:\/\/mattzobricks.com\/wp-content\/uploads\/2021\/11\/Licht-Hauptsignal-2-2048x1152.png 2048w\" sizes=\"auto, (max-width: 1024px) 100vw, 1024px\" \/><figcaption class=\"wp-element-caption\">Lichtsignal<\/figcaption><\/figure>\n\n\n\n<p>Hier ein reines Vorsignal im H\/V System (Design by Mattzobricks):<\/p>\n\n\n\n<figure class=\"wp-block-image size-large\"><img loading=\"lazy\" decoding=\"async\" width=\"576\" height=\"1024\" src=\"https:\/\/mattzobricks.com\/wp-content\/uploads\/2024\/05\/Deutsches-Licht-Vorsignal-576x1024.png\" alt=\"Deutsches Licht Vorsignal\" class=\"wp-image-7470\" srcset=\"https:\/\/mattzobricks.com\/wp-content\/uploads\/2024\/05\/Deutsches-Licht-Vorsignal-576x1024.png 576w, https:\/\/mattzobricks.com\/wp-content\/uploads\/2024\/05\/Deutsches-Licht-Vorsignal-169x300.png 169w, https:\/\/mattzobricks.com\/wp-content\/uploads\/2024\/05\/Deutsches-Licht-Vorsignal-768x1365.png 768w, https:\/\/mattzobricks.com\/wp-content\/uploads\/2024\/05\/Deutsches-Licht-Vorsignal-864x1536.png 864w, https:\/\/mattzobricks.com\/wp-content\/uploads\/2024\/05\/Deutsches-Licht-Vorsignal-1152x2048.png 1152w\" sizes=\"auto, (max-width: 576px) 100vw, 576px\" \/><figcaption class=\"wp-element-caption\">Deutsches Licht Vorsignal<\/figcaption><\/figure>\n\n\n\n<p>Auf den Unterseiten gibt es mehr Details zu <a href=\"https:\/\/mattzobricks.com\/build\/signals\/german-light-main-signal\" data-type=\"page\" data-id=\"6263\">Licht Hauptsignalen<\/a> und <a href=\"https:\/\/mattzobricks.com\/build\/signals\/german-light-distance-signal\" data-type=\"page\" data-id=\"6269\">Licht Vorsignalen<\/a>.<\/p>\n\n\n\n<p>Hier sieht man ein Licht Sperrsignal:<\/p>\n\n\n\n<figure class=\"wp-block-image size-large\"><img loading=\"lazy\" decoding=\"async\" width=\"1024\" height=\"576\" src=\"https:\/\/mattzobricks.com\/wp-content\/uploads\/2024\/05\/Licht-Sperrsignal-2-Sh0-2-1024x576.png\" alt=\"Licht Sperrsignal Sh0\" class=\"wp-image-7509\" srcset=\"https:\/\/mattzobricks.com\/wp-content\/uploads\/2024\/05\/Licht-Sperrsignal-2-Sh0-2-1024x576.png 1024w, https:\/\/mattzobricks.com\/wp-content\/uploads\/2024\/05\/Licht-Sperrsignal-2-Sh0-2-300x169.png 300w, https:\/\/mattzobricks.com\/wp-content\/uploads\/2024\/05\/Licht-Sperrsignal-2-Sh0-2-768x432.png 768w, https:\/\/mattzobricks.com\/wp-content\/uploads\/2024\/05\/Licht-Sperrsignal-2-Sh0-2-1536x864.png 1536w, https:\/\/mattzobricks.com\/wp-content\/uploads\/2024\/05\/Licht-Sperrsignal-2-Sh0-2.png 1920w\" sizes=\"auto, (max-width: 1024px) 100vw, 1024px\" \/><figcaption class=\"wp-element-caption\">Licht Sperrsignal Sh0<\/figcaption><\/figure>\n\n\n\n<p>Mehr Infos zum Licht Sperrsignal gibt es <a href=\"https:\/\/mattzobricks.com\/build\/signals\/german-dwarf-light-signal\" data-type=\"page\" data-id=\"7487\">hier<\/a>.<\/p>\n\n\n\n<h2 class=\"wp-block-heading\">Signale im MattzoBricks Train Automation System<\/h2>\n\n\n\n<p>Das folgende Diagramm zeigt, wie Signale in das MattzoBricks Train Automation System eingebunden sind:<\/p>\n\n\n\n<figure class=\"wp-block-image size-large\"><img loading=\"lazy\" decoding=\"async\" width=\"1024\" height=\"488\" src=\"https:\/\/mattzobricks.com\/wp-content\/uploads\/2021\/12\/MTAS-3-Signals-1024x488.png\" alt=\"MattzoBricks Train Automation System: Signale\" class=\"wp-image-4085\" srcset=\"https:\/\/mattzobricks.com\/wp-content\/uploads\/2021\/12\/MTAS-3-Signals-1024x488.png 1024w, https:\/\/mattzobricks.com\/wp-content\/uploads\/2021\/12\/MTAS-3-Signals-300x143.png 300w, https:\/\/mattzobricks.com\/wp-content\/uploads\/2021\/12\/MTAS-3-Signals-768x366.png 768w, https:\/\/mattzobricks.com\/wp-content\/uploads\/2021\/12\/MTAS-3-Signals.png 1151w\" sizes=\"auto, (max-width: 1024px) 100vw, 1024px\" \/><figcaption class=\"wp-element-caption\">MattzoBricks Train Automation System: Signale<\/figcaption><\/figure>\n\n\n\n<p>Zur Steuerung von Signalen ben\u00f6tigt man einen MattzoLayoutController. Wie man diesen baut, zeigen wir <a href=\"https:\/\/mattzobricks.com\/automation\/mattzolayoutcontroller\">hier<\/a>.<\/p>\n","protected":false},"excerpt":{"rendered":"<p>\u00dcber Signale Signale sind ein wichtiger Teil einer LEGO Eisenanlage. Sie bringen Licht und Bewegung auf die Anlage und verbessern den Spa\u00dffaktor und das Spielerlebnis auf der Anlage erheblich. Signale lassen sich in zwei Hauptgruppen einteilen: Weiterhin k\u00f6nnen Signale wie folgt unterschieden werden: Hauptsignale m\u00fcssen direkt beachtet werden und d\u00fcrfen [&hellip;]<\/p>\n","protected":false},"author":1,"featured_media":0,"parent":6949,"menu_order":130,"comment_status":"open","ping_status":"closed","template":"","meta":{"_bbp_topic_count":0,"_bbp_reply_count":0,"_bbp_total_topic_count":0,"_bbp_total_reply_count":0,"_bbp_voice_count":0,"_bbp_anonymous_reply_count":0,"_bbp_topic_count_hidden":0,"_bbp_reply_count_hidden":0,"_bbp_forum_subforum_count":0,"footnotes":""},"class_list":["post-62","page","type-page","status-publish","hentry"],"translation":{"provider":"WPGlobus","version":"3.0.2","language":"de","enabled_languages":["en","de"],"languages":{"en":{"title":true,"content":true,"excerpt":false},"de":{"title":true,"content":true,"excerpt":false}}},"_links":{"self":[{"href":"https:\/\/mattzobricks.com\/de\/wp-json\/wp\/v2\/pages\/62","targetHints":{"allow":["GET"]}}],"collection":[{"href":"https:\/\/mattzobricks.com\/de\/wp-json\/wp\/v2\/pages"}],"about":[{"href":"https:\/\/mattzobricks.com\/de\/wp-json\/wp\/v2\/types\/page"}],"author":[{"embeddable":true,"href":"https:\/\/mattzobricks.com\/de\/wp-json\/wp\/v2\/users\/1"}],"replies":[{"embeddable":true,"href":"https:\/\/mattzobricks.com\/de\/wp-json\/wp\/v2\/comments?post=62"}],"version-history":[{"count":86,"href":"https:\/\/mattzobricks.com\/de\/wp-json\/wp\/v2\/pages\/62\/revisions"}],"predecessor-version":[{"id":7556,"href":"https:\/\/mattzobricks.com\/de\/wp-json\/wp\/v2\/pages\/62\/revisions\/7556"}],"up":[{"embeddable":true,"href":"https:\/\/mattzobricks.com\/de\/wp-json\/wp\/v2\/pages\/6949"}],"wp:attachment":[{"href":"https:\/\/mattzobricks.com\/de\/wp-json\/wp\/v2\/media?parent=62"}],"curies":[{"name":"wp","href":"https:\/\/api.w.org\/{rel}","templated":true}]}}