{"id":6633,"date":"2024-01-28T19:05:34","date_gmt":"2024-01-28T18:05:34","guid":{"rendered":"https:\/\/mattzobricks.com\/?page_id=6633"},"modified":"2024-02-18T13:33:44","modified_gmt":"2024-02-18T12:33:44","slug":"orient-express","status":"publish","type":"page","link":"https:\/\/mattzobricks.com\/de\/build\/trains\/orient-express","title":{"rendered":"Orient Express"},"content":{"rendered":"\n<p>Umbau auf alte Rads\u00e4tze und Kugellager<\/p>\n\n\n\n<p>Umbau auf Magnetkupplungen<\/p>\n\n\n\n<p>Motorisierung: PF und PU Version<\/p>\n\n\n\n<p>Automatisierung<\/p>\n\n\n\n<p>Verl\u00e4ngerung von Lok und Tender<\/p>\n\n\n\n<p>Anleitungen ver\u00f6ffentlichen<\/p>\n","protected":false},"excerpt":{"rendered":"<p>Umbau auf alte Rads\u00e4tze und Kugellager Umbau auf Magnetkupplungen Motorisierung: PF und PU Version Automatisierung Verl\u00e4ngerung von Lok und Tender Anleitungen ver\u00f6ffentlichen<\/p>\n","protected":false},"author":1,"featured_media":0,"parent":4974,"menu_order":0,"comment_status":"closed","ping_status":"closed","template":"","meta":{"_bbp_topic_count":0,"_bbp_reply_count":0,"_bbp_total_topic_count":0,"_bbp_total_reply_count":0,"_bbp_voice_count":0,"_bbp_anonymous_reply_count":0,"_bbp_topic_count_hidden":0,"_bbp_reply_count_hidden":0,"_bbp_forum_subforum_count":0,"footnotes":""},"class_list":["post-6633","page","type-page","status-publish","hentry"],"translation":{"provider":"WPGlobus","version":"3.0.2","language":"de","enabled_languages":["en","de"],"languages":{"en":{"title":true,"content":true,"excerpt":false},"de":{"title":false,"content":false,"excerpt":false}}},"_links":{"self":[{"href":"https:\/\/mattzobricks.com\/de\/wp-json\/wp\/v2\/pages\/6633","targetHints":{"allow":["GET"]}}],"collection":[{"href":"https:\/\/mattzobricks.com\/de\/wp-json\/wp\/v2\/pages"}],"about":[{"href":"https:\/\/mattzobricks.com\/de\/wp-json\/wp\/v2\/types\/page"}],"author":[{"embeddable":true,"href":"https:\/\/mattzobricks.com\/de\/wp-json\/wp\/v2\/users\/1"}],"replies":[{"embeddable":true,"href":"https:\/\/mattzobricks.com\/de\/wp-json\/wp\/v2\/comments?post=6633"}],"version-history":[{"count":2,"href":"https:\/\/mattzobricks.com\/de\/wp-json\/wp\/v2\/pages\/6633\/revisions"}],"predecessor-version":[{"id":6641,"href":"https:\/\/mattzobricks.com\/de\/wp-json\/wp\/v2\/pages\/6633\/revisions\/6641"}],"up":[{"embeddable":true,"href":"https:\/\/mattzobricks.com\/de\/wp-json\/wp\/v2\/pages\/4974"}],"wp:attachment":[{"href":"https:\/\/mattzobricks.com\/de\/wp-json\/wp\/v2\/media?parent=6633"}],"curies":[{"name":"wp","href":"https:\/\/api.w.org\/{rel}","templated":true}]}}