{"id":6636,"date":"2024-01-28T19:08:51","date_gmt":"2024-01-28T18:08:51","guid":{"rendered":"https:\/\/mattzobricks.com\/?page_id=6636"},"modified":"2024-02-18T14:45:33","modified_gmt":"2024-02-18T13:45:33","slug":"rheingold","status":"publish","type":"page","link":"https:\/\/mattzobricks.com\/de\/build\/trains\/rheingold","title":{"rendered":"BR01 Rheingold"},"content":{"rendered":"\n<p>Optimierung Lokomotive. Fokus: Kuppelstange!<\/p>\n\n\n\n<p>Motorisierung Gep\u00e4ckwagen<\/p>\n\n\n\n<p>Kugellager f\u00fcr Waggons<\/p>\n\n\n\n<p>Kleben der Rads\u00e4tze<\/p>\n","protected":false},"excerpt":{"rendered":"<p>Optimierung Lokomotive. Fokus: Kuppelstange! Motorisierung Gep\u00e4ckwagen Kugellager f\u00fcr Waggons Kleben der Rads\u00e4tze<\/p>\n","protected":false},"author":1,"featured_media":0,"parent":4974,"menu_order":70,"comment_status":"closed","ping_status":"closed","template":"","meta":{"_bbp_topic_count":0,"_bbp_reply_count":0,"_bbp_total_topic_count":0,"_bbp_total_reply_count":0,"_bbp_voice_count":0,"_bbp_anonymous_reply_count":0,"_bbp_topic_count_hidden":0,"_bbp_reply_count_hidden":0,"_bbp_forum_subforum_count":0,"footnotes":""},"class_list":["post-6636","page","type-page","status-publish","hentry"],"translation":{"provider":"WPGlobus","version":"3.0.2","language":"de","enabled_languages":["en","de"],"languages":{"en":{"title":true,"content":true,"excerpt":false},"de":{"title":false,"content":false,"excerpt":false}}},"_links":{"self":[{"href":"https:\/\/mattzobricks.com\/de\/wp-json\/wp\/v2\/pages\/6636","targetHints":{"allow":["GET"]}}],"collection":[{"href":"https:\/\/mattzobricks.com\/de\/wp-json\/wp\/v2\/pages"}],"about":[{"href":"https:\/\/mattzobricks.com\/de\/wp-json\/wp\/v2\/types\/page"}],"author":[{"embeddable":true,"href":"https:\/\/mattzobricks.com\/de\/wp-json\/wp\/v2\/users\/1"}],"replies":[{"embeddable":true,"href":"https:\/\/mattzobricks.com\/de\/wp-json\/wp\/v2\/comments?post=6636"}],"version-history":[{"count":4,"href":"https:\/\/mattzobricks.com\/de\/wp-json\/wp\/v2\/pages\/6636\/revisions"}],"predecessor-version":[{"id":6653,"href":"https:\/\/mattzobricks.com\/de\/wp-json\/wp\/v2\/pages\/6636\/revisions\/6653"}],"up":[{"embeddable":true,"href":"https:\/\/mattzobricks.com\/de\/wp-json\/wp\/v2\/pages\/4974"}],"wp:attachment":[{"href":"https:\/\/mattzobricks.com\/de\/wp-json\/wp\/v2\/media?parent=6636"}],"curies":[{"name":"wp","href":"https:\/\/api.w.org\/{rel}","templated":true}]}}