{"id":6647,"date":"2024-02-18T14:04:25","date_gmt":"2024-02-18T13:04:25","guid":{"rendered":"https:\/\/mattzobricks.com\/?page_id=6647"},"modified":"2024-02-18T14:29:42","modified_gmt":"2024-02-18T13:29:42","slug":"metroliner","status":"publish","type":"page","link":"https:\/\/mattzobricks.com\/de\/build\/trains\/metroliner","title":{"rendered":"Metroliner"},"content":{"rendered":"\n<p>Story: wie kam Mattze zu einem Metroliner?<\/p>\n\n\n\n<p>Umbau auf Batterie<\/p>\n\n\n\n<p>Einbau MattzoController<\/p>\n\n\n\n<p>Optimierungen an den Loco-Rads\u00e4tzen<\/p>\n\n\n\n<p>Tipps, wie man g\u00fcnstig einen Metroliner bauen kann<\/p>\n\n\n\n<p>Umgehen teurer Bauteile:<\/p>\n\n\n\n<ul class=\"wp-block-list\">\n<li>Gro\u00dfe Fenster<\/li>\n\n\n\n<li>Pano-Fenster mit Scharnier<\/li>\n\n\n\n<li>Stripes-\u00dcbergang Pano-Wagen<\/li>\n\n\n\n<li>&#8220;Motor&#8221;-Teile, die ohnehin nicht mehr ben\u00f6tigt werden, da durch die Akkus verdr\u00e4ngt.<\/li>\n\n\n\n<li>Alte Stromabnehmer &#8211; die neuen sind erheblich besser.<\/li>\n<\/ul>\n\n\n\n<p>Hilft nichts:<\/p>\n\n\n\n<ul class=\"wp-block-list\">\n<li>T\u00fcren<\/li>\n\n\n\n<li>Loco-Fronten<\/li>\n\n\n\n<li>Dachteile<\/li>\n<\/ul>\n\n\n\n<p>Philosophie-Fragen: althellgrau oder neuhellgrau? Original-Farbe vs. Schnuddelteile mit Patina? \u00c4nderungen der \u00e4u\u00dferen Erscheinung in Kauf nehmen.<\/p>\n\n\n\n<p>Neuere Version des Metroliners: https:\/\/www.youtube.com\/watch?v=yXADnfRllAg<\/p>\n\n\n\n<p><\/p>\n","protected":false},"excerpt":{"rendered":"<p>Story: wie kam Mattze zu einem Metroliner? Umbau auf Batterie Einbau MattzoController Optimierungen an den Loco-Rads\u00e4tzen Tipps, wie man g\u00fcnstig einen Metroliner bauen kann Umgehen teurer Bauteile: Hilft nichts: Philosophie-Fragen: althellgrau oder neuhellgrau? Original-Farbe vs. Schnuddelteile mit Patina? \u00c4nderungen der \u00e4u\u00dferen Erscheinung in Kauf nehmen. Neuere Version des Metroliners: https:\/\/www.youtube.com\/watch?v=yXADnfRllAg<\/p>\n","protected":false},"author":1,"featured_media":0,"parent":4974,"menu_order":100,"comment_status":"closed","ping_status":"closed","template":"","meta":{"_bbp_topic_count":0,"_bbp_reply_count":0,"_bbp_total_topic_count":0,"_bbp_total_reply_count":0,"_bbp_voice_count":0,"_bbp_anonymous_reply_count":0,"_bbp_topic_count_hidden":0,"_bbp_reply_count_hidden":0,"_bbp_forum_subforum_count":0,"footnotes":""},"class_list":["post-6647","page","type-page","status-publish","hentry"],"translation":{"provider":"WPGlobus","version":"3.0.2","language":"de","enabled_languages":["en","de"],"languages":{"en":{"title":true,"content":true,"excerpt":false},"de":{"title":false,"content":false,"excerpt":false}}},"_links":{"self":[{"href":"https:\/\/mattzobricks.com\/de\/wp-json\/wp\/v2\/pages\/6647","targetHints":{"allow":["GET"]}}],"collection":[{"href":"https:\/\/mattzobricks.com\/de\/wp-json\/wp\/v2\/pages"}],"about":[{"href":"https:\/\/mattzobricks.com\/de\/wp-json\/wp\/v2\/types\/page"}],"author":[{"embeddable":true,"href":"https:\/\/mattzobricks.com\/de\/wp-json\/wp\/v2\/users\/1"}],"replies":[{"embeddable":true,"href":"https:\/\/mattzobricks.com\/de\/wp-json\/wp\/v2\/comments?post=6647"}],"version-history":[{"count":2,"href":"https:\/\/mattzobricks.com\/de\/wp-json\/wp\/v2\/pages\/6647\/revisions"}],"predecessor-version":[{"id":6650,"href":"https:\/\/mattzobricks.com\/de\/wp-json\/wp\/v2\/pages\/6647\/revisions\/6650"}],"up":[{"embeddable":true,"href":"https:\/\/mattzobricks.com\/de\/wp-json\/wp\/v2\/pages\/4974"}],"wp:attachment":[{"href":"https:\/\/mattzobricks.com\/de\/wp-json\/wp\/v2\/media?parent=6647"}],"curies":[{"name":"wp","href":"https:\/\/api.w.org\/{rel}","templated":true}]}}