{"id":6740,"date":"2024-03-12T10:32:10","date_gmt":"2024-03-12T09:32:10","guid":{"rendered":"https:\/\/mattzobricks.com\/?page_id=6740"},"modified":"2025-04-23T18:58:33","modified_gmt":"2025-04-23T16:58:33","slug":"ice-skating-rink","status":"publish","type":"page","link":"https:\/\/mattzobricks.com\/de\/build\/moc\/ice-skating-rink","title":{"rendered":"LEGO Eislaufbahn"},"content":{"rendered":"\n<p>Dieses Eishockey-Spielfeld f\u00fcgt sich sehr sch\u00f6n in die LEGO Winter Village Serie ein.<\/p>\n\n\n\n<p>Falls Interesse besteht, lade ich vielleicht sp\u00e4ter noch eine Anleitung hoch.<\/p>\n\n\n\n<figure class=\"wp-block-image size-large\"><img loading=\"lazy\" decoding=\"async\" width=\"1024\" height=\"768\" src=\"https:\/\/mattzobricks.com\/wp-content\/uploads\/2024\/05\/Ice-Skating-Arena-2-1024x768.jpg\" alt=\"\" class=\"wp-image-7427\" srcset=\"https:\/\/mattzobricks.com\/wp-content\/uploads\/2024\/05\/Ice-Skating-Arena-2-1024x768.jpg 1024w, https:\/\/mattzobricks.com\/wp-content\/uploads\/2024\/05\/Ice-Skating-Arena-2-300x225.jpg 300w, https:\/\/mattzobricks.com\/wp-content\/uploads\/2024\/05\/Ice-Skating-Arena-2-768x576.jpg 768w, https:\/\/mattzobricks.com\/wp-content\/uploads\/2024\/05\/Ice-Skating-Arena-2-1536x1152.jpg 1536w, https:\/\/mattzobricks.com\/wp-content\/uploads\/2024\/05\/Ice-Skating-Arena-2-2048x1536.jpg 2048w\" sizes=\"auto, (max-width: 1024px) 100vw, 1024px\" \/><\/figure>\n\n\n\n<figure class=\"wp-block-image size-large\"><img loading=\"lazy\" decoding=\"async\" width=\"1024\" height=\"576\" src=\"https:\/\/mattzobricks.com\/wp-content\/uploads\/2024\/04\/LEGO-Ice-Hockey-Rink-1-1024x576.png\" alt=\"LEGO Eishockeyfeld\" class=\"wp-image-6776\" srcset=\"https:\/\/mattzobricks.com\/wp-content\/uploads\/2024\/04\/LEGO-Ice-Hockey-Rink-1-1024x576.png 1024w, https:\/\/mattzobricks.com\/wp-content\/uploads\/2024\/04\/LEGO-Ice-Hockey-Rink-1-300x169.png 300w, https:\/\/mattzobricks.com\/wp-content\/uploads\/2024\/04\/LEGO-Ice-Hockey-Rink-1-768x432.png 768w, https:\/\/mattzobricks.com\/wp-content\/uploads\/2024\/04\/LEGO-Ice-Hockey-Rink-1-1536x864.png 1536w, https:\/\/mattzobricks.com\/wp-content\/uploads\/2024\/04\/LEGO-Ice-Hockey-Rink-1-2048x1152.png 2048w\" sizes=\"auto, (max-width: 1024px) 100vw, 1024px\" \/><figcaption class=\"wp-element-caption\">LEGO Eishockeyfeld<\/figcaption><\/figure>\n\n\n\n<figure class=\"wp-block-image size-large\"><img loading=\"lazy\" decoding=\"async\" width=\"1024\" height=\"576\" src=\"https:\/\/mattzobricks.com\/wp-content\/uploads\/2024\/04\/LEGO-Ice-Hockey-Rink-2-1024x576.png\" alt=\"LEGO Eishockey Feld\" class=\"wp-image-6795\" srcset=\"https:\/\/mattzobricks.com\/wp-content\/uploads\/2024\/04\/LEGO-Ice-Hockey-Rink-2-1024x576.png 1024w, https:\/\/mattzobricks.com\/wp-content\/uploads\/2024\/04\/LEGO-Ice-Hockey-Rink-2-300x169.png 300w, https:\/\/mattzobricks.com\/wp-content\/uploads\/2024\/04\/LEGO-Ice-Hockey-Rink-2-768x432.png 768w, https:\/\/mattzobricks.com\/wp-content\/uploads\/2024\/04\/LEGO-Ice-Hockey-Rink-2-1536x864.png 1536w, https:\/\/mattzobricks.com\/wp-content\/uploads\/2024\/04\/LEGO-Ice-Hockey-Rink-2-2048x1152.png 2048w\" sizes=\"auto, (max-width: 1024px) 100vw, 1024px\" \/><figcaption class=\"wp-element-caption\">LEGO Eislaufbahn<\/figcaption><\/figure>\n\n\n\n<figure class=\"wp-block-gallery has-nested-images columns-default is-cropped wp-block-gallery-2 is-layout-flex wp-block-gallery-is-layout-flex\">\n<figure class=\"wp-block-image size-large\"><img loading=\"lazy\" decoding=\"async\" width=\"1024\" height=\"768\" data-id=\"7432\" src=\"https:\/\/mattzobricks.com\/wp-content\/uploads\/2024\/05\/Ice-Skating-Arena-7-1024x768.jpg\" alt=\"\" class=\"wp-image-7432\" srcset=\"https:\/\/mattzobricks.com\/wp-content\/uploads\/2024\/05\/Ice-Skating-Arena-7-1024x768.jpg 1024w, https:\/\/mattzobricks.com\/wp-content\/uploads\/2024\/05\/Ice-Skating-Arena-7-300x225.jpg 300w, https:\/\/mattzobricks.com\/wp-content\/uploads\/2024\/05\/Ice-Skating-Arena-7-768x576.jpg 768w, https:\/\/mattzobricks.com\/wp-content\/uploads\/2024\/05\/Ice-Skating-Arena-7-1536x1152.jpg 1536w, https:\/\/mattzobricks.com\/wp-content\/uploads\/2024\/05\/Ice-Skating-Arena-7-2048x1536.jpg 2048w\" sizes=\"auto, (max-width: 1024px) 100vw, 1024px\" \/><\/figure>\n\n\n\n<figure class=\"wp-block-image size-large\"><img loading=\"lazy\" decoding=\"async\" width=\"1024\" height=\"768\" data-id=\"7431\" src=\"https:\/\/mattzobricks.com\/wp-content\/uploads\/2024\/05\/Ice-Skating-Arena-6-1024x768.jpg\" alt=\"\" class=\"wp-image-7431\" srcset=\"https:\/\/mattzobricks.com\/wp-content\/uploads\/2024\/05\/Ice-Skating-Arena-6-1024x768.jpg 1024w, https:\/\/mattzobricks.com\/wp-content\/uploads\/2024\/05\/Ice-Skating-Arena-6-300x225.jpg 300w, https:\/\/mattzobricks.com\/wp-content\/uploads\/2024\/05\/Ice-Skating-Arena-6-768x576.jpg 768w, https:\/\/mattzobricks.com\/wp-content\/uploads\/2024\/05\/Ice-Skating-Arena-6-1536x1152.jpg 1536w, https:\/\/mattzobricks.com\/wp-content\/uploads\/2024\/05\/Ice-Skating-Arena-6-2048x1536.jpg 2048w\" sizes=\"auto, (max-width: 1024px) 100vw, 1024px\" \/><\/figure>\n\n\n\n<figure class=\"wp-block-image size-large\"><img loading=\"lazy\" decoding=\"async\" width=\"1024\" height=\"768\" data-id=\"7430\" src=\"https:\/\/mattzobricks.com\/wp-content\/uploads\/2024\/05\/Ice-Skating-Arena-5-1024x768.jpg\" alt=\"\" class=\"wp-image-7430\" srcset=\"https:\/\/mattzobricks.com\/wp-content\/uploads\/2024\/05\/Ice-Skating-Arena-5-1024x768.jpg 1024w, https:\/\/mattzobricks.com\/wp-content\/uploads\/2024\/05\/Ice-Skating-Arena-5-300x225.jpg 300w, https:\/\/mattzobricks.com\/wp-content\/uploads\/2024\/05\/Ice-Skating-Arena-5-768x576.jpg 768w, https:\/\/mattzobricks.com\/wp-content\/uploads\/2024\/05\/Ice-Skating-Arena-5-1536x1152.jpg 1536w, https:\/\/mattzobricks.com\/wp-content\/uploads\/2024\/05\/Ice-Skating-Arena-5-2048x1536.jpg 2048w\" sizes=\"auto, (max-width: 1024px) 100vw, 1024px\" \/><\/figure>\n\n\n\n<figure class=\"wp-block-image size-large\"><img loading=\"lazy\" decoding=\"async\" width=\"1024\" height=\"768\" data-id=\"7429\" src=\"https:\/\/mattzobricks.com\/wp-content\/uploads\/2024\/05\/Ice-Skating-Arena-4-1024x768.jpg\" alt=\"\" class=\"wp-image-7429\" srcset=\"https:\/\/mattzobricks.com\/wp-content\/uploads\/2024\/05\/Ice-Skating-Arena-4-1024x768.jpg 1024w, https:\/\/mattzobricks.com\/wp-content\/uploads\/2024\/05\/Ice-Skating-Arena-4-300x225.jpg 300w, https:\/\/mattzobricks.com\/wp-content\/uploads\/2024\/05\/Ice-Skating-Arena-4-768x576.jpg 768w, https:\/\/mattzobricks.com\/wp-content\/uploads\/2024\/05\/Ice-Skating-Arena-4-1536x1152.jpg 1536w, https:\/\/mattzobricks.com\/wp-content\/uploads\/2024\/05\/Ice-Skating-Arena-4-2048x1536.jpg 2048w\" sizes=\"auto, (max-width: 1024px) 100vw, 1024px\" \/><\/figure>\n\n\n\n<figure class=\"wp-block-image size-large\"><img loading=\"lazy\" decoding=\"async\" width=\"1024\" height=\"768\" data-id=\"7428\" src=\"https:\/\/mattzobricks.com\/wp-content\/uploads\/2024\/05\/Ice-Skating-Arena-3-1024x768.jpg\" alt=\"\" class=\"wp-image-7428\" srcset=\"https:\/\/mattzobricks.com\/wp-content\/uploads\/2024\/05\/Ice-Skating-Arena-3-1024x768.jpg 1024w, https:\/\/mattzobricks.com\/wp-content\/uploads\/2024\/05\/Ice-Skating-Arena-3-300x225.jpg 300w, https:\/\/mattzobricks.com\/wp-content\/uploads\/2024\/05\/Ice-Skating-Arena-3-768x576.jpg 768w, https:\/\/mattzobricks.com\/wp-content\/uploads\/2024\/05\/Ice-Skating-Arena-3-1536x1152.jpg 1536w, https:\/\/mattzobricks.com\/wp-content\/uploads\/2024\/05\/Ice-Skating-Arena-3-2048x1536.jpg 2048w\" sizes=\"auto, (max-width: 1024px) 100vw, 1024px\" \/><\/figure>\n\n\n\n<figure class=\"wp-block-image size-large\"><img loading=\"lazy\" decoding=\"async\" width=\"1024\" height=\"768\" data-id=\"7427\" src=\"https:\/\/mattzobricks.com\/wp-content\/uploads\/2024\/05\/Ice-Skating-Arena-2-1024x768.jpg\" alt=\"\" class=\"wp-image-7427\" srcset=\"https:\/\/mattzobricks.com\/wp-content\/uploads\/2024\/05\/Ice-Skating-Arena-2-1024x768.jpg 1024w, https:\/\/mattzobricks.com\/wp-content\/uploads\/2024\/05\/Ice-Skating-Arena-2-300x225.jpg 300w, https:\/\/mattzobricks.com\/wp-content\/uploads\/2024\/05\/Ice-Skating-Arena-2-768x576.jpg 768w, https:\/\/mattzobricks.com\/wp-content\/uploads\/2024\/05\/Ice-Skating-Arena-2-1536x1152.jpg 1536w, https:\/\/mattzobricks.com\/wp-content\/uploads\/2024\/05\/Ice-Skating-Arena-2-2048x1536.jpg 2048w\" sizes=\"auto, (max-width: 1024px) 100vw, 1024px\" \/><\/figure>\n\n\n\n<figure class=\"wp-block-image size-large\"><img loading=\"lazy\" decoding=\"async\" width=\"1024\" height=\"768\" data-id=\"7426\" src=\"https:\/\/mattzobricks.com\/wp-content\/uploads\/2024\/05\/Ice-Skating-Arena-1-1024x768.jpg\" alt=\"\" class=\"wp-image-7426\" srcset=\"https:\/\/mattzobricks.com\/wp-content\/uploads\/2024\/05\/Ice-Skating-Arena-1-1024x768.jpg 1024w, https:\/\/mattzobricks.com\/wp-content\/uploads\/2024\/05\/Ice-Skating-Arena-1-300x225.jpg 300w, https:\/\/mattzobricks.com\/wp-content\/uploads\/2024\/05\/Ice-Skating-Arena-1-768x576.jpg 768w, https:\/\/mattzobricks.com\/wp-content\/uploads\/2024\/05\/Ice-Skating-Arena-1-1536x1152.jpg 1536w, https:\/\/mattzobricks.com\/wp-content\/uploads\/2024\/05\/Ice-Skating-Arena-1-2048x1536.jpg 2048w\" sizes=\"auto, (max-width: 1024px) 100vw, 1024px\" \/><\/figure>\n<\/figure>\n\n\n\n<p>Die meisten Minifigs und die Buden stammen von anderen LEGO Sets der Winter Village Serie.<\/p>\n","protected":false},"excerpt":{"rendered":"<p>Dieses Eishockey-Spielfeld f\u00fcgt sich sehr sch\u00f6n in die LEGO Winter Village Serie ein. Falls Interesse besteht, lade ich vielleicht sp\u00e4ter noch eine Anleitung hoch. Die meisten Minifigs und die Buden stammen von anderen LEGO Sets der Winter Village Serie.<\/p>\n","protected":false},"author":1,"featured_media":0,"parent":4972,"menu_order":200,"comment_status":"open","ping_status":"closed","template":"","meta":{"_bbp_topic_count":0,"_bbp_reply_count":0,"_bbp_total_topic_count":0,"_bbp_total_reply_count":0,"_bbp_voice_count":0,"_bbp_anonymous_reply_count":0,"_bbp_topic_count_hidden":0,"_bbp_reply_count_hidden":0,"_bbp_forum_subforum_count":0,"footnotes":""},"class_list":["post-6740","page","type-page","status-publish","hentry"],"translation":{"provider":"WPGlobus","version":"3.0.2","language":"de","enabled_languages":["en","de"],"languages":{"en":{"title":true,"content":true,"excerpt":false},"de":{"title":true,"content":true,"excerpt":false}}},"_links":{"self":[{"href":"https:\/\/mattzobricks.com\/de\/wp-json\/wp\/v2\/pages\/6740","targetHints":{"allow":["GET"]}}],"collection":[{"href":"https:\/\/mattzobricks.com\/de\/wp-json\/wp\/v2\/pages"}],"about":[{"href":"https:\/\/mattzobricks.com\/de\/wp-json\/wp\/v2\/types\/page"}],"author":[{"embeddable":true,"href":"https:\/\/mattzobricks.com\/de\/wp-json\/wp\/v2\/users\/1"}],"replies":[{"embeddable":true,"href":"https:\/\/mattzobricks.com\/de\/wp-json\/wp\/v2\/comments?post=6740"}],"version-history":[{"count":18,"href":"https:\/\/mattzobricks.com\/de\/wp-json\/wp\/v2\/pages\/6740\/revisions"}],"predecessor-version":[{"id":7439,"href":"https:\/\/mattzobricks.com\/de\/wp-json\/wp\/v2\/pages\/6740\/revisions\/7439"}],"up":[{"embeddable":true,"href":"https:\/\/mattzobricks.com\/de\/wp-json\/wp\/v2\/pages\/4972"}],"wp:attachment":[{"href":"https:\/\/mattzobricks.com\/de\/wp-json\/wp\/v2\/media?parent=6740"}],"curies":[{"name":"wp","href":"https:\/\/api.w.org\/{rel}","templated":true}]}}