{"id":8382,"date":"2025-03-06T22:49:28","date_gmt":"2025-03-06T21:49:28","guid":{"rendered":"https:\/\/mattzobricks.com\/?page_id=8382"},"modified":"2025-03-07T10:32:35","modified_gmt":"2025-03-07T09:32:35","slug":"buffers","status":"publish","type":"page","link":"https:\/\/mattzobricks.com\/de\/build\/buffers","title":{"rendered":"Prellb\u00f6cke"},"content":{"rendered":"\n<p>Der Kl\u00fcgere gibt nach! Der Trick beim Bauen von Prellb\u00f6cken f\u00fcr das LEGO Eisenbahnsystem ist nicht, diese so robust und widerstandsf\u00e4hig wie m\u00f6glich zu machen &#8211; ganz im Gegenteil. Es ist meistens besser, den Prellbock beim Aufprall eines Zuges einfach wegfliegen zu lassen. In vielen F\u00e4llen minimiert das die zu erwartenden Kollateralsch\u00e4den.<\/p>\n\n\n\n<figure class=\"wp-block-image size-large\"><img loading=\"lazy\" decoding=\"async\" width=\"1024\" height=\"576\" src=\"https:\/\/mattzobricks.com\/wp-content\/uploads\/2025\/03\/Prellbock-1-1024x576.png\" alt=\"Buffer Stop 1\" class=\"wp-image-8405\" srcset=\"https:\/\/mattzobricks.com\/wp-content\/uploads\/2025\/03\/Prellbock-1-1024x576.png 1024w, https:\/\/mattzobricks.com\/wp-content\/uploads\/2025\/03\/Prellbock-1-300x169.png 300w, https:\/\/mattzobricks.com\/wp-content\/uploads\/2025\/03\/Prellbock-1-768x432.png 768w, https:\/\/mattzobricks.com\/wp-content\/uploads\/2025\/03\/Prellbock-1-1536x864.png 1536w, https:\/\/mattzobricks.com\/wp-content\/uploads\/2025\/03\/Prellbock-1.png 1920w\" sizes=\"auto, (max-width: 1024px) 100vw, 1024px\" \/><figcaption class=\"wp-element-caption\">Prellbock<\/figcaption><\/figure>\n\n\n\n<figure class=\"wp-block-image size-large\"><img loading=\"lazy\" decoding=\"async\" width=\"1024\" height=\"576\" src=\"https:\/\/mattzobricks.com\/wp-content\/uploads\/2025\/03\/Prellbock-2-1024x576.png\" alt=\"Buffer Stop\" class=\"wp-image-8406\" srcset=\"https:\/\/mattzobricks.com\/wp-content\/uploads\/2025\/03\/Prellbock-2-1024x576.png 1024w, https:\/\/mattzobricks.com\/wp-content\/uploads\/2025\/03\/Prellbock-2-300x169.png 300w, https:\/\/mattzobricks.com\/wp-content\/uploads\/2025\/03\/Prellbock-2-768x432.png 768w, https:\/\/mattzobricks.com\/wp-content\/uploads\/2025\/03\/Prellbock-2-1536x864.png 1536w, https:\/\/mattzobricks.com\/wp-content\/uploads\/2025\/03\/Prellbock-2.png 1920w\" sizes=\"auto, (max-width: 1024px) 100vw, 1024px\" \/><figcaption class=\"wp-element-caption\">Prellbock<\/figcaption><\/figure>\n\n\n\n<figure class=\"wp-block-image size-large\"><img loading=\"lazy\" decoding=\"async\" width=\"1024\" height=\"576\" src=\"https:\/\/mattzobricks.com\/wp-content\/uploads\/2025\/03\/Prellbock-3-1024x576.png\" alt=\"Buffer Stop\" class=\"wp-image-8407\" srcset=\"https:\/\/mattzobricks.com\/wp-content\/uploads\/2025\/03\/Prellbock-3-1024x576.png 1024w, https:\/\/mattzobricks.com\/wp-content\/uploads\/2025\/03\/Prellbock-3-300x169.png 300w, https:\/\/mattzobricks.com\/wp-content\/uploads\/2025\/03\/Prellbock-3-768x432.png 768w, https:\/\/mattzobricks.com\/wp-content\/uploads\/2025\/03\/Prellbock-3-1536x864.png 1536w, https:\/\/mattzobricks.com\/wp-content\/uploads\/2025\/03\/Prellbock-3.png 1920w\" sizes=\"auto, (max-width: 1024px) 100vw, 1024px\" \/><figcaption class=\"wp-element-caption\">Prellbock<\/figcaption><\/figure>\n\n\n\n<p>Der Prellbock ist so einfach zu bauen, dass ich hier nur ein Bild von den ben\u00f6tigten Teilen abgebildet habe. Wie man das zusammenbaut, d\u00fcrfte ein l\u00f6sbares R\u00e4tsel sein.<\/p>\n\n\n\n<figure class=\"wp-block-image size-large\"><img loading=\"lazy\" decoding=\"async\" width=\"1024\" height=\"576\" src=\"https:\/\/mattzobricks.com\/wp-content\/uploads\/2025\/03\/Prellbock-Teile-1024x576.png\" alt=\"Parts for buffer stop\" class=\"wp-image-8408\" srcset=\"https:\/\/mattzobricks.com\/wp-content\/uploads\/2025\/03\/Prellbock-Teile-1024x576.png 1024w, https:\/\/mattzobricks.com\/wp-content\/uploads\/2025\/03\/Prellbock-Teile-300x169.png 300w, https:\/\/mattzobricks.com\/wp-content\/uploads\/2025\/03\/Prellbock-Teile-768x432.png 768w, https:\/\/mattzobricks.com\/wp-content\/uploads\/2025\/03\/Prellbock-Teile-1536x864.png 1536w, https:\/\/mattzobricks.com\/wp-content\/uploads\/2025\/03\/Prellbock-Teile.png 1920w\" sizes=\"auto, (max-width: 1024px) 100vw, 1024px\" \/><figcaption class=\"wp-element-caption\">Required parts for a simple buffer stop for the LEGO train system<\/figcaption><\/figure>\n\n\n\n<p>Viel Spa\u00df!<\/p>\n","protected":false},"excerpt":{"rendered":"<p>Der Kl\u00fcgere gibt nach! Der Trick beim Bauen von Prellb\u00f6cken f\u00fcr das LEGO Eisenbahnsystem ist nicht, diese so robust und widerstandsf\u00e4hig wie m\u00f6glich zu machen &#8211; ganz im Gegenteil. Es ist meistens besser, den Prellbock beim Aufprall eines Zuges einfach wegfliegen zu lassen. In vielen F\u00e4llen minimiert das die zu [&hellip;]<\/p>\n","protected":false},"author":1,"featured_media":0,"parent":6949,"menu_order":125,"comment_status":"open","ping_status":"closed","template":"","meta":{"_bbp_topic_count":0,"_bbp_reply_count":0,"_bbp_total_topic_count":0,"_bbp_total_reply_count":0,"_bbp_voice_count":0,"_bbp_anonymous_reply_count":0,"_bbp_topic_count_hidden":0,"_bbp_reply_count_hidden":0,"_bbp_forum_subforum_count":0,"footnotes":""},"class_list":["post-8382","page","type-page","status-publish","hentry"],"translation":{"provider":"WPGlobus","version":"3.0.2","language":"de","enabled_languages":["en","de"],"languages":{"en":{"title":true,"content":true,"excerpt":false},"de":{"title":true,"content":true,"excerpt":false}}},"_links":{"self":[{"href":"https:\/\/mattzobricks.com\/de\/wp-json\/wp\/v2\/pages\/8382","targetHints":{"allow":["GET"]}}],"collection":[{"href":"https:\/\/mattzobricks.com\/de\/wp-json\/wp\/v2\/pages"}],"about":[{"href":"https:\/\/mattzobricks.com\/de\/wp-json\/wp\/v2\/types\/page"}],"author":[{"embeddable":true,"href":"https:\/\/mattzobricks.com\/de\/wp-json\/wp\/v2\/users\/1"}],"replies":[{"embeddable":true,"href":"https:\/\/mattzobricks.com\/de\/wp-json\/wp\/v2\/comments?post=8382"}],"version-history":[{"count":9,"href":"https:\/\/mattzobricks.com\/de\/wp-json\/wp\/v2\/pages\/8382\/revisions"}],"predecessor-version":[{"id":8418,"href":"https:\/\/mattzobricks.com\/de\/wp-json\/wp\/v2\/pages\/8382\/revisions\/8418"}],"up":[{"embeddable":true,"href":"https:\/\/mattzobricks.com\/de\/wp-json\/wp\/v2\/pages\/6949"}],"wp:attachment":[{"href":"https:\/\/mattzobricks.com\/de\/wp-json\/wp\/v2\/media?parent=8382"}],"curies":[{"name":"wp","href":"https:\/\/api.w.org\/{rel}","templated":true}]}}