{"id":91,"date":"2020-01-18T22:10:18","date_gmt":"2020-01-18T22:10:18","guid":{"rendered":"http:\/\/mattzobricks.com\/?page_id=91"},"modified":"2021-04-29T00:29:05","modified_gmt":"2021-04-28T22:29:05","slug":"layouts","status":"publish","type":"page","link":"https:\/\/mattzobricks.com\/de\/lego-track-planning\/layouts","title":{"rendered":"Beispiel-Gleispl\u00e4ne"},"content":{"rendered":"\n<p>Zu Deiner Inspiration habe ich auf dieser Website eine Reihe von Beispiel-Gleispl\u00e4nen bereitgestellt:<\/p>\n\n\n\n<ul class=\"wp-block-list\"><li>Einige einfache <a href=\"https:\/\/mattzobricks.com\/lego-track-planning\/layouts\/lego-sample-layouts\" data-type=\"page\" data-id=\"1865\">LEGO Gleisplanu<\/a><a href=\"https:\/\/mattzobricks.com\/de\/lego-track-planning\/layouts\/lego-sample-layouts\" data-type=\"page\">ng<\/a><a href=\"https:\/\/mattzobricks.com\/lego-track-planning\/layouts\/lego-sample-layouts\" data-type=\"page\" data-id=\"1865\">s-Beispiele<\/a>.<\/li><li>F\u00fcr Fortgeschrittene und Profis eine Reihe von <a href=\"https:\/\/mattzobricks.com\/de\/lego-track-planning\/layouts\/trixbrix-sample-layouts\" data-type=\"page\">TrixBrix Beispielen<\/a>.<\/li><li>F\u00fcr Schmalspur-Fans einige <a href=\"https:\/\/mattzobricks.com\/de\/lego-track-planning\/layouts\/trixbrix-narrow-gauge-layouts\" data-type=\"page\">Schmalspur-Beispiele<\/a><\/li><\/ul>\n\n\n\n<p>Viel Spa\u00df!<\/p>\n\n\n\n<figure class=\"wp-block-image size-large\"><img loading=\"lazy\" decoding=\"async\" width=\"1024\" height=\"677\" src=\"http:\/\/mattzobricks.com\/wp-content\/uploads\/2020\/02\/0150-1024x677.png\" alt=\"\" class=\"wp-image-186\" srcset=\"https:\/\/mattzobricks.com\/wp-content\/uploads\/2020\/02\/0150-1024x677.png 1024w, https:\/\/mattzobricks.com\/wp-content\/uploads\/2020\/02\/0150-300x198.png 300w, https:\/\/mattzobricks.com\/wp-content\/uploads\/2020\/02\/0150-768x508.png 768w, https:\/\/mattzobricks.com\/wp-content\/uploads\/2020\/02\/0150-1536x1016.png 1536w, https:\/\/mattzobricks.com\/wp-content\/uploads\/2020\/02\/0150-2048x1355.png 2048w\" sizes=\"auto, (max-width: 1024px) 100vw, 1024px\" \/><\/figure>\n","protected":false},"excerpt":{"rendered":"<p>Zu Deiner Inspiration habe ich auf dieser Website eine Reihe von Beispiel-Gleispl\u00e4nen bereitgestellt: Einige einfache LEGO Gleisplanungs-Beispiele. F\u00fcr Fortgeschrittene und Profis eine Reihe von TrixBrix Beispielen. F\u00fcr Schmalspur-Fans einige Schmalspur-Beispiele Viel Spa\u00df!<\/p>\n","protected":false},"author":1,"featured_media":0,"parent":95,"menu_order":100,"comment_status":"open","ping_status":"closed","template":"","meta":{"_bbp_topic_count":0,"_bbp_reply_count":0,"_bbp_total_topic_count":0,"_bbp_total_reply_count":0,"_bbp_voice_count":0,"_bbp_anonymous_reply_count":0,"_bbp_topic_count_hidden":0,"_bbp_reply_count_hidden":0,"_bbp_forum_subforum_count":0,"footnotes":""},"class_list":["post-91","page","type-page","status-publish","hentry"],"translation":{"provider":"WPGlobus","version":"3.0.2","language":"de","enabled_languages":["en","de"],"languages":{"en":{"title":true,"content":true,"excerpt":false},"de":{"title":true,"content":true,"excerpt":false}}},"_links":{"self":[{"href":"https:\/\/mattzobricks.com\/de\/wp-json\/wp\/v2\/pages\/91","targetHints":{"allow":["GET"]}}],"collection":[{"href":"https:\/\/mattzobricks.com\/de\/wp-json\/wp\/v2\/pages"}],"about":[{"href":"https:\/\/mattzobricks.com\/de\/wp-json\/wp\/v2\/types\/page"}],"author":[{"embeddable":true,"href":"https:\/\/mattzobricks.com\/de\/wp-json\/wp\/v2\/users\/1"}],"replies":[{"embeddable":true,"href":"https:\/\/mattzobricks.com\/de\/wp-json\/wp\/v2\/comments?post=91"}],"version-history":[{"count":85,"href":"https:\/\/mattzobricks.com\/de\/wp-json\/wp\/v2\/pages\/91\/revisions"}],"predecessor-version":[{"id":3248,"href":"https:\/\/mattzobricks.com\/de\/wp-json\/wp\/v2\/pages\/91\/revisions\/3248"}],"up":[{"embeddable":true,"href":"https:\/\/mattzobricks.com\/de\/wp-json\/wp\/v2\/pages\/95"}],"wp:attachment":[{"href":"https:\/\/mattzobricks.com\/de\/wp-json\/wp\/v2\/media?parent=91"}],"curies":[{"name":"wp","href":"https:\/\/api.w.org\/{rel}","templated":true}]}}