{"id":936,"date":"2020-10-24T18:28:29","date_gmt":"2020-10-24T18:28:29","guid":{"rendered":"http:\/\/mattzobricks.com\/?page_id=936"},"modified":"2024-04-30T11:02:49","modified_gmt":"2024-04-30T09:02:49","slug":"history","status":"publish","type":"page","link":"https:\/\/mattzobricks.com\/de\/automation\/overall-architecture\/history","title":{"rendered":"Geschichte"},"content":{"rendered":"\n<p>Auf dieser Seite findest Du Informationen \u00fcber die Geschichte unserer Automatisierungsprojekte.<\/p>\n\n\n\n<h2 class=\"wp-block-heading\">Mattzobricks Train Automation System 1.0<\/h2>\n\n\n\n<p>Wir haben in 2019 mit unserem ersten Ansatz einer LEGO Eisenbahn-Automatisierung begonnen. Das System basierte auf der Software nControl von 4DBrix. Die Software haben wir um etwa 1.500 Zeilen eigenen Programm-Code erweitert. Neben einigen 4DBrix Komponenten hatten wir eigene Controller gebaut, haupts\u00e4chlich um die geometrisch besseren Trixbrix-Weichen und Trixbrix-Signale unterst\u00fctzen zu k\u00f6nnen. Die Z\u00fcge fuhren mit 4DBrix WIFI Train Controllern und LEGO Powered-up Einheiten (meist 2 Motoren pro Zug).<\/p>\n\n\n\n<p>In diesem Video zeigen wir, wie unser erster Automatisierungs-Ansatz funktioniert hat:<\/p>\n\n\n\n<figure class=\"wp-block-embed is-type-video is-provider-youtube wp-block-embed-youtube wp-embed-aspect-16-9 wp-has-aspect-ratio\"><div class=\"wp-block-embed__wrapper\">\n<iframe loading=\"lazy\" title=\"Vollautomatische LEGO Eisenbahn: Live-Demo [de]\" width=\"819\" height=\"461\" src=\"https:\/\/www.youtube.com\/embed\/u6iYMDXIEKc?feature=oembed\" frameborder=\"0\" allow=\"accelerometer; autoplay; clipboard-write; encrypted-media; gyroscope; picture-in-picture\" allowfullscreen><\/iframe>\n<\/div><\/figure>\n\n\n\n<p>F\u00fcr den Anfang waren wir damit ganz zufrieden. Doch wir hatten Pl\u00e4ne f\u00fcr gr\u00f6\u00dfere und komplexere Anlagen. Au\u00dferdem hatten wir immer mehr \u00c4rger mit der nControl Software, die zunehmend instabiler und fehleranf\u00e4lliger wurde, und mit unseren wachsenden Anforderungen nicht mehr zurecht kam.<\/p>\n\n\n\n<p>Dass 4DBrix Anfang 2020 ohnehin den L\u00f6ffel fallen lie\u00df, bekr\u00e4ftigte uns in unserer Entscheidung, etwas Neues zu wagen.<\/p>\n\n\n\n<h2 class=\"wp-block-heading\">Mattzobricks Train Automation System 2.0<\/h2>\n\n\n\n<p>Mittlerweile haben wir nControl als Automatisierungs-Software ersetzt, da sich die Software als sperrig, instabil und fehleranf\u00e4llig erwiesen hat und bei gr\u00f6\u00dferen Anlagen schnell an Ihre Grenzen st\u00f6\u00dft. Stattdessen verwenden wir nun Rocrail.<\/p>\n\n\n\n<p>Rocrail ist eine kostenlose Software und erheblich leistungsf\u00e4higer, wenn es um die Automatisierung gr\u00f6\u00dferer und komplexer Modellbahnanlagen geht.<\/p>\n\n\n\n<p>In diesem Video zeigen wir, wie das funktioniert:<\/p>\n\n\n\n<figure class=\"wp-block-embed is-type-video is-provider-youtube wp-block-embed-youtube wp-embed-aspect-16-9 wp-has-aspect-ratio\"><div class=\"wp-block-embed__wrapper\">\n<iframe loading=\"lazy\" title=\"Lego Train Automation - Mattzobricks goes Rocrail [de]\" width=\"819\" height=\"461\" src=\"https:\/\/www.youtube.com\/embed\/MyiTIA5ZGpg?feature=oembed\" frameborder=\"0\" allow=\"accelerometer; autoplay; clipboard-write; encrypted-media; gyroscope; picture-in-picture\" allowfullscreen><\/iframe>\n<\/div><\/figure>\n\n\n\n<p>Wenn wir heute \u00fcber das Mattzobricks Train Automation System sprechen, meinen wir nur noch die Version 2.0.<\/p>\n\n\n\n<p>Auf den \u00fcber das Men\u00fc zu erreichenden Unterseiten gibt es auch noch weitere Infos zu Sensoren, Signalen, Weichen und unseren sogenannten &#8220;MattzoControllern&#8221;, die all dies steuern.<\/p>\n\n\n\n<p>Um keine Neuigkeiten zu verpassen, abonniert bitte unsere Social Media Kan\u00e4le!<\/p>\n\n\n\n<p>Infos \u00fcber einige mit unserer Technologie gebaute Anlagen gibt es au\u00dferdem auf der <a href=\"http:\/\/mattzobricks.com\/de\/projects\">Projekte<\/a> Seite!<\/p>\n\n\n\n<p>Wenn Ihr Teil der Mattzobricks Community werden m\u00f6chtet, so legt Euch einen Mattzobricks User Account an und nehmt an den Diskussionen im Forum teil!<\/p>\n\n\n\n<p>Wir w\u00fcnschen viel Erfolg beim Bau und der Automatisierung Eurer eigenen LEGO Eisenbahnanlage.<\/p>\n","protected":false},"excerpt":{"rendered":"<p>Auf dieser Seite findest Du Informationen \u00fcber die Geschichte unserer Automatisierungsprojekte. Mattzobricks Train Automation System 1.0 Wir haben in 2019 mit unserem ersten Ansatz einer LEGO Eisenbahn-Automatisierung begonnen. Das System basierte auf der Software nControl von 4DBrix. Die Software haben wir um etwa 1.500 Zeilen eigenen Programm-Code erweitert. Neben einigen [&hellip;]<\/p>\n","protected":false},"author":1,"featured_media":0,"parent":956,"menu_order":10,"comment_status":"open","ping_status":"closed","template":"","meta":{"_bbp_topic_count":0,"_bbp_reply_count":0,"_bbp_total_topic_count":0,"_bbp_total_reply_count":0,"_bbp_voice_count":0,"_bbp_anonymous_reply_count":0,"_bbp_topic_count_hidden":0,"_bbp_reply_count_hidden":0,"_bbp_forum_subforum_count":0,"footnotes":""},"class_list":["post-936","page","type-page","status-publish","hentry"],"translation":{"provider":"WPGlobus","version":"3.0.2","language":"de","enabled_languages":["en","de"],"languages":{"en":{"title":true,"content":true,"excerpt":false},"de":{"title":true,"content":true,"excerpt":false}}},"_links":{"self":[{"href":"https:\/\/mattzobricks.com\/de\/wp-json\/wp\/v2\/pages\/936","targetHints":{"allow":["GET"]}}],"collection":[{"href":"https:\/\/mattzobricks.com\/de\/wp-json\/wp\/v2\/pages"}],"about":[{"href":"https:\/\/mattzobricks.com\/de\/wp-json\/wp\/v2\/types\/page"}],"author":[{"embeddable":true,"href":"https:\/\/mattzobricks.com\/de\/wp-json\/wp\/v2\/users\/1"}],"replies":[{"embeddable":true,"href":"https:\/\/mattzobricks.com\/de\/wp-json\/wp\/v2\/comments?post=936"}],"version-history":[{"count":13,"href":"https:\/\/mattzobricks.com\/de\/wp-json\/wp\/v2\/pages\/936\/revisions"}],"predecessor-version":[{"id":4106,"href":"https:\/\/mattzobricks.com\/de\/wp-json\/wp\/v2\/pages\/936\/revisions\/4106"}],"up":[{"embeddable":true,"href":"https:\/\/mattzobricks.com\/de\/wp-json\/wp\/v2\/pages\/956"}],"wp:attachment":[{"href":"https:\/\/mattzobricks.com\/de\/wp-json\/wp\/v2\/media?parent=936"}],"curies":[{"name":"wp","href":"https:\/\/api.w.org\/{rel}","templated":true}]}}