{"id":938,"date":"2020-10-24T18:31:57","date_gmt":"2020-10-24T18:31:57","guid":{"rendered":"http:\/\/mattzobricks.com\/?page_id=938"},"modified":"2026-02-08T11:34:48","modified_gmt":"2026-02-08T10:34:48","slug":"level-crossings","status":"publish","type":"page","link":"https:\/\/mattzobricks.com\/de\/build\/level-crossings","title":{"rendered":"Bahn\u00fcberg\u00e4nge"},"content":{"rendered":"\n<p>Bahn\u00fcberg\u00e4nge sind Kreuzungen von Stra\u00dfen und Schienen auf gleicher Ebene. Die Installation beinhaltet typischerweise Schranken, Lichter oder beides.<\/p>\n\n\n\n<figure class=\"wp-block-image size-full\"><img loading=\"lazy\" decoding=\"async\" width=\"1920\" height=\"1080\" src=\"https:\/\/mattzobricks.com\/wp-content\/uploads\/2026\/01\/Mattzobricks-Level-Crossing-animated.gif\" alt=\"Automated level crossing for LEGO trains with boom barriers, St. Andrew\u2019s Cross (Andreaskreuz) and lights\" class=\"wp-image-8769\"\/><figcaption class=\"wp-element-caption\">Automatisierter Bahn\u00fcbergang f\u00fcr LEGO Eisenbahnen mit Schranken, Andreaskreuz und Warnleuchten<\/figcaption><\/figure>\n\n\n\n<p>Bahn\u00fcberg\u00e4nge werden im MattzoBricks Train Automation System 2.0 mit Hilfe von MattzoLayoutControllern gesteuert. Um einen Eindruck davon zu erhalten, haben wir ein h\u00fcbsches Video aufgenommen:<\/p>\n\n\n\n<figure class=\"wp-block-embed is-type-video is-provider-youtube wp-block-embed-youtube wp-embed-aspect-16-9 wp-has-aspect-ratio\"><div class=\"wp-block-embed__wrapper\">\n<iframe loading=\"lazy\" title=\"Lego Train Automation - Bahn\u00fcberg\u00e4nge [de]\" width=\"819\" height=\"461\" src=\"https:\/\/www.youtube.com\/embed\/CiQSk6chpQc?feature=oembed\" frameborder=\"0\" allow=\"accelerometer; autoplay; clipboard-write; encrypted-media; gyroscope; picture-in-picture; web-share\" referrerpolicy=\"strict-origin-when-cross-origin\" allowfullscreen><\/iframe>\n<\/div><figcaption class=\"wp-element-caption\">A nice video about Level Crossings and the MattzoLevelCrossingController<\/figcaption><\/figure>\n\n\n\n<p>Viel Spa\u00df!<\/p>\n\n\n\n<h2 class=\"wp-block-heading\">Features<\/h2>\n\n\n\n<p>Zur Steuerung von Bahn\u00fcberg\u00e4ngen im Mattzobricks Train Automation System 2.0 ben\u00f6tigt man einen <a type=\"page\" href=\"https:\/\/mattzobricks.com\/controllers\/mattzolayoutcontroller\" id=\"1983\">MattzoLayoutController<\/a>. Der <strong>MattzoLayoutController <\/strong>steuert unterschiedliche Komponenten auf der Anlage. Unter anderem ist er in der Lage, die typischen Komponenten eines Bahn\u00fcbergangs zu steuern, n\u00e4mlich Schranken, Lichter, Sensoren und sogar \u00dcberwachungssignale vom Typ B\u00fc.<\/p>\n\n\n\n<figure class=\"wp-block-image size-large\"><img loading=\"lazy\" decoding=\"async\" width=\"1024\" height=\"576\" src=\"https:\/\/mattzobricks.com\/wp-content\/uploads\/2024\/04\/Level-Crossing-Ogel-1024x576.jpg\" alt=\"Bahn\u00fcbergang auf MILS-Platte\" class=\"wp-image-6915\" srcset=\"https:\/\/mattzobricks.com\/wp-content\/uploads\/2024\/04\/Level-Crossing-Ogel-1024x576.jpg 1024w, https:\/\/mattzobricks.com\/wp-content\/uploads\/2024\/04\/Level-Crossing-Ogel-300x169.jpg 300w, https:\/\/mattzobricks.com\/wp-content\/uploads\/2024\/04\/Level-Crossing-Ogel-768x432.jpg 768w, https:\/\/mattzobricks.com\/wp-content\/uploads\/2024\/04\/Level-Crossing-Ogel-1536x864.jpg 1536w, https:\/\/mattzobricks.com\/wp-content\/uploads\/2024\/04\/Level-Crossing-Ogel.jpg 1920w\" sizes=\"auto, (max-width: 1024px) 100vw, 1024px\" \/><figcaption class=\"wp-element-caption\">Bahn\u00fcbergang auf MILS-Platte<\/figcaption><\/figure>\n\n\n\n<p>Im Bezug auf Bahn\u00fcberg\u00e4nge verf\u00fcgt der MattzoLayoutController \u00fcber die folgenden <strong>Features<\/strong>:<\/p>\n\n\n\n<ul class=\"wp-block-list\">\n<li>Arbeitet mit Rocrail oder eigenst\u00e4ndig (autonom).<\/li>\n\n\n\n<li>Unterst\u00fctzung f\u00fcr Prim\u00e4r- und Sekund\u00e4rschranken.<\/li>\n\n\n\n<li>Sekund\u00e4rschranken k\u00f6nnen verz\u00f6gert gesenkt werden.<\/li>\n\n\n\n<li>Alle Servo Start- und Endwinkel k\u00f6nnen frei konfiguriert werden.<\/li>\n\n\n\n<li>Die Schlie\u00df- und \u00d6ffnungsgeschwindigkeit der Schranken k\u00f6nnen frei konfiguriert werden.<\/li>\n\n\n\n<li>Rechts- oder Linksverkehr einstellbar (Orientierung der Prim\u00e4rschranken).<\/li>\n\n\n\n<li>Blinklichter mit einstellbarer Blinkgeschwindigkeit.<\/li>\n\n\n\n<li>W\u00e4hlbar als Blink- oder Blitzlichter.<\/li>\n\n\n\n<li>Intelligenter, leistungsf\u00e4higer und flexibler Achsz\u00e4hlmechanismus f\u00fcr autonomen Betrieb.<\/li>\n\n\n\n<li>Arbeitet in einer au\u00dfergew\u00f6hnlich hohen Anzahl unterschiedlicher Szenarien und Anlagenkonfigurationen.<\/li>\n\n\n\n<li>Unterst\u00fctzung f\u00fcr mehrere Gleise.<\/li>\n\n\n\n<li>Virtuelle Sensoren f\u00fcr sicheres Schlie\u00dfen der Schranken bevor der Zug den \u00dcbergang befahren darf.<\/li>\n\n\n\n<li>Unterst\u00fctzung f\u00fcr \u00dcberwachungssignale.<\/li>\n\n\n\n<li>Unterst\u00fctzung f\u00fcr unterschiedliche Hardware Deployment Szenarien.<\/li>\n\n\n\n<li>Basiert auf der <a type=\"page\" href=\"https:\/\/mattzobricks.com\/controllers\/mattzolayoutcontroller\" id=\"1983\">MattzoLayoutController<\/a> Firmware.<\/li>\n\n\n\n<li>Gemeinsame Code-Basis mit den anderen landbasierten MattzoControllern im MattzoBricks Train Automation System.<\/li>\n<\/ul>\n\n\n\n<figure class=\"wp-block-image size-large\"><img loading=\"lazy\" decoding=\"async\" width=\"1024\" height=\"621\" src=\"https:\/\/mattzobricks.com\/wp-content\/uploads\/2021\/04\/lci1-1024x621.png\" alt=\"\" class=\"wp-image-2951\" srcset=\"https:\/\/mattzobricks.com\/wp-content\/uploads\/2021\/04\/lci1-1024x621.png 1024w, https:\/\/mattzobricks.com\/wp-content\/uploads\/2021\/04\/lci1-300x182.png 300w, https:\/\/mattzobricks.com\/wp-content\/uploads\/2021\/04\/lci1-768x466.png 768w, https:\/\/mattzobricks.com\/wp-content\/uploads\/2021\/04\/lci1-1536x932.png 1536w, https:\/\/mattzobricks.com\/wp-content\/uploads\/2021\/04\/lci1-2048x1243.png 2048w\" sizes=\"auto, (max-width: 1024px) 100vw, 1024px\" \/><\/figure>\n\n\n\n<h2 class=\"wp-block-heading\">Wie man LEGO Bahn\u00fcberg\u00e4nge baut<\/h2>\n\n\n\n<h3 class=\"wp-block-heading\">Nachteile anderer Designs<\/h3>\n\n\n\n<p>Es gibt im Internet eine Reihe von attraktiven, gut aussehenden Designs f\u00fcr LEGO Bahn\u00fcberg\u00e4nge.<\/p>\n\n\n\n<p>Das Problem mit fast allen dieser Designs ist, dass sie nicht motorisierbar und automatisierbar sind, ohne das Design grundlegend zu \u00e4ndern und zu zerst\u00f6ren. Aus diesem Grunde ist es notwendig, eine sp\u00e4tere Motorisierung schon bei der Aufstellung der grundlegenden Designprinzipien zu verankern und mitzudenken.<\/p>\n\n\n\n<p>Ein weiteres Problem vieler Designs ist, dass sie nicht in das MILS System integrierbar sind, ohne erhebliche und aufwendige \u00c4nderungen am Design vorzunehmen. Dies schr\u00e4nkt die Verwendbarkeit dieser Designs beim Bau von LEGO-St\u00e4dten stark ein.<\/p>\n\n\n\n<h3 class=\"wp-block-heading\">Die Mattzobricks Design-Prinzipien f\u00fcr Bahn\u00fcberg\u00e4nge<\/h3>\n\n\n\n<p>Mattzobricks Bahn\u00fcberg\u00e4nge folgen einer Reihe klar definierter Design-Prinzipien, um die Design-Ziele Kompatibilit\u00e4t, Austauschbarkeit, Funktionalit\u00e4t, Realit\u00e4tsn\u00e4he und Automatisierung zu erreichen:<\/p>\n\n\n\n<ul class=\"wp-block-list\">\n<li>Basis ist eine MILS Platte.<\/li>\n\n\n\n<li>Die Breite der Platte (= Gleisl\u00e4nge) ist immer 32 Noppen.<\/li>\n\n\n\n<li>Die Tiefe der Platte (= Stra\u00dfenl\u00e4nge) h\u00e4ngt von der Anzahl der \u00fcberquerten Gleise ab, und betr\u00e4gt 16 Noppen pro Gleis (so hat z.B. ein doppelgleisiger \u00dcbergang 32 Noppen).<\/li>\n\n\n\n<li>Lichtraumprofil: 2 Noppen Abstand von Schwelle zu Hindernis.<\/li>\n\n\n\n<li>8 Noppen Gleisabstand (Standardabstand).<\/li>\n\n\n\n<li>Verringerter Gleisabstand (z.B. 4 Noppen) ist m\u00f6glich.<\/li>\n\n\n\n<li>Alles, was zum Bahn\u00fcbergang geh\u00f6rt, ist mit der MILS Platte verbunden. Objekte (wie Motoren und Schranken) d\u00fcrften \u00fcber die Grenze der MILS Platte reichen.<\/li>\n\n\n\n<li>Die Stra\u00dfe bleibt horizontal, um komplizierte Rampenkonstruktionen zu vermeiden.<\/li>\n\n\n\n<li>Das Gleis liegt eine Platte \u00fcber der Basisplatte.<\/li>\n\n\n\n<li>Die Motorisierung der Schrankenmotoren erfolgt mit Trixbrix Schranken Servos.<\/li>\n\n\n\n<li>Die Beleuchtung erfolgt mit Trixbrix Bahn\u00fcbergangs-Lichtern oder eigenen Lichtern.<\/li>\n<\/ul>\n\n\n\n<p>Aus diesen Design-Prinzipien ergibt sich quasi zwingend das folgende Basis-Layout:<\/p>\n\n\n\n<figure class=\"wp-block-image size-large\"><img loading=\"lazy\" decoding=\"async\" width=\"853\" height=\"1024\" src=\"https:\/\/mattzobricks.com\/wp-content\/uploads\/2026\/01\/MILS-Roadplate-32w-level-crossing-8w-top-view-853x1024.png\" alt=\"Layout of the Mattzobricks MILS level crossing - bird view\" class=\"wp-image-8794\" srcset=\"https:\/\/mattzobricks.com\/wp-content\/uploads\/2026\/01\/MILS-Roadplate-32w-level-crossing-8w-top-view-853x1024.png 853w, https:\/\/mattzobricks.com\/wp-content\/uploads\/2026\/01\/MILS-Roadplate-32w-level-crossing-8w-top-view-250x300.png 250w, https:\/\/mattzobricks.com\/wp-content\/uploads\/2026\/01\/MILS-Roadplate-32w-level-crossing-8w-top-view-768x922.png 768w, https:\/\/mattzobricks.com\/wp-content\/uploads\/2026\/01\/MILS-Roadplate-32w-level-crossing-8w-top-view.png 1000w\" sizes=\"auto, (max-width: 853px) 100vw, 853px\" \/><figcaption class=\"wp-element-caption\">Layout of the Mattzobricks MILS level crossing (32&#215;32 studs plus overlapping objects) &#8211; bird view<\/figcaption><\/figure>\n\n\n\n<figure class=\"wp-block-image size-large\"><img loading=\"lazy\" decoding=\"async\" width=\"1024\" height=\"576\" src=\"https:\/\/mattzobricks.com\/wp-content\/uploads\/2026\/01\/MILS-Roadplate-32w-level-crossing-8w-road-view-1024x576.png\" alt=\"Layout of the Mattzobricks MILS level crossing - sectional view \/ road\" class=\"wp-image-8820\" srcset=\"https:\/\/mattzobricks.com\/wp-content\/uploads\/2026\/01\/MILS-Roadplate-32w-level-crossing-8w-road-view-1024x576.png 1024w, https:\/\/mattzobricks.com\/wp-content\/uploads\/2026\/01\/MILS-Roadplate-32w-level-crossing-8w-road-view-300x169.png 300w, https:\/\/mattzobricks.com\/wp-content\/uploads\/2026\/01\/MILS-Roadplate-32w-level-crossing-8w-road-view-768x432.png 768w, https:\/\/mattzobricks.com\/wp-content\/uploads\/2026\/01\/MILS-Roadplate-32w-level-crossing-8w-road-view-1536x864.png 1536w, https:\/\/mattzobricks.com\/wp-content\/uploads\/2026\/01\/MILS-Roadplate-32w-level-crossing-8w-road-view.png 1920w\" sizes=\"auto, (max-width: 1024px) 100vw, 1024px\" \/><figcaption class=\"wp-element-caption\">Layout of the Mattzobricks MILS level crossing &#8211; sectional view \/ road<\/figcaption><\/figure>\n\n\n\n<p>Die \u00fcberlappenden Objekte liegen auf den benachbarten MILS-Stra\u00dfenplatten auf und f\u00fcgen sich in das Gesamtbild ein. Dies erm\u00f6glicht a) einen sehr kompakten Bau des Bahn\u00fcbergang ohne \u00fcbertriebenen Platzbedarf an den Stra\u00dfenseiten, und b), dass keine bahn\u00fcbergangsspezifischen Teile auf Nachbarplatten gebaut werden m\u00fcssen. So bleibt die jederzeitige Austauschbarkeit aller Platten gew\u00e4hrleistet, was wichtig bei \u00c4nderungen am Layout einer Stadt ist.<\/p>\n\n\n\n<figure class=\"wp-block-image size-large\"><img loading=\"lazy\" decoding=\"async\" width=\"1024\" height=\"576\" src=\"https:\/\/mattzobricks.com\/wp-content\/uploads\/2026\/01\/MILS-Roadplate-32w-level-crossing-8w-track-view-integrated-1024x576.png\" alt=\"Layout of the Mattzobricks MILS level crossing - sectional view \/ track\" class=\"wp-image-8821\" srcset=\"https:\/\/mattzobricks.com\/wp-content\/uploads\/2026\/01\/MILS-Roadplate-32w-level-crossing-8w-track-view-integrated-1024x576.png 1024w, https:\/\/mattzobricks.com\/wp-content\/uploads\/2026\/01\/MILS-Roadplate-32w-level-crossing-8w-track-view-integrated-300x169.png 300w, https:\/\/mattzobricks.com\/wp-content\/uploads\/2026\/01\/MILS-Roadplate-32w-level-crossing-8w-track-view-integrated-768x432.png 768w, https:\/\/mattzobricks.com\/wp-content\/uploads\/2026\/01\/MILS-Roadplate-32w-level-crossing-8w-track-view-integrated-1536x864.png 1536w, https:\/\/mattzobricks.com\/wp-content\/uploads\/2026\/01\/MILS-Roadplate-32w-level-crossing-8w-track-view-integrated.png 1920w\" sizes=\"auto, (max-width: 1024px) 100vw, 1024px\" \/><figcaption class=\"wp-element-caption\">Layout of the Mattzobricks MILS level crossing &#8211; sectional view \/ track<\/figcaption><\/figure>\n\n\n\n<h2 class=\"wp-block-heading\">Mattzobricks Level Crossing Designs<\/h2>\n\n\n\n<h3 class=\"wp-block-heading\">Design Optionen<\/h3>\n\n\n\n<p>Basierend auf dem Mattzobricks Bahn\u00fcbergangs-Design gibt es eine Reihe von Optionen und Variationen beim der Bahn\u00fcbergangs-Anlage:<\/p>\n\n\n\n<ul class=\"wp-block-list\">\n<li>Anzahl Gleise\n<ul class=\"wp-block-list\">\n<li>Meist 1 oder 2<\/li>\n\n\n\n<li>Bei Gleisabstand 8 Noppen erweitert jedes zus\u00e4tzliche Gleis die Basisplatte um 16 Noppen in Stra\u00dfenrichtung.<\/li>\n<\/ul>\n<\/li>\n\n\n\n<li>Gleisabstand\n<ul class=\"wp-block-list\">\n<li>Normalerweise 8 Noppen<\/li>\n\n\n\n<li>Verringerter Gleisabstand ist m\u00f6glich.<\/li>\n<\/ul>\n<\/li>\n\n\n\n<li>Warnlichter\n<ul class=\"wp-block-list\">\n<li>Keine<\/li>\n\n\n\n<li>Trixbrix Lichter<\/li>\n\n\n\n<li>Eigene Lichter<\/li>\n<\/ul>\n<\/li>\n\n\n\n<li>Schranken\n<ul class=\"wp-block-list\">\n<li>Keine<\/li>\n\n\n\n<li>Nur Prim\u00e4rschranken (nur auf einer Seite der Stra\u00dfe).<\/li>\n\n\n\n<li>Prim\u00e4r- und Sekund\u00e4rschranken.<\/li>\n<\/ul>\n<\/li>\n\n\n\n<li>Andreaskreuz\n<ul class=\"wp-block-list\">\n<li>ja \/ nein<\/li>\n<\/ul>\n<\/li>\n<\/ul>\n\n\n\n<p>Im folgenden zeigen wir ein paar Designs (alle doppelgleisig).<\/p>\n\n\n\n<h3 class=\"wp-block-heading\">Einfacher Bahn\u00fcbergang<\/h3>\n\n\n\n<p>Diese Bauoption hat keine beweglichen Teile und Lichter. Sie ist sehr einfach zu bauen<\/p>\n\n\n\n<figure class=\"wp-block-image size-large\"><img loading=\"lazy\" decoding=\"async\" width=\"1024\" height=\"576\" src=\"https:\/\/mattzobricks.com\/wp-content\/uploads\/2026\/01\/MILS-Roadplate-32w-level-crossing-8w-plain-1024x576.png\" alt=\"Simple Mattzobricks Level Crossing for LEGO trains with St. Andrew\u2019s Cross (Andreaskreuz)\" class=\"wp-image-8795\" srcset=\"https:\/\/mattzobricks.com\/wp-content\/uploads\/2026\/01\/MILS-Roadplate-32w-level-crossing-8w-plain-1024x576.png 1024w, https:\/\/mattzobricks.com\/wp-content\/uploads\/2026\/01\/MILS-Roadplate-32w-level-crossing-8w-plain-300x169.png 300w, https:\/\/mattzobricks.com\/wp-content\/uploads\/2026\/01\/MILS-Roadplate-32w-level-crossing-8w-plain-768x432.png 768w, https:\/\/mattzobricks.com\/wp-content\/uploads\/2026\/01\/MILS-Roadplate-32w-level-crossing-8w-plain-1536x864.png 1536w, https:\/\/mattzobricks.com\/wp-content\/uploads\/2026\/01\/MILS-Roadplate-32w-level-crossing-8w-plain-2048x1152.png 2048w\" sizes=\"auto, (max-width: 1024px) 100vw, 1024px\" \/><figcaption class=\"wp-element-caption\">Simple Mattzobricks Level Crossing for LEGO trains with St. Andrew\u2019s Cross (Andreaskreuz)<\/figcaption><\/figure>\n\n\n\n<h3 class=\"wp-block-heading\">Bahn\u00fcberg\u00e4nge mit eigenen Lichtern<\/h3>\n\n\n\n<p>Diese Option verwendet keine Schranken, aber Warnlichter oberhalb des Andreaskreuz. Zu sehen ist das Design eines typischen deutschen Bahn\u00fcbergangs.<\/p>\n\n\n\n<figure class=\"wp-block-image size-large\"><img loading=\"lazy\" decoding=\"async\" width=\"1024\" height=\"576\" src=\"https:\/\/mattzobricks.com\/wp-content\/uploads\/2026\/01\/MILS-Roadplate-32w-level-crossing-8w-lights-only-1024x576.png\" alt=\"Mattzobricks Level Crossing for LEGO trains with St. Andrew\u2019s Cross (Andreaskreuz) and top lights\" class=\"wp-image-8796\" srcset=\"https:\/\/mattzobricks.com\/wp-content\/uploads\/2026\/01\/MILS-Roadplate-32w-level-crossing-8w-lights-only-1024x576.png 1024w, https:\/\/mattzobricks.com\/wp-content\/uploads\/2026\/01\/MILS-Roadplate-32w-level-crossing-8w-lights-only-300x169.png 300w, https:\/\/mattzobricks.com\/wp-content\/uploads\/2026\/01\/MILS-Roadplate-32w-level-crossing-8w-lights-only-768x432.png 768w, https:\/\/mattzobricks.com\/wp-content\/uploads\/2026\/01\/MILS-Roadplate-32w-level-crossing-8w-lights-only-1536x864.png 1536w, https:\/\/mattzobricks.com\/wp-content\/uploads\/2026\/01\/MILS-Roadplate-32w-level-crossing-8w-lights-only-2048x1152.png 2048w\" sizes=\"auto, (max-width: 1024px) 100vw, 1024px\" \/><figcaption class=\"wp-element-caption\">Mattzobricks Level Crossing for LEGO trains with St. Andrew\u2019s Cross (Andreaskreuz) and top lights<\/figcaption><\/figure>\n\n\n\n<h3 class=\"wp-block-heading\">Bahn\u00fcberg\u00e4nge mit Trixbrix Schranken und Trixbrix Warnleuchten<\/h3>\n\n\n\n<p>Diese Option verwendet Trixbrix Schranken und Warnleuchten. Diese Nicht-LEGO-Teile k\u00f6nnen auf trixbrix.eu erworben werden.<\/p>\n\n\n\n<figure class=\"wp-block-image size-full\"><img loading=\"lazy\" decoding=\"async\" width=\"1920\" height=\"1080\" src=\"https:\/\/mattzobricks.com\/wp-content\/uploads\/2026\/01\/Mattzobricks-Level-Crossing-animated.gif\" alt=\"Automated level crossing for LEGO trains with boom barriers, St. Andrew\u2019s Cross (Andreaskreuz) and lights\" class=\"wp-image-8769\"\/><figcaption class=\"wp-element-caption\">Automated level crossing for LEGO trains with boom barriers, St. Andrew\u2019s Cross (Andreaskreuz) and lights<\/figcaption><\/figure>\n\n\n\n<p>Die Trixbrix Warnleuchten haben den Vorteil, dass sie fertig und verkabelt ausgeliefert werden.<\/p>\n\n\n\n<h3 class=\"wp-block-heading\">Bahn\u00fcberg\u00e4nge mit Trixbrix Schranken und eigenen Lichtern<\/h3>\n\n\n\n<p>F\u00fcr den letzten Feinschliff kann man die Trixbrix Lichter durch eigene Lichter ersetzen, um ein landesspezifisches Design m\u00f6glichst realit\u00e4tsnah nachzubilden.<\/p>\n\n\n\n<p>F\u00fcr Deutschland k\u00f6nnte das Design wie folgt aussehen:<\/p>\n\n\n\n<figure class=\"wp-block-image size-full\"><img loading=\"lazy\" decoding=\"async\" width=\"1920\" height=\"1080\" src=\"https:\/\/mattzobricks.com\/wp-content\/uploads\/2026\/01\/Mattzobricks-Level-Crossing-animated-Top-Lights.gif\" alt=\"Automated level crossing for LEGO trains with boom barriers, St. Andrew\u2019s Cross (Andreaskreuz) and top lights\" class=\"wp-image-8782\"\/><figcaption class=\"wp-element-caption\">Automated level crossing for LEGO trains with boom barriers, St. Andrew\u2019s Cross (Andreaskreuz) and top lights<\/figcaption><\/figure>\n\n\n\n<p>Eigene Lichter baut man typischerweise mit SMD LEDs und verdrahtet sie mir Kupferlackdraht.<\/p>\n\n\n\n<h3 class=\"wp-block-heading\">Lokf\u00fchrer\u00fcberwachter Bahn\u00fcbergang (Lo-Anlage)<\/h3>\n\n\n\n<p>Ein\u00a0<strong>lokf\u00fchrer\u00fcberwachter Bahn\u00fcbergang (Lo-Anlage)<\/strong>\u00a0ist eine Art von technisch gesichertem Bahn\u00fcbergang, bei dem der Zustand der Sicherungsanlage dem Lokf\u00fchrer \u00fcber ein Signal angezeigt wird. Der Triebfahrzeugf\u00fchrer \u00fcbernimmt hierbei eine aktive Kontroll- und \u00dcberwachungsfunktion, indem er anhand des Kontrollsignals erkennt, ob er den \u00dcbergang befahren darf.<\/p>\n\n\n\n<p>Das daf\u00fcr notwendige <strong>\u00dcberwachungssignal f\u00fcr Bahn\u00fcberg\u00e4nge (B\u00fc)<\/strong> gibt es in verschiedenen Ausf\u00fchrungen. Meist besteht das Signal aus einer schwarzen Signaltafel, hat in unteren Bereich ein oder zwei gelbe Scheiben oder Dauerlichter. Das wei\u00dfe Blinklicht im oberen Teil blinkt, falls der Bahn\u00fcbergang gesichert ist. Falls die wei\u00dfe Leuchte nicht blinkt, so muss vor dem Bahn\u00fcbergang angehalten werden und die Sicherung des B\u00dc anderweitig vorgenommen werden.<\/p>\n\n\n\n<p>Hier ein Beispiel f\u00fcr ein LEGO \u00dcberwachungssignal f\u00fcr Bahn\u00fcberg\u00e4nge:<\/p>\n\n\n<div class=\"wp-block-image\">\n<figure class=\"aligncenter size-large\"><img loading=\"lazy\" decoding=\"async\" width=\"576\" height=\"1024\" src=\"https:\/\/mattzobricks.com\/wp-content\/uploads\/2026\/02\/Bu1-signal-front-576x1024.png\" alt=\"\u00dcberwachungssignal f\u00fcr Bahn\u00fcberg\u00e4nge (B\u00fc) aus LEGO\" class=\"wp-image-8871\" srcset=\"https:\/\/mattzobricks.com\/wp-content\/uploads\/2026\/02\/Bu1-signal-front-576x1024.png 576w, https:\/\/mattzobricks.com\/wp-content\/uploads\/2026\/02\/Bu1-signal-front-169x300.png 169w, https:\/\/mattzobricks.com\/wp-content\/uploads\/2026\/02\/Bu1-signal-front-768x1365.png 768w, https:\/\/mattzobricks.com\/wp-content\/uploads\/2026\/02\/Bu1-signal-front-864x1536.png 864w, https:\/\/mattzobricks.com\/wp-content\/uploads\/2026\/02\/Bu1-signal-front.png 1080w\" sizes=\"auto, (max-width: 576px) 100vw, 576px\" \/><figcaption class=\"wp-element-caption\">\u00dcberwachungssignal f\u00fcr Bahn\u00fcberg\u00e4nge (B\u00fc) aus LEGO<\/figcaption><\/figure>\n<\/div>\n\n\n<p>Zusammen mit dem Bahn\u00fcbergang k\u00f6nnte dies auf unserer LEGO-Eisenbahn dann so aussehen:<\/p>\n\n\n<div class=\"wp-block-image\">\n<figure class=\"aligncenter size-full\"><img loading=\"lazy\" decoding=\"async\" width=\"1920\" height=\"1080\" src=\"https:\/\/mattzobricks.com\/wp-content\/uploads\/2026\/02\/Mattzobricks-Level-Crossing-animated-Top-Lights-with-Bu1-signal.gif\" alt=\"Mattzobricks Bahn\u00fcbergang mit \u00dcberwachungssignal f\u00fcr Bahn\u00fcberg\u00e4nge (B\u00fc)\" class=\"wp-image-8868\"\/><figcaption class=\"wp-element-caption\">Mattzobricks Bahn\u00fcbergang mit \u00dcberwachungssignal f\u00fcr Bahn\u00fcberg\u00e4nge (B\u00fc)<\/figcaption><\/figure>\n<\/div>\n\n\n<h2 class=\"wp-block-heading\">Sound<\/h2>\n\n\n\n<p>Bahn\u00fcbergangsger\u00e4usche wie Glockengel\u00e4ut l\u00e4sst sich direkt \u00fcber Rocrail abspielen. Dazu einfach eine gef\u00e4llige Klangdatei aussuchen und \u00fcber PC-Lautsprecher in der N\u00e4he des \u00dcbergangs abspielen.<\/p>\n\n\n\n<h2 class=\"wp-block-heading\">System Integration<\/h2>\n\n\n\n<p>Bahn\u00fcberg\u00e4nge sind im MattzoBricks Train Automation System 2.0 wie folgt integriert:<\/p>\n\n\n\n<figure class=\"wp-block-image size-large\"><img loading=\"lazy\" decoding=\"async\" width=\"1024\" height=\"510\" src=\"https:\/\/mattzobricks.com\/wp-content\/uploads\/2021\/12\/MTAS-5-Level-Crossings-1024x510.png\" alt=\"MattzoBricks Train Automation System: Bahn\u00fcberg\u00e4nge\" class=\"wp-image-4087\" srcset=\"https:\/\/mattzobricks.com\/wp-content\/uploads\/2021\/12\/MTAS-5-Level-Crossings-1024x510.png 1024w, https:\/\/mattzobricks.com\/wp-content\/uploads\/2021\/12\/MTAS-5-Level-Crossings-300x149.png 300w, https:\/\/mattzobricks.com\/wp-content\/uploads\/2021\/12\/MTAS-5-Level-Crossings-768x382.png 768w, https:\/\/mattzobricks.com\/wp-content\/uploads\/2021\/12\/MTAS-5-Level-Crossings.png 1109w\" sizes=\"auto, (max-width: 1024px) 100vw, 1024px\" \/><figcaption class=\"wp-element-caption\">MattzoBricks Train Automation System: Bahn\u00fcberg\u00e4nge<\/figcaption><\/figure>\n\n\n\n<h2 class=\"wp-block-heading\">Bauanleitung, Firmware, Konfiguration usw.<\/h2>\n\n\n\n<p>F\u00fcr die Steuerung von Bahn\u00fcberg\u00e4ngen braucht man einen MattzoLayoutController. Die Bauanleitung, Firmware, Konfigurationanleitung usw. gibt es <a href=\"https:\/\/mattzobricks.com\/automation\/mattzolayoutcontroller\/mattzolevelcrossingcontroller\" type=\"page\" id=\"1226\">hier<\/a>.<\/p>\n\n\n\n<h2 class=\"wp-block-heading\">Danksagung<\/h2>\n\n\n\n<p>Danke an MattzoBricks Core Developer Markus f\u00fcr seine hilfreichen Beitr\u00e4ge.<\/p>\n","protected":false},"excerpt":{"rendered":"<p>Bahn\u00fcberg\u00e4nge sind Kreuzungen von Stra\u00dfen und Schienen auf gleicher Ebene. Die Installation beinhaltet typischerweise Schranken, Lichter oder beides. Bahn\u00fcberg\u00e4nge werden im MattzoBricks Train Automation System 2.0 mit Hilfe von MattzoLayoutControllern gesteuert. Um einen Eindruck davon zu erhalten, haben wir ein h\u00fcbsches Video aufgenommen: Viel Spa\u00df! Features Zur Steuerung von Bahn\u00fcberg\u00e4ngen [&hellip;]<\/p>\n","protected":false},"author":1,"featured_media":0,"parent":6949,"menu_order":150,"comment_status":"closed","ping_status":"closed","template":"","meta":{"_bbp_topic_count":0,"_bbp_reply_count":0,"_bbp_total_topic_count":0,"_bbp_total_reply_count":0,"_bbp_voice_count":0,"_bbp_anonymous_reply_count":0,"_bbp_topic_count_hidden":0,"_bbp_reply_count_hidden":0,"_bbp_forum_subforum_count":0,"footnotes":""},"class_list":["post-938","page","type-page","status-publish","hentry"],"translation":{"provider":"WPGlobus","version":"3.0.2","language":"de","enabled_languages":["en","de"],"languages":{"en":{"title":true,"content":true,"excerpt":false},"de":{"title":true,"content":true,"excerpt":false}}},"_links":{"self":[{"href":"https:\/\/mattzobricks.com\/de\/wp-json\/wp\/v2\/pages\/938","targetHints":{"allow":["GET"]}}],"collection":[{"href":"https:\/\/mattzobricks.com\/de\/wp-json\/wp\/v2\/pages"}],"about":[{"href":"https:\/\/mattzobricks.com\/de\/wp-json\/wp\/v2\/types\/page"}],"author":[{"embeddable":true,"href":"https:\/\/mattzobricks.com\/de\/wp-json\/wp\/v2\/users\/1"}],"replies":[{"embeddable":true,"href":"https:\/\/mattzobricks.com\/de\/wp-json\/wp\/v2\/comments?post=938"}],"version-history":[{"count":75,"href":"https:\/\/mattzobricks.com\/de\/wp-json\/wp\/v2\/pages\/938\/revisions"}],"predecessor-version":[{"id":8886,"href":"https:\/\/mattzobricks.com\/de\/wp-json\/wp\/v2\/pages\/938\/revisions\/8886"}],"up":[{"embeddable":true,"href":"https:\/\/mattzobricks.com\/de\/wp-json\/wp\/v2\/pages\/6949"}],"wp:attachment":[{"href":"https:\/\/mattzobricks.com\/de\/wp-json\/wp\/v2\/media?parent=938"}],"curies":[{"name":"wp","href":"https:\/\/api.w.org\/{rel}","templated":true}]}}