{"id":95,"date":"2020-01-18T22:14:02","date_gmt":"2020-01-18T22:14:02","guid":{"rendered":"http:\/\/mattzobricks.com\/?page_id=95"},"modified":"2024-04-28T23:57:49","modified_gmt":"2024-04-28T21:57:49","slug":"lego-track-planning","status":"publish","type":"page","link":"https:\/\/mattzobricks.com\/de\/lego-track-planning","title":{"rendered":"Gleisplanung"},"content":{"rendered":"\n<p>Bevor man eine komplexere LEGO Eisenbahnanlage baut, ist es hilfreich, die Anlage zun\u00e4chst am Computer zu planen. Der Computer hilft dabei, funktionierende Geometrien zu finden und sicherzustellen, dass die Anlage auf dem verf\u00fcgbaren Raum gebaut werden kann. Die Software hilft auch, die ben\u00f6tigten Gleise zu z\u00e4hlen.<\/p>\n\n\n\n<h2 class=\"wp-block-heading\">Welche Software soll ich verwenden?<\/h2>\n\n\n\n<p>F\u00fcr die Planung von LEGO Eisenbahnanlagen gibt es im Wesentlichen zwei ernsthafte Optionen:<\/p>\n\n\n\n<ul class=\"wp-block-list\"><li><strong><a href=\"https:\/\/mattzobricks.com\/de\/lego-track-planning\/bluebrick\" data-type=\"page\">Bluebrick<\/a><\/strong> von Alban Nanty ist ein sehr gutes Werkzeug f\u00fcr die Planung von LEGO Eisenbahnanlagen in 2D.<\/li><li>Das <strong><a href=\"https:\/\/mattzobricks.com\/de\/lego-track-planning\/3d-train-studio\" data-type=\"page\">3D-Modellbahn Studio<\/a><\/strong> ist eine professionelle Software f\u00fcr 2D und 3D <strong>Gleisplanung <\/strong>und <strong>Anlagensimulation<\/strong>.<\/li><\/ul>\n","protected":false},"excerpt":{"rendered":"<p>Bevor man eine komplexere LEGO Eisenbahnanlage baut, ist es hilfreich, die Anlage zun\u00e4chst am Computer zu planen. Der Computer hilft dabei, funktionierende Geometrien zu finden und sicherzustellen, dass die Anlage auf dem verf\u00fcgbaren Raum gebaut werden kann. Die Software hilft auch, die ben\u00f6tigten Gleise zu z\u00e4hlen. Welche Software soll ich [&hellip;]<\/p>\n","protected":false},"author":1,"featured_media":0,"parent":0,"menu_order":10,"comment_status":"open","ping_status":"closed","template":"","meta":{"_bbp_topic_count":0,"_bbp_reply_count":0,"_bbp_total_topic_count":0,"_bbp_total_reply_count":0,"_bbp_voice_count":0,"_bbp_anonymous_reply_count":0,"_bbp_topic_count_hidden":0,"_bbp_reply_count_hidden":0,"_bbp_forum_subforum_count":0,"footnotes":""},"class_list":["post-95","page","type-page","status-publish","hentry"],"translation":{"provider":"WPGlobus","version":"3.0.2","language":"de","enabled_languages":["en","de"],"languages":{"en":{"title":true,"content":true,"excerpt":false},"de":{"title":true,"content":true,"excerpt":false}}},"_links":{"self":[{"href":"https:\/\/mattzobricks.com\/de\/wp-json\/wp\/v2\/pages\/95","targetHints":{"allow":["GET"]}}],"collection":[{"href":"https:\/\/mattzobricks.com\/de\/wp-json\/wp\/v2\/pages"}],"about":[{"href":"https:\/\/mattzobricks.com\/de\/wp-json\/wp\/v2\/types\/page"}],"author":[{"embeddable":true,"href":"https:\/\/mattzobricks.com\/de\/wp-json\/wp\/v2\/users\/1"}],"replies":[{"embeddable":true,"href":"https:\/\/mattzobricks.com\/de\/wp-json\/wp\/v2\/comments?post=95"}],"version-history":[{"count":120,"href":"https:\/\/mattzobricks.com\/de\/wp-json\/wp\/v2\/pages\/95\/revisions"}],"predecessor-version":[{"id":3619,"href":"https:\/\/mattzobricks.com\/de\/wp-json\/wp\/v2\/pages\/95\/revisions\/3619"}],"wp:attachment":[{"href":"https:\/\/mattzobricks.com\/de\/wp-json\/wp\/v2\/media?parent=95"}],"curies":[{"name":"wp","href":"https:\/\/api.w.org\/{rel}","templated":true}]}}